{"id":3027,"date":"2022-07-22T18:00:47","date_gmt":"2022-07-22T16:00:47","guid":{"rendered":"https:\/\/clinicadentalpalazon.com\/politica-de-privacitat-en-xarxes-socials\/"},"modified":"2022-07-22T18:16:30","modified_gmt":"2022-07-22T16:16:30","slug":"politica-de-privacitat-en-xarxes-socials","status":"publish","type":"page","link":"https:\/\/clinicadentalpalazon.com\/ca\/politica-de-privacitat-en-xarxes-socials\/","title":{"rendered":"Pol\u00edtica de privacitat en xarxes socials"},"content":{"rendered":"\n<h2>POL\u00cdTICA DE PRIVACITAT XARXES SOCIALS<\/h2>\n<p><strong> <\/strong><\/p>\n<p><strong> <\/strong><\/p>\n<h2>1. INFORMACI\u00d3 A L&#8217;USUARI<\/h2>\n<p><strong> <\/strong><\/p>\n<h4>Qui \u00e9s el responsable del tractament de les teves dades personals?<\/h4>\n<p><strong> <\/strong><\/p>\n<p>GERARD PALAZ\u00d3N LOPEZ, d\u2019ara endavant, el <strong>RESPONSABLE<\/strong>, informa l\u2019<strong>USUARIO <\/strong> que ha procedit a crear un perfil a les xarxes socials Facebook, Instagram, Twitter, LinkedIn, Youtube, Vimeo i Google+, que \u00e9s el responsable del tractament de les dades personals de l\u2019usuari que es dugui a terme en aquestes xarxes socials i l\u2019informa que aquestes dades es tractaran de conformitat amb el que disposa el Reglament (UE) 2016\/679, de 27 d\u2019abril (GDPR), i la Llei Org\u00e0nica 3\/2018, de 5 de desembre (LOPDGDD), per la qual cosa se li facilita la seg\u00fcent informaci\u00f3 del tractament:<\/p>\n<p> <\/p>\n<h4>Amb quines finalitats fem el tractament de les teves dades personals?<\/h4>\n<p><strong>Finalitat del tractament<\/strong>: mantenir una relaci\u00f3 entre l\u2019USUARI i el RESPONSABLE que pot incloure les seg\u00fcents operacions:<\/p>\n<p>Informar sobre activitats i esdeveniments organitzats pel responsable Informar sobre productes o serveis oferts pel responsable. Interactuar a trav\u00e9s dels perfils oficials.<\/p>\n<p> <\/p>\n<h4>Per quin motiu podem fer el tractament de les teves dades personals?<\/h4>\n<p><strong> <\/strong><\/p>\n<p><strong>Base jur\u00eddica del tractament<\/strong>: article 6.1.a GDPR, l\u2019interessat ha donat el seu consentiment per al tractament de les seves dades personals per a una o diverses finalitats espec\u00edfiques. L\u2019usuari disposa d\u2019un perfil a la mateixa xarxa social i ha decidit unir-se a la xarxa social del RESPONSABLE, tot mostrant inter\u00e8s en la informaci\u00f3 que s\u2019hi publiqui, per tant, a l\u2019hora de sol\u00b7licitar seguir els nostres perfils oficials, ens facilita el consentiment per al tractament de les dades personals publicades en el seu perfil.<\/p>\n<p> <\/p>\n<p>L\u2019USUARI pot accedir en qualsevol moment a les pol\u00edtiques de privacitat de la mateixa xarxa social,i configurar el seu perfil per garantir la seva privacitat.<\/p>\n<p> <\/p>\n<p>El RESPONSABLE t\u00e9 acc\u00e9s i tracta la informaci\u00f3 p\u00fablica de l\u2019USUARI, especialment, el seu nom de contacte. Aquestes dades nom\u00e9s s\u2019utilitzen dins de la pr\u00f2pia xarxa social \u00fanicament s\u2019incorporaran a un fitxer del RESPONSABLE quan sigui necessari per tramitar la sol\u00b7licitud de l\u2019USUARI.<\/p>\n<p> <\/p>\n<h4>Durant quant de temps guardarem les teves dades personals?<\/h4>\n<p><strong> <\/strong><\/p>\n<p><strong>Criteris de conservaci\u00f3 de les dades<\/strong>: es conservaran mentre l\u2019USUARI no revoqui el consentiment prestat tal com s\u2019indica en aquesta pol\u00edtica de privacitat.<\/p>\n<p> <\/p>\n<h4>A qui facilitem les teves dades personals?<\/h4>\n<p><strong> <\/strong><\/p>\n<p><strong>Comunicaci\u00f3 de les dades<\/strong>: la informaci\u00f3 facilitada per l\u2019usuari a trav\u00e9s de les xarxes socials del RESPONSABLE, incloses les seves dades personals, pot ser publicada, sempre en funci\u00f3 dels serveis que l\u2019USUARI faci servir, de manera que podr\u00e0 quedar a disposici\u00f3 p\u00fablica d\u2019altres tercers usuaris de les xarxes socials. Des del perfil de cada xarxa social, l\u2019USUARI pot configurar la informaci\u00f3 que vulgui fer p\u00fablica en cada cas, veure els permisos que s\u2019han concedit, eliminar-los o desactivar-los, com ara qualsevol aplicaci\u00f3 d\u2019un tercer que ja no es vulgui utilitzar.<\/p>\n<p> <\/p>\n<p>No est\u00e0 prevista cap comunicaci\u00f3 de dades personals a tercers fora de la xarxa social excepte, si fos imprescindible per al desenvolupament i execuci\u00f3 de les finalitats del tractament, als nostres prove\u00efdors de serveis relacionats amb comunicacions, amb els quals el RESPONSABLE ha formalitzat els contractes de confidencialitat i d\u2019encarregat de tractament exigits per la normativa vigent de privacitat.<\/p>\n<p> <\/p>\n<h4>Quins s\u00f3n els teus drets?<\/h4>\n<p><strong> <\/strong><\/p>\n<p><strong>Drets que t\u00e9 l\u2019usuari<\/strong>: nom\u00e9s es podran exercir en relaci\u00f3 a la informaci\u00f3 que es trobi sota el control del RESPONSABLE.<\/p>\n<p> <\/p>\n<ul>\n<li>Dret a retirar el consentiment en qualsevol moment.<\/li>\n<li>Dret a retirar el consentiment en qualsevol moment.<\/li>\n<li>Dret d&#8217;acc\u00e9s, rectificaci\u00f3, portabilitat i supressi\u00f3 de les seves dades, i de limitaci\u00f3 o oposici\u00f3 al seu tractament. Dret a presentar una reclamaci\u00f3 davant l\u2019autoritat de control (www.aepd.es) si considera que el tractament no s\u2019ajusta a la normativa vigent.<\/li>\n<\/ul>\n<p> <\/p>\n<p><strong>Dades de contacte per a exercir els seus drets<\/strong>:<\/p>\n<p> <\/p>\n<p>GERARD PALAZ\u00d3N LOPEZ. Rambla Nona, 111 3\u00ba 4\u00aa &#8211; 43001 Tarragona. E-mail: <a href=\"mailto:info@clinicadentalpalazon.com\">info@clinicadentalpalazon.com<\/a><\/p>\n<p>Dades de contacte del delegat de protecci\u00f3 de dades: Carrer Tortosa 14 \u2013 43839 Creixell (Tarragona) \u2013 <a href=\"mailto:info@datagestio.es\">info@datagestio.es<\/a><\/p>\n<p> <\/p>\n<p> <\/p>\n<h2>2. \u00daS DEL PERFIL<\/h2>\n<p><strong> <\/strong><\/p>\n<p>El RESPONSABLE far\u00e0 les seg\u00fcents accions:<\/p>\n<p> <\/p>\n<ul>\n<li>Acc\u00e9s a la informaci\u00f3 p\u00fablica del perfil.<\/li>\n<li>Publicaci\u00f3 en el perfil de l&#8217;USUARI de tota aquella informaci\u00f3 ja publicada en la xarxa social del RESPONSABLE.<\/li>\n<li>Enviar missatges personals i individuals a trav\u00e9s dels canals de la xarxa social.<\/li>\n<li>Actualitzacions de l&#8217;estat de la p\u00e0gina que es publicaran en el perfil de l&#8217;USUARI.<\/li>\n<\/ul>\n<p> <\/p>\n<p>L\u2019USUARI sempre pot controlar les seves connexions, eliminar els continguts que deixin d\u2019interessar-li i restringir amb qui comparteix les seves connexions; per aix\u00f2 haur\u00e0 d\u2019accedir a la seva configuraci\u00f3 de privacitat.<\/p>\n<p> <\/p>\n<p> <\/p>\n<h2>3. PUBLICACIONS<\/h2>\n<p><strong> <\/strong><\/p>\n<p>L\u2019USUARI, un cop sigui seguidor o s\u2019hagi unit a la xarxa social del RESPONSABLE, podr\u00e0 publicar-hi comentaris, enlla\u00e7os, imatges, fotografies o qualsevol altre tipus de contingut multim\u00e8dia adm\u00e8s per la xarxa. L\u2019USUARI, en tots els casos, ha de ser el titular del contingut publicat, gaudir dels drets d\u2019autor i de propietat intel\u00b7lectual o comptar amb el consentiment dels tercers afectats.<\/p>\n<p> <\/p>\n<p>Queda expressament prohibida qualsevol publicaci\u00f3 a la xarxa social, ja siguin textos, gr\u00e0fics, fotografies, v\u00eddeos, etc. que atemptin o siguin susceptibles d\u2019atemptar contra la moral, l\u2019\u00e8tica, el bon gust o el dec\u00f2rum, i\/o que infringeixin o violin els drets de propietat intel\u00b7lectual o industrial, el dret a la imatge o la Llei.<\/p>\n<p> <\/p>\n<p>En aquests casos, el RESPONSABLE es reserva el dret a retirar immediatament el contingut, sense comunicaci\u00f3 pr\u00e8via, i pot sol\u00b7licitar el bloqueig permanent de l\u2019USUARI.<\/p>\n<p> <\/p>\n<p>El RESPONSABLE no es far\u00e0 responsable dels continguts que ha publicat lliurement un USUARI.<\/p>\n<p> <\/p>\n<p>L\u2019USUARI ha de tenir present que les seves publicacions seran visualitzades pels altres usuaris, de manera que ell mateix \u00e9s el principal responsable de la seva privacitat.<\/p>\n<p> <\/p>\n<p>Les imatges que puguin publicar-se a la xarxa social no s\u2019emmagatzemaran en cap fitxer per part del RESPONSABLE, per\u00f2 s\u00ed que romandran a la xarxa social.<\/p>\n<p> <\/p>\n<p> <\/p>\n<h2>4. DADES DE MENORS D\u2019EDAT O PERSONES AMB CAPACITATS ESPECIALS<\/h2>\n<p><strong> <\/strong><\/p>\n<p>Es prohibeix als menors de 18 anys accedir i registrar-se a les xarxes socials del RESPONSABLE. Per la seva banda, si l\u2019USUARI t\u00e9 capacitats especials, ser\u00e0 necess\u00e0ria la intervenci\u00f3 del titular de la seva p\u00e0tria potestat o tutela, o del seu representant legal mitjan\u00e7ant un document v\u00e0lid que acrediti la representaci\u00f3.<\/p>\n<p> <\/p>\n<p>El RESPONSABLE queda expressament exonerat de qualsevol responsabilitat que pogu\u00e9s derivar de l\u2019\u00fas de les xarxes socials per part de menors o persones amb capacitats especials. Les xarxes socials del RESPONSABLE no recullen conscientment cap informaci\u00f3 personal de menors d\u2019edat, per aix\u00f2, si l\u2019USUARI \u00e9s menor d\u2019edat, no ha de registrar-se, ni utilitzar les xarxes socials del RESPONSABLE ni tampoc proporcionar cap informaci\u00f3 personal.<\/p>\n","protected":false},"excerpt":{"rendered":"<p>POL\u00cdTICA DE PRIVACITAT XARXES SOCIALS 1. INFORMACI\u00d3 A L&#8217;USUARI Qui \u00e9s el responsable del tractament de les teves dades personals? GERARD PALAZ\u00d3N LOPEZ, d\u2019ara endavant, el RESPONSABLE, informa l\u2019USUARIO que ha procedit a crear un perfil a les xarxes socials Facebook, Instagram, Twitter, LinkedIn, Youtube, Vimeo i Google+, que \u00e9s el responsable del tractament de [&hellip;]<\/p>\n","protected":false},"author":2,"featured_media":0,"parent":0,"menu_order":0,"comment_status":"closed","ping_status":"closed","template":"","meta":{"_acf_changed":false,"footnotes":""},"acf":[],"yoast_head":"<!-- This site is optimized with the Yoast SEO plugin v22.4 - https:\/\/yoast.com\/wordpress\/plugins\/seo\/ -->\n<title>Pol\u00edtica de privacitat en xarxes socials - Cl\u00ednica Dental Palaz\u00f3n<\/title>\n<meta name=\"robots\" content=\"index, follow, max-snippet:-1, max-image-preview:large, max-video-preview:-1\" \/>\n<link rel=\"canonical\" href=\"https:\/\/clinicadentalpalazon.com\/ca\/politica-de-privacitat-en-xarxes-socials\/\" \/>\n<meta property=\"og:locale\" content=\"ca_ES\" \/>\n<meta property=\"og:type\" content=\"article\" \/>\n<meta property=\"og:title\" content=\"Pol\u00edtica de privacitat en xarxes socials - Cl\u00ednica Dental Palaz\u00f3n\" \/>\n<meta property=\"og:description\" content=\"POL\u00cdTICA DE PRIVACITAT XARXES SOCIALS 1. INFORMACI\u00d3 A L&#8217;USUARI Qui \u00e9s el responsable del tractament de les teves dades personals? GERARD PALAZ\u00d3N LOPEZ, d\u2019ara endavant, el RESPONSABLE, informa l\u2019USUARIO que ha procedit a crear un perfil a les xarxes socials Facebook, Instagram, Twitter, LinkedIn, Youtube, Vimeo i Google+, que \u00e9s el responsable del tractament de [&hellip;]\" \/>\n<meta property=\"og:url\" content=\"https:\/\/clinicadentalpalazon.com\/ca\/politica-de-privacitat-en-xarxes-socials\/\" \/>\n<meta property=\"og:site_name\" content=\"Cl\u00ednica Dental Palaz\u00f3n\" \/>\n<meta property=\"article:modified_time\" content=\"2022-07-22T16:16:30+00:00\" \/>\n<meta name=\"twitter:card\" content=\"summary_large_image\" \/>\n<meta name=\"twitter:label1\" content=\"Temps estimat de lectura\" \/>\n\t<meta name=\"twitter:data1\" content=\"6 minuts\" \/>\n<script type=\"application\/ld+json\" class=\"yoast-schema-graph\">{\"@context\":\"https:\/\/schema.org\",\"@graph\":[{\"@type\":\"WebPage\",\"@id\":\"https:\/\/clinicadentalpalazon.com\/ca\/politica-de-privacitat-en-xarxes-socials\/\",\"url\":\"https:\/\/clinicadentalpalazon.com\/ca\/politica-de-privacitat-en-xarxes-socials\/\",\"name\":\"Pol\u00edtica de privacitat en xarxes socials - Cl\u00ednica Dental Palaz\u00f3n\",\"isPartOf\":{\"@id\":\"https:\/\/clinicadentalpalazon.com\/#website\"},\"datePublished\":\"2022-07-22T16:00:47+00:00\",\"dateModified\":\"2022-07-22T16:16:30+00:00\",\"breadcrumb\":{\"@id\":\"https:\/\/clinicadentalpalazon.com\/ca\/politica-de-privacitat-en-xarxes-socials\/#breadcrumb\"},\"inLanguage\":\"ca\",\"potentialAction\":[{\"@type\":\"ReadAction\",\"target\":[\"https:\/\/clinicadentalpalazon.com\/ca\/politica-de-privacitat-en-xarxes-socials\/\"]}]},{\"@type\":\"BreadcrumbList\",\"@id\":\"https:\/\/clinicadentalpalazon.com\/ca\/politica-de-privacitat-en-xarxes-socials\/#breadcrumb\",\"itemListElement\":[{\"@type\":\"ListItem\",\"position\":1,\"name\":\"Portada\",\"item\":\"https:\/\/clinicadentalpalazon.com\/ca\/clinica-dental-palazon\/\"},{\"@type\":\"ListItem\",\"position\":2,\"name\":\"Pol\u00edtica de privacitat en xarxes socials\"}]},{\"@type\":\"WebSite\",\"@id\":\"https:\/\/clinicadentalpalazon.com\/#website\",\"url\":\"https:\/\/clinicadentalpalazon.com\/\",\"name\":\"Cl\u00ednica Dental Palaz\u00f3n\",\"description\":\"Cl\u00ednica dental en Tarragona\",\"potentialAction\":[{\"@type\":\"SearchAction\",\"target\":{\"@type\":\"EntryPoint\",\"urlTemplate\":\"https:\/\/clinicadentalpalazon.com\/?s={search_term_string}\"},\"query-input\":\"required name=search_term_string\"}],\"inLanguage\":\"ca\"}]}<\/script>\n<!-- \/ Yoast SEO plugin. -->","yoast_head_json":{"title":"Pol\u00edtica de privacitat en xarxes socials - Cl\u00ednica Dental Palaz\u00f3n","robots":{"index":"index","follow":"follow","max-snippet":"max-snippet:-1","max-image-preview":"max-image-preview:large","max-video-preview":"max-video-preview:-1"},"canonical":"https:\/\/clinicadentalpalazon.com\/ca\/politica-de-privacitat-en-xarxes-socials\/","og_locale":"ca_ES","og_type":"article","og_title":"Pol\u00edtica de privacitat en xarxes socials - Cl\u00ednica Dental Palaz\u00f3n","og_description":"POL\u00cdTICA DE PRIVACITAT XARXES SOCIALS 1. INFORMACI\u00d3 A L&#8217;USUARI Qui \u00e9s el responsable del tractament de les teves dades personals? GERARD PALAZ\u00d3N LOPEZ, d\u2019ara endavant, el RESPONSABLE, informa l\u2019USUARIO que ha procedit a crear un perfil a les xarxes socials Facebook, Instagram, Twitter, LinkedIn, Youtube, Vimeo i Google+, que \u00e9s el responsable del tractament de [&hellip;]","og_url":"https:\/\/clinicadentalpalazon.com\/ca\/politica-de-privacitat-en-xarxes-socials\/","og_site_name":"Cl\u00ednica Dental Palaz\u00f3n","article_modified_time":"2022-07-22T16:16:30+00:00","twitter_card":"summary_large_image","twitter_misc":{"Temps estimat de lectura":"6 minuts"},"schema":{"@context":"https:\/\/schema.org","@graph":[{"@type":"WebPage","@id":"https:\/\/clinicadentalpalazon.com\/ca\/politica-de-privacitat-en-xarxes-socials\/","url":"https:\/\/clinicadentalpalazon.com\/ca\/politica-de-privacitat-en-xarxes-socials\/","name":"Pol\u00edtica de privacitat en xarxes socials - Cl\u00ednica Dental Palaz\u00f3n","isPartOf":{"@id":"https:\/\/clinicadentalpalazon.com\/#website"},"datePublished":"2022-07-22T16:00:47+00:00","dateModified":"2022-07-22T16:16:30+00:00","breadcrumb":{"@id":"https:\/\/clinicadentalpalazon.com\/ca\/politica-de-privacitat-en-xarxes-socials\/#breadcrumb"},"inLanguage":"ca","potentialAction":[{"@type":"ReadAction","target":["https:\/\/clinicadentalpalazon.com\/ca\/politica-de-privacitat-en-xarxes-socials\/"]}]},{"@type":"BreadcrumbList","@id":"https:\/\/clinicadentalpalazon.com\/ca\/politica-de-privacitat-en-xarxes-socials\/#breadcrumb","itemListElement":[{"@type":"ListItem","position":1,"name":"Portada","item":"https:\/\/clinicadentalpalazon.com\/ca\/clinica-dental-palazon\/"},{"@type":"ListItem","position":2,"name":"Pol\u00edtica de privacitat en xarxes socials"}]},{"@type":"WebSite","@id":"https:\/\/clinicadentalpalazon.com\/#website","url":"https:\/\/clinicadentalpalazon.com\/","name":"Cl\u00ednica Dental Palaz\u00f3n","description":"Cl\u00ednica dental en Tarragona","potentialAction":[{"@type":"SearchAction","target":{"@type":"EntryPoint","urlTemplate":"https:\/\/clinicadentalpalazon.com\/?s={search_term_string}"},"query-input":"required name=search_term_string"}],"inLanguage":"ca"}]}},"_links":{"self":[{"href":"https:\/\/clinicadentalpalazon.com\/ca\/wp-json\/wp\/v2\/pages\/3027"}],"collection":[{"href":"https:\/\/clinicadentalpalazon.com\/ca\/wp-json\/wp\/v2\/pages"}],"about":[{"href":"https:\/\/clinicadentalpalazon.com\/ca\/wp-json\/wp\/v2\/types\/page"}],"author":[{"embeddable":true,"href":"https:\/\/clinicadentalpalazon.com\/ca\/wp-json\/wp\/v2\/users\/2"}],"replies":[{"embeddable":true,"href":"https:\/\/clinicadentalpalazon.com\/ca\/wp-json\/wp\/v2\/comments?post=3027"}],"version-history":[{"count":2,"href":"https:\/\/clinicadentalpalazon.com\/ca\/wp-json\/wp\/v2\/pages\/3027\/revisions"}],"predecessor-version":[{"id":3035,"href":"https:\/\/clinicadentalpalazon.com\/ca\/wp-json\/wp\/v2\/pages\/3027\/revisions\/3035"}],"wp:attachment":[{"href":"https:\/\/clinicadentalpalazon.com\/ca\/wp-json\/wp\/v2\/media?parent=3027"}],"curies":[{"name":"wp","href":"https:\/\/api.w.org\/{rel}","templated":true}]}}