{"id":2884,"date":"2022-02-25T18:46:05","date_gmt":"2022-02-25T17:46:05","guid":{"rendered":"https:\/\/clinicadentalpalazon.com\/odontopediatria\/"},"modified":"2022-03-15T19:32:32","modified_gmt":"2022-03-15T18:32:32","slug":"odontopediatria","status":"publish","type":"page","link":"https:\/\/clinicadentalpalazon.com\/ca\/odontopediatria\/","title":{"rendered":"Odontopediatria"},"content":{"rendered":"<div class=\"wpb-content-wrapper\"><p>[vc_row full_width=&#8221;stretch_row_content_no_spaces&#8221;][vc_column]<div class=\"banner-area banner-5a1eb939d5268\"><div class=\"banner  fixed-height\" style=\"height: 540px;\"><div class=\"item banner-item-69f28466a0f5e white content-align-center middle\" style=\"background-image: url(https:\/\/clinicadentalpalazon.com\/wp-content\/uploads\/2021\/06\/infantil.jpg);\"><div class=\"container\"><div class=\"cell\"><h1 class=\"h\"><span><\/span><\/h1><div class=\"link-area\"><\/div><\/div><\/div><\/div><\/div><\/div>[\/vc_column][\/vc_row][vc_row css_animation=&#8221;fadeInUp&#8221; css=&#8221;.vc_custom_1624355995933{margin-top: 25px !important;}&#8221;][vc_column][vc_custom_heading text=&#8221;ODONTOPEDIATRIA&#8221; font_container=&#8221;tag:h2|text_align:center|color:%2308b2b1&#8243; google_fonts=&#8221;font_family:Lato%3A100%2C100italic%2C300%2C300italic%2Cregular%2Citalic%2C700%2C700italic%2C900%2C900italic|font_style:300%20light%20regular%3A300%3Anormal&#8221; decor_line=&#8221;&#8221;][\/vc_column][\/vc_row][vc_row equal_height=&#8221;yes&#8221; content_placement=&#8221;middle&#8221; css=&#8221;.vc_custom_1635500304654{margin-bottom: 25px !important;background-color: #ffffff !important;}&#8221;][vc_column css_animation=&#8221;fadeInLeft&#8221; css=&#8221;.vc_custom_1518792103208{padding-top: 0px !important;padding-bottom: 0px !important;}&#8221;][vc_column_text]<\/p>\n<p style=\"text-align: center;\">Als m\u00e9s petits de la casa no els solen agradar els dentistes. Per a cuidar la seva higiene i salut bucals, \u00e9s important que la <strong>primera visita a l&#8217;odont\u00f2leg<\/strong> sigui una <strong>experi\u00e8ncia positiva<\/strong>. Aix\u00ed voldran tornar-hi.<\/p>\n<p style=\"text-align: center;\">Aquesta \u00e9s la millor manera de prevenir complicacions futures en el creixement de les dents: que siguin <strong>autosuficients en la higiene bucal<\/strong> i que es realitzin revisions peri\u00f2diques.<\/p>\n<p style=\"text-align: center;\">A la Cl\u00ednica Dental Palaz\u00f3n, la nostra prioritat \u00e9s crear <strong>un ambient agradable per a ells<\/strong>, motivar-los i fer-los entendre la import\u00e0ncia de <strong>cuidar la seva salut<\/strong>. Per aix\u00f2 dibuixem avui el seu somriure de dem\u00e0.<\/p>\n<p style=\"text-align: center;\">A la seva edat, corregir qualsevol malformaci\u00f3 \u00e9s molt m\u00e9s <strong>senzill i r\u00e0pid.<\/strong> Si tenen les revisions al dia, estalviaran temps en tractaments i gaudiran d&#8217;una <strong>boca sana<\/strong> des de ben petits.<\/p>\n<p style=\"text-align: center;\">I \u00e9s que ja ho diu el refrany: <strong>m\u00e9s val prevenir que curar.<\/strong><\/p>\n<p>[\/vc_column_text][\/vc_column][\/vc_row][vc_row full_width=&#8221;stretch_row_content_no_spaces&#8221; gap=&#8221;1&#8243; equal_height=&#8221;yes&#8221; content_placement=&#8221;top&#8221; parallax=&#8221;content-moving-fade&#8221; parallax_speed_bg=&#8221;4&#8243; css=&#8221;.vc_custom_1624355567871{margin-top: 25px !important;background-color: #14438f !important;}&#8221;][vc_column css_animation=&#8221;fadeInLeft&#8221; width=&#8221;1\/2&#8243; css=&#8221;.vc_custom_1518792103208{padding-top: 0px !important;padding-bottom: 0px !important;}&#8221;][vc_empty_space height=&#8221;25px&#8221;][vc_custom_heading text=&#8221;<b>COM M\u00c9S AVIAT MILLOR<\/b>&#8221; font_container=&#8221;tag:h3|text_align:center|color:%23ffffff&#8221; use_theme_fonts=&#8221;yes&#8221; decor_line=&#8221;on&#8221;][vc_column_text css=&#8221;.vc_custom_1633088035823{margin-left: 40px !important;}&#8221;]<span style=\"color: #ffffff; font-family: Lato;\">A partir dels <strong>dotze mesos<\/strong> ja es poden fer visites de control. Revisarem que tot <strong>estigui en ordre<\/strong>, detectarem qualsevol incid\u00e8ncia a temps i els ensenyarem a <strong>netejar-se les dents correctament.<\/strong><\/span><\/p>\n<p><span style=\"color: #ffffff; font-family: Lato;\">En els primers anys de vida adquirim els h\u00e0bits que ens acompanyaran per sempre, aix\u00ed que <strong>val la pena que aprenguin a cuidar-se.<\/strong><\/span><\/p>\n<p><span style=\"color: #ffffff; font-family: Lato;\"> Quan siguin grans ho agrairan, segur.<\/span>[\/vc_column_text][vc_empty_space height=&#8221;25px&#8221;][\/vc_column][vc_column css_animation=&#8221;fadeInRight&#8221; width=&#8221;1\/2&#8243; css=&#8221;.vc_custom_1624355715612{background-image: url(https:\/\/clinicadentalpalazon.com\/wp-content\/uploads\/2021\/05\/dentista-ninos-tarragona-e1624030930829.jpeg?id=1280) !important;}&#8221; offset=&#8221;vc_hidden-xs&#8221;][\/vc_column][\/vc_row][vc_row equal_height=&#8221;yes&#8221; content_placement=&#8221;middle&#8221; css=&#8221;.vc_custom_1611328490603{margin-top: 55px !important;margin-bottom: 55px !important;padding-top: 0px !important;padding-bottom: 0px !important;background-color: #ffffff !important;}&#8221;][vc_column css_animation=&#8221;fadeInLeft&#8221; width=&#8221;1\/2&#8243; css=&#8221;.vc_custom_1512138590885{padding-top: 0px !important;padding-bottom: 0px !important;}&#8221;][vc_single_image image=&#8221;2669&#8243; img_size=&#8221;595&#215;358&#8243;][\/vc_column][vc_column css_animation=&#8221;fadeInRight&#8221; width=&#8221;1\/2&#8243; css=&#8221;.vc_custom_1612445781196{margin-top: -30px !important;margin-bottom: -35px !important;padding-top: 0px !important;padding-bottom: 0px !important;}&#8221;][vc_column_text]<strong><span style=\"font-family: Lato; font-size: 18px;\">EL SEU NOU AMIC<\/span><\/strong><\/p>\n<p><span style=\"font-family: Lato;\">Us presentem el Dr. Virality, el nostre company m\u00e9s divertit i peculiar. Mitjan\u00e7ant dibuixos, jocs i diferents tipus de material did\u00e0ctic, el Dr. Virality mostra als nens i les nenes la <strong>import\u00e0ncia de cuidar la seva higiene i la seva salut.<\/strong><\/span><\/p>\n<p><span style=\"font-family: Lato;\">A m\u00e9s, si tenen por al dentista, els ajudar\u00e0 a perdre-la.<\/span>[\/vc_column_text][vc_btn title=&#8221;CONEIX EL DR. VIRALITY&#8221; style=&#8221;custom&#8221; custom_background=&#8221;#004694&#8243; custom_text=&#8221;#ffffff&#8221; align=&#8221;left&#8221; link=&#8221;url:https%3A%2F%2Fdrvirality.wordpress.com|target:_blank|&#8221;][\/vc_column][vc_column][vc_empty_space height=&#8221;16px&#8221;][vc_btn title=&#8221;DEMANA CITA&#8221; style=&#8221;custom&#8221; custom_background=&#8221;#004694&#8243; custom_text=&#8221;#ffffff&#8221; align=&#8221;center&#8221; link=&#8221;url:https%3A%2F%2Fclinicadentalpalazon.com%2Fpide-cita%2F|&#8221;][vc_empty_space height=&#8221;16px&#8221;][\/vc_column][\/vc_row][vc_row full_width=&#8221;stretch_row_content&#8221; parallax=&#8221;content-moving-fade&#8221; parallax_speed_bg=&#8221;4&#8243; css_animation=&#8221;fadeInUp&#8221; background_position=&#8221;center center&#8221; css=&#8221;.vc_custom_1625500939052{margin-top: 25px !important;padding-top: 25px !important;background-color: #e6e6e6 !important;}&#8221;][vc_column][vc_custom_heading text=&#8221;TENS ALGUN DUBTE? EXPLICA\u2019NS-HO.<\/p>\n<h6>Si tens dubtes o ens vols explicar el teu cas, telefona\u2019ns. Si ets m\u00e9s digital, pots demanar cita aqu\u00ed mateix:<\/h6>\n<p>&#8221; font_container=&#8221;tag:h3|text_align:left|color:%23000000&#8243; use_theme_fonts=&#8221;yes&#8221; decor_line=&#8221;&#8221; el_id=&#8221;titulo_siguemedia&#8221;][vc_column_text el_id=&#8221;formulario_siguemedia&#8221;]<\/p>\n<p style=\"text-align: center;\">\n<div class=\"wpcf7 no-js\" id=\"wpcf7-f1507-o1\" lang=\"es-ES\" dir=\"ltr\">\n<div class=\"screen-reader-response\"><p role=\"status\" aria-live=\"polite\" aria-atomic=\"true\"><\/p> <ul><\/ul><\/div>\n<form action=\"\/ca\/wp-json\/wp\/v2\/pages\/2884#wpcf7-f1507-o1\" method=\"post\" class=\"wpcf7-form init\" aria-label=\"Formulario de contacto\" novalidate=\"novalidate\" data-status=\"init\">\n<div style=\"display: none;\">\n<input type=\"hidden\" name=\"_wpcf7\" value=\"1507\" \/>\n<input type=\"hidden\" name=\"_wpcf7_version\" value=\"5.9.3\" \/>\n<input type=\"hidden\" name=\"_wpcf7_locale\" value=\"es_ES\" \/>\n<input type=\"hidden\" name=\"_wpcf7_unit_tag\" value=\"wpcf7-f1507-o1\" \/>\n<input type=\"hidden\" name=\"_wpcf7_container_post\" value=\"0\" \/>\n<input type=\"hidden\" name=\"_wpcf7_posted_data_hash\" value=\"\" \/>\n<input type=\"hidden\" name=\"_wpcf7_recaptcha_response\" value=\"\" \/>\n<\/div>\n<div class=\"form-b row\">\n\t<div class=\"col-xs-12 col-sm-6 col-md-4\">\n\t\t<p><span class=\"wpcf7-form-control-wrap\" data-name=\"f-name\"><input size=\"40\" class=\"wpcf7-form-control wpcf7-text style1\" aria-invalid=\"false\" placeholder=\"Nombre\" value=\"\" type=\"text\" name=\"f-name\" \/><\/span><span class=\"wpcf7-form-control-wrap\" data-name=\"f-mail\"><input size=\"40\" class=\"wpcf7-form-control wpcf7-text style1\" aria-invalid=\"false\" placeholder=\"Correo electr\u00f3nico\" value=\"\" type=\"text\" name=\"f-mail\" \/><\/span><span class=\"wpcf7-form-control-wrap\" data-name=\"f-phone\"><input size=\"40\" class=\"wpcf7-form-control wpcf7-text style1\" aria-invalid=\"false\" placeholder=\"Tel\u00e9fono\" value=\"\" type=\"text\" name=\"f-phone\" \/><\/span>\n\t\t<\/p>\n\t<\/div>\n\t<div class=\"col-xs-12 col-md-4\">\n\t\t<p><span class=\"wpcf7-form-control-wrap\" data-name=\"f-text\"><textarea cols=\"40\" rows=\"5\" class=\"wpcf7-form-control wpcf7-textarea style1\" aria-invalid=\"false\" placeholder=\"\u00bfEn qu\u00e9 podemos ayudarte?\" name=\"f-text\"><\/textarea><\/span>\n\t\t<\/p>\n\t\t<div class=\"acheck\">\n\t\t\t<p><span class=\"wpcf7-form-control-wrap\" data-name=\"acceptance-377\"><span class=\"wpcf7-form-control wpcf7-acceptance\"><span class=\"wpcf7-list-item\"><input type=\"checkbox\" name=\"acceptance-377\" value=\"1\" aria-invalid=\"false\" \/><\/span><\/span><\/span><label style=\"color:#000000\">Acepto la <a href=\"https:\/\/clinicadentalpalazon.com\/politica-de-privacidad\/\" target=\"_blank\">Pol\u00edtica de Privacidad<\/a><\/label>\n\t\t\t<\/p>\n\t\t<\/div>\n\t\t<p><span class=\"wpcf7-form-control-wrap\" data-name=\"hcap-cf7\">\t\t<input\n\t\t\t\ttype=\"hidden\"\n\t\t\t\tclass=\"hcaptcha-widget-id\"\n\t\t\t\tname=\"hcaptcha-widget-id\"\n\t\t\t\tvalue=\"eyJzb3VyY2UiOlsiY29udGFjdC1mb3JtLTdcL3dwLWNvbnRhY3QtZm9ybS03LnBocCJdLCJmb3JtX2lkIjoxNTA3fQ==-570bd3c73af564112f43da7f3bb25519\">\n\t\t\t\t<span id=\"hcap_cf7-69f28466a8c183.77541628\" class=\"wpcf7-form-control h-captcha \"\n\t\t\tdata-sitekey=\"50ec7008-d9e2-4bc6-ad50-449ca57808f6\"\n\t\t\tdata-theme=\"light\"\n\t\t\tdata-size=\"normal\"\n\t\t\tdata-auto=\"false\"\n\t\t\tdata-force=\"false\">\n\t\t<\/span>\n\t\t<input type=\"hidden\" id=\"_wpnonce\" name=\"_wpnonce\" value=\"296193cbb8\" \/><input type=\"hidden\" name=\"_wp_http_referer\" value=\"\/ca\/wp-json\/wp\/v2\/pages\/2884\" \/><\/span><input type=\"submit\" style=\"background-color: #14438f;\" value=\"ENVIAR\" class=\"wpcf7-form-control wpcf7-submit button-style1\" disabled=\"\" \/>\n\t\t<\/p>\n\t<\/div>\n<\/div><div class=\"wpcf7-response-output\" aria-hidden=\"true\"><\/div>\n<\/form>\n<\/div>\n<p>[\/vc_column_text][\/vc_column][\/vc_row]<\/p>\n<\/div>","protected":false},"excerpt":{"rendered":"<p>[vc_row full_width=&#8221;stretch_row_content_no_spaces&#8221;][vc_column][\/vc_column][\/vc_row][vc_row css_animation=&#8221;fadeInUp&#8221; css=&#8221;.vc_custom_1624355995933{margin-top: 25px !important;}&#8221;][vc_column][vc_custom_heading text=&#8221;ODONTOPEDIATRIA&#8221; font_container=&#8221;tag:h2|text_align:center|color:%2308b2b1&#8243; google_fonts=&#8221;font_family:Lato%3A100%2C100italic%2C300%2C300italic%2Cregular%2Citalic%2C700%2C700italic%2C900%2C900italic|font_style:300%20light%20regular%3A300%3Anormal&#8221; decor_line=&#8221;&#8221;][\/vc_column][\/vc_row][vc_row equal_height=&#8221;yes&#8221; content_placement=&#8221;middle&#8221; css=&#8221;.vc_custom_1635500304654{margin-bottom: 25px !important;background-color: #ffffff !important;}&#8221;][vc_column css_animation=&#8221;fadeInLeft&#8221; css=&#8221;.vc_custom_1518792103208{padding-top: 0px !important;padding-bottom: 0px !important;}&#8221;][vc_column_text] Als m\u00e9s petits de la casa no els solen agradar els dentistes. Per a cuidar la seva higiene i salut bucals, \u00e9s important que la primera visita a l&#8217;odont\u00f2leg sigui una experi\u00e8ncia [&hellip;]<\/p>\n","protected":false},"author":1,"featured_media":0,"parent":0,"menu_order":0,"comment_status":"closed","ping_status":"closed","template":"template-landing.php","meta":{"_acf_changed":false,"footnotes":""},"acf":[],"yoast_head":"<!-- This site is optimized with the Yoast SEO plugin v22.4 - https:\/\/yoast.com\/wordpress\/plugins\/seo\/ -->\n<title>Odontopediatria - Cl\u00ednica Dental Palaz\u00f3n<\/title>\n<meta name=\"description\" content=\"Als m\u00e9s petits de la casa no els solen agradar els dentistes. Per a cuidar la seva higiene i salut bucals, \u00e9s important que la primera visita a l&#039;odont\u00f2leg sigui una experi\u00e8ncia positiva. Aix\u00ed voldran tornar-hi.\" \/>\n<meta name=\"robots\" content=\"index, follow, max-snippet:-1, max-image-preview:large, max-video-preview:-1\" \/>\n<link rel=\"canonical\" href=\"https:\/\/clinicadentalpalazon.com\/odontopediatria\/\" \/>\n<meta property=\"og:locale\" content=\"ca_ES\" \/>\n<meta property=\"og:type\" content=\"article\" \/>\n<meta property=\"og:title\" content=\"Odontopediatria - Cl\u00ednica Dental Palaz\u00f3n\" \/>\n<meta property=\"og:description\" content=\"Als m\u00e9s petits de la casa no els solen agradar els dentistes. Per a cuidar la seva higiene i salut bucals, \u00e9s important que la primera visita a l&#039;odont\u00f2leg sigui una experi\u00e8ncia positiva. Aix\u00ed voldran tornar-hi.\" \/>\n<meta property=\"og:url\" content=\"https:\/\/clinicadentalpalazon.com\/odontopediatria\/\" \/>\n<meta property=\"og:site_name\" content=\"Cl\u00ednica Dental Palaz\u00f3n\" \/>\n<meta property=\"article:modified_time\" content=\"2022-03-15T18:32:32+00:00\" \/>\n<meta name=\"twitter:card\" content=\"summary_large_image\" \/>\n<meta name=\"twitter:label1\" content=\"Temps estimat de lectura\" \/>\n\t<meta name=\"twitter:data1\" content=\"3 minuts\" \/>\n<script type=\"application\/ld+json\" class=\"yoast-schema-graph\">{\"@context\":\"https:\/\/schema.org\",\"@graph\":[{\"@type\":\"WebPage\",\"@id\":\"https:\/\/clinicadentalpalazon.com\/odontopediatria\/\",\"url\":\"https:\/\/clinicadentalpalazon.com\/odontopediatria\/\",\"name\":\"Odontopediatria - Cl\u00ednica Dental Palaz\u00f3n\",\"isPartOf\":{\"@id\":\"https:\/\/clinicadentalpalazon.com\/#website\"},\"datePublished\":\"2022-02-25T17:46:05+00:00\",\"dateModified\":\"2022-03-15T18:32:32+00:00\",\"description\":\"Als m\u00e9s petits de la casa no els solen agradar els dentistes. Per a cuidar la seva higiene i salut bucals, \u00e9s important que la primera visita a l'odont\u00f2leg sigui una experi\u00e8ncia positiva. Aix\u00ed voldran tornar-hi.\",\"breadcrumb\":{\"@id\":\"https:\/\/clinicadentalpalazon.com\/odontopediatria\/#breadcrumb\"},\"inLanguage\":\"ca\",\"potentialAction\":[{\"@type\":\"ReadAction\",\"target\":[\"https:\/\/clinicadentalpalazon.com\/odontopediatria\/\"]}]},{\"@type\":\"BreadcrumbList\",\"@id\":\"https:\/\/clinicadentalpalazon.com\/odontopediatria\/#breadcrumb\",\"itemListElement\":[{\"@type\":\"ListItem\",\"position\":1,\"name\":\"Portada\",\"item\":\"https:\/\/clinicadentalpalazon.com\/ca\/clinica-dental-palazon\/\"},{\"@type\":\"ListItem\",\"position\":2,\"name\":\"Odontopediatria\"}]},{\"@type\":\"WebSite\",\"@id\":\"https:\/\/clinicadentalpalazon.com\/#website\",\"url\":\"https:\/\/clinicadentalpalazon.com\/\",\"name\":\"Cl\u00ednica Dental Palaz\u00f3n\",\"description\":\"Cl\u00ednica dental en Tarragona\",\"potentialAction\":[{\"@type\":\"SearchAction\",\"target\":{\"@type\":\"EntryPoint\",\"urlTemplate\":\"https:\/\/clinicadentalpalazon.com\/?s={search_term_string}\"},\"query-input\":\"required name=search_term_string\"}],\"inLanguage\":\"ca\"}]}<\/script>\n<!-- \/ Yoast SEO plugin. -->","yoast_head_json":{"title":"Odontopediatria - Cl\u00ednica Dental Palaz\u00f3n","description":"Als m\u00e9s petits de la casa no els solen agradar els dentistes. Per a cuidar la seva higiene i salut bucals, \u00e9s important que la primera visita a l'odont\u00f2leg sigui una experi\u00e8ncia positiva. Aix\u00ed voldran tornar-hi.","robots":{"index":"index","follow":"follow","max-snippet":"max-snippet:-1","max-image-preview":"max-image-preview:large","max-video-preview":"max-video-preview:-1"},"canonical":"https:\/\/clinicadentalpalazon.com\/odontopediatria\/","og_locale":"ca_ES","og_type":"article","og_title":"Odontopediatria - Cl\u00ednica Dental Palaz\u00f3n","og_description":"Als m\u00e9s petits de la casa no els solen agradar els dentistes. Per a cuidar la seva higiene i salut bucals, \u00e9s important que la primera visita a l'odont\u00f2leg sigui una experi\u00e8ncia positiva. Aix\u00ed voldran tornar-hi.","og_url":"https:\/\/clinicadentalpalazon.com\/odontopediatria\/","og_site_name":"Cl\u00ednica Dental Palaz\u00f3n","article_modified_time":"2022-03-15T18:32:32+00:00","twitter_card":"summary_large_image","twitter_misc":{"Temps estimat de lectura":"3 minuts"},"schema":{"@context":"https:\/\/schema.org","@graph":[{"@type":"WebPage","@id":"https:\/\/clinicadentalpalazon.com\/odontopediatria\/","url":"https:\/\/clinicadentalpalazon.com\/odontopediatria\/","name":"Odontopediatria - Cl\u00ednica Dental Palaz\u00f3n","isPartOf":{"@id":"https:\/\/clinicadentalpalazon.com\/#website"},"datePublished":"2022-02-25T17:46:05+00:00","dateModified":"2022-03-15T18:32:32+00:00","description":"Als m\u00e9s petits de la casa no els solen agradar els dentistes. Per a cuidar la seva higiene i salut bucals, \u00e9s important que la primera visita a l'odont\u00f2leg sigui una experi\u00e8ncia positiva. Aix\u00ed voldran tornar-hi.","breadcrumb":{"@id":"https:\/\/clinicadentalpalazon.com\/odontopediatria\/#breadcrumb"},"inLanguage":"ca","potentialAction":[{"@type":"ReadAction","target":["https:\/\/clinicadentalpalazon.com\/odontopediatria\/"]}]},{"@type":"BreadcrumbList","@id":"https:\/\/clinicadentalpalazon.com\/odontopediatria\/#breadcrumb","itemListElement":[{"@type":"ListItem","position":1,"name":"Portada","item":"https:\/\/clinicadentalpalazon.com\/ca\/clinica-dental-palazon\/"},{"@type":"ListItem","position":2,"name":"Odontopediatria"}]},{"@type":"WebSite","@id":"https:\/\/clinicadentalpalazon.com\/#website","url":"https:\/\/clinicadentalpalazon.com\/","name":"Cl\u00ednica Dental Palaz\u00f3n","description":"Cl\u00ednica dental en Tarragona","potentialAction":[{"@type":"SearchAction","target":{"@type":"EntryPoint","urlTemplate":"https:\/\/clinicadentalpalazon.com\/?s={search_term_string}"},"query-input":"required name=search_term_string"}],"inLanguage":"ca"}]}},"_links":{"self":[{"href":"https:\/\/clinicadentalpalazon.com\/ca\/wp-json\/wp\/v2\/pages\/2884"}],"collection":[{"href":"https:\/\/clinicadentalpalazon.com\/ca\/wp-json\/wp\/v2\/pages"}],"about":[{"href":"https:\/\/clinicadentalpalazon.com\/ca\/wp-json\/wp\/v2\/types\/page"}],"author":[{"embeddable":true,"href":"https:\/\/clinicadentalpalazon.com\/ca\/wp-json\/wp\/v2\/users\/1"}],"replies":[{"embeddable":true,"href":"https:\/\/clinicadentalpalazon.com\/ca\/wp-json\/wp\/v2\/comments?post=2884"}],"version-history":[{"count":8,"href":"https:\/\/clinicadentalpalazon.com\/ca\/wp-json\/wp\/v2\/pages\/2884\/revisions"}],"predecessor-version":[{"id":2998,"href":"https:\/\/clinicadentalpalazon.com\/ca\/wp-json\/wp\/v2\/pages\/2884\/revisions\/2998"}],"wp:attachment":[{"href":"https:\/\/clinicadentalpalazon.com\/ca\/wp-json\/wp\/v2\/media?parent=2884"}],"curies":[{"name":"wp","href":"https:\/\/api.w.org\/{rel}","templated":true}]}}