{"id":2880,"date":"2022-02-25T18:39:27","date_gmt":"2022-02-25T17:39:27","guid":{"rendered":"https:\/\/clinicadentalpalazon.com\/estetica-dental\/"},"modified":"2024-04-11T11:22:22","modified_gmt":"2024-04-11T09:22:22","slug":"estetica-dental","status":"publish","type":"page","link":"https:\/\/clinicadentalpalazon.com\/ca\/estetica-dental\/","title":{"rendered":"Est\u00e8tica dental"},"content":{"rendered":"<div class=\"wpb-content-wrapper\"><p>[vc_row full_width=&#8221;stretch_row_content_no_spaces&#8221;][vc_column]<div class=\"banner-area banner-5a1eb939d5268\"><div class=\"banner  fixed-height\" style=\"height: 540px;\"><div class=\"item banner-item-69f653dbae900 white content-align-center middle\" style=\"background-image: url(https:\/\/clinicadentalpalazon.com\/wp-content\/uploads\/2021\/07\/estetica-dental-tarragona.jpg);\"><div class=\"container\"><div class=\"cell\"><h1 class=\"h\"><span><\/span><\/h1><div class=\"link-area\"><\/div><\/div><\/div><\/div><\/div><\/div>[\/vc_column][\/vc_row][vc_row css_animation=&#8221;fadeInUp&#8221; css=&#8221;.vc_custom_1621939020312{margin-top: 40px !important;}&#8221;][vc_column][vc_custom_heading text=&#8221;EST\u00c8TICA DENTAL&#8221; font_container=&#8221;tag:h2|text_align:center|color:%2308b2b1&#8243; google_fonts=&#8221;font_family:Lato%3A100%2C100italic%2C300%2C300italic%2Cregular%2Citalic%2C700%2C700italic%2C900%2C900italic|font_style:300%20light%20regular%3A300%3Anormal&#8221; decor_line=&#8221;&#8221;][\/vc_column][\/vc_row][vc_row equal_height=&#8221;yes&#8221; content_placement=&#8221;middle&#8221; css=&#8221;.vc_custom_1621938964919{margin-bottom: 25px !important;background-color: #ffffff !important;}&#8221;][vc_column css_animation=&#8221;fadeInLeft&#8221; css=&#8221;.vc_custom_1518792103208{padding-top: 0px !important;padding-bottom: 0px !important;}&#8221;][vc_column_text]<\/p>\n<p style=\"text-align: center;\"><span style=\"font-family: Lato;\">Segur que tu tamb\u00e9 vols lluir unes dents <strong>blanques i ben alineades.<\/strong><\/span><\/p>\n<p style=\"text-align: center;\"><span style=\"font-family: Lato;\">\u00c9s normal, aix\u00f2 ens passa a tots. <\/span><\/p>\n<p style=\"text-align: center;\"><span style=\"font-family: Lato;\">A la Cl\u00ednica Dental Palaz\u00f3n, t\u2019ho fem f\u00e0cil: <strong>dissenyem digitalment el teu nou somriure<\/strong> sense motlles i te l&#8217;ensenyem <strong>abans de comen\u00e7ar el tractament.<\/strong><\/span><\/p>\n<p style=\"text-align: center;\"><span style=\"font-family: Lato;\">Si t&#8217;agrada, trobarem el tractament m\u00e9s convenient i, abans que te n\u2019adonis, estar\u00e0s <strong>lluint un somriure perfecte<\/strong>.<\/span><\/p>\n<p>[\/vc_column_text][\/vc_column][\/vc_row][vc_row equal_height=&#8221;yes&#8221; content_placement=&#8221;middle&#8221; css=&#8221;.vc_custom_1621939082974{margin-top: 20px !important;background-color: #ffffff !important;}&#8221;][vc_column css_animation=&#8221;fadeInLeft&#8221; width=&#8221;1\/2&#8243; css=&#8221;.vc_custom_1635942136405{padding-top: 0px !important;padding-bottom: 0px !important;}&#8221; offset=&#8221;vc_hidden-xs&#8221;][vc_column_text]<\/p>\n<p style=\"line-height: 1.8em; font-size: 18px;\"><strong><span style=\"font-family: Lato;\">BLANQUES COM EL PRIMER DIA<\/span><\/strong><\/p>\n<p><span style=\"font-family: Lato;\">Amb el pas del temps les dents perden esmalt i s\u2019esgrogueeixen. La soluci\u00f3 \u00e9s molt senzilla: un <strong>emblanquiment.<\/strong><\/span><\/p>\n<p><span style=\"font-family: Lato;\">S&#8217;apliquen uns gels en les dents que recuperen l&#8217;esmalt i el color blanc perduts. En <strong>menys d&#8217;una hora<\/strong> estar\u00e0 fet.<\/span><\/p>\n<p><span style=\"font-family: Lato;\">A m\u00e9s, pots combinar el tractament a la cl\u00ednica amb el tractament ambulatori i <strong>fer-lo tu mateix a casa<\/strong>. Nom\u00e9s haur\u00e0s de posar-te una f\u00e8rula que cont\u00e9 els gels.<\/span><\/p>\n<p><span style=\"font-family: Lato;\">Sigui com sigui, les teves dents <strong>recuperaran el color original.<\/strong> Sense cap mena de mol\u00e8stia.<\/span>[\/vc_column_text][\/vc_column][vc_column css_animation=&#8221;fadeInRight&#8221; width=&#8221;1\/2&#8243; css=&#8221;.vc_custom_1635942131801{padding-top: 0px !important;padding-bottom: 0px !important;}&#8221; offset=&#8221;vc_hidden-xs&#8221;][vc_single_image image=&#8221;2725&#8243; img_size=&#8221;600&#215;400&#8243;][\/vc_column][\/vc_row][vc_row equal_height=&#8221;yes&#8221; content_placement=&#8221;middle&#8221; css=&#8221;.vc_custom_1621939082974{margin-top: 20px !important;background-color: #ffffff !important;}&#8221;][vc_column css_animation=&#8221;fadeInRight&#8221; width=&#8221;1\/2&#8243; css=&#8221;.vc_custom_1635942119136{padding-top: 0px !important;padding-bottom: 0px !important;}&#8221; offset=&#8221;vc_hidden-lg vc_hidden-md vc_hidden-sm&#8221;][vc_single_image image=&#8221;2725&#8243; img_size=&#8221;600&#215;400&#8243;][\/vc_column][vc_column css_animation=&#8221;fadeInLeft&#8221; width=&#8221;1\/2&#8243; css=&#8221;.vc_custom_1635942125299{padding-top: 0px !important;padding-bottom: 0px !important;}&#8221; offset=&#8221;vc_hidden-lg vc_hidden-md vc_hidden-sm&#8221;][vc_column_text]<\/p>\n<p style=\"line-height: 1.8em; font-size: 18px;\"><strong><span style=\"font-family: Lato;\">BLANQUES COM EL PRIMER DIA<\/span><\/strong><\/p>\n<p><span style=\"font-family: Lato;\">Amb el pas del temps les dents perden esmalt i s\u2019esgrogueeixen. La soluci\u00f3 \u00e9s molt senzilla: un <strong>emblanquiment.<\/strong><\/span><\/p>\n<p><span style=\"font-family: Lato;\">S&#8217;apliquen uns gels en les dents que recuperen l&#8217;esmalt i el color blanc perduts. En <strong>menys d&#8217;una hora<\/strong> estar\u00e0 fet.<\/span><\/p>\n<p><span style=\"font-family: Lato;\">A m\u00e9s, pots combinar el tractament a la cl\u00ednica amb el tractament ambulatori i <strong>fer-lo tu mateix a casa<\/strong>. Nom\u00e9s haur\u00e0s de posar-te una f\u00e8rula que cont\u00e9 els gels.<\/span><\/p>\n<p><span style=\"font-family: Lato;\">Sigui com sigui, les teves dents <strong>recuperaran el color original.<\/strong> Sense cap mena de mol\u00e8stia.<\/span>[\/vc_column_text][vc_empty_space][\/vc_column][\/vc_row][vc_row equal_height=&#8221;yes&#8221; content_placement=&#8221;middle&#8221; css=&#8221;.vc_custom_1621939074892{background-color: #ffffff !important;}&#8221;][vc_column css_animation=&#8221;fadeInLeft&#8221; width=&#8221;1\/2&#8243; css=&#8221;.vc_custom_1518792103208{padding-top: 0px !important;padding-bottom: 0px !important;}&#8221;][vc_single_image image=&#8221;2726&#8243; img_size=&#8221;600&#215;400&#8243;][\/vc_column][vc_column css_animation=&#8221;fadeInRight&#8221; width=&#8221;1\/2&#8243; css=&#8221;.vc_custom_1518792112801{padding-top: 0px !important;padding-bottom: 0px !important;}&#8221;][vc_column_text]<\/p>\n<p style=\"line-height: 1.8em; font-size: 18px;\"><strong><span style=\"font-family: Lato;\">PERFECTES EN TOTES LES FACETES<\/span><\/strong><\/p>\n<p><span style=\"font-family: Lato;\">Si cal corregir el color i petits defectes en la forma de la dent, les <strong>facetes dentals<\/strong> s\u00f3n una opci\u00f3 <strong>est\u00e8tica i poc invasiva<\/strong>.<\/span><\/p>\n<p><span style=\"font-family: Lato;\">Funcionen com una lent de contacte: es col\u00b7loca una <strong>l\u00e0mina de cer\u00e0mica a la part frontal de la dent<\/strong>amb el color i la forma desitjats. \u00c9s un proc\u00e9s totalment segur, perqu\u00e8 la dent natural <strong>no es desgasta.<\/strong><\/span>[\/vc_column_text][vc_btn title=&#8221;DEMANA CITA&#8221; style=&#8221;custom&#8221; custom_background=&#8221;#004694&#8243; custom_text=&#8221;#ffffff&#8221; link=&#8221;url:https%3A%2F%2Fclinicadentalpalazon.com%2Fca%2Fdemana-cita-2%2F|&#8221;][\/vc_column][\/vc_row][vc_row full_width=&#8221;stretch_row_content&#8221; parallax=&#8221;content-moving-fade&#8221; parallax_speed_bg=&#8221;4&#8243; css_animation=&#8221;fadeInUp&#8221; background_position=&#8221;center center&#8221; css=&#8221;.vc_custom_1625500899003{margin-top: 55px !important;padding-top: 25px !important;background-color: #e6e6e6 !important;background-position: 0 0;background-repeat: no-repeat !important;}&#8221;][vc_column][vc_custom_heading text=&#8221;TENS ALGUN DUBTE? EXPLICA\u2019NS-HO.<\/p>\n<h6>Si tens dubtes o ens vols explicar el teu cas, telefona\u2019ns. Si ets m\u00e9s digital, pots demanar cita aqu\u00ed mateix:<\/h6>\n<p>&#8221; font_container=&#8221;tag:h3|text_align:left|color:%23000000&#8243; use_theme_fonts=&#8221;yes&#8221; decor_line=&#8221;&#8221; el_id=&#8221;titulo_siguemedia&#8221;][vc_column_text el_id=&#8221;formulario_siguemedia&#8221;]<\/p>\n<p style=\"text-align: center;\">\n<div class=\"wpcf7 no-js\" id=\"wpcf7-f187-o1\" lang=\"es-ES\" dir=\"ltr\">\n<div class=\"screen-reader-response\"><p role=\"status\" aria-live=\"polite\" aria-atomic=\"true\"><\/p> <ul><\/ul><\/div>\n<form action=\"\/ca\/wp-json\/wp\/v2\/pages\/2880#wpcf7-f187-o1\" method=\"post\" class=\"wpcf7-form init\" aria-label=\"Formulario de contacto\" novalidate=\"novalidate\" data-status=\"init\">\n<div style=\"display: none;\">\n<input type=\"hidden\" name=\"_wpcf7\" value=\"187\" \/>\n<input type=\"hidden\" name=\"_wpcf7_version\" value=\"5.9.3\" \/>\n<input type=\"hidden\" name=\"_wpcf7_locale\" value=\"es_ES\" \/>\n<input type=\"hidden\" name=\"_wpcf7_unit_tag\" value=\"wpcf7-f187-o1\" \/>\n<input type=\"hidden\" name=\"_wpcf7_container_post\" value=\"0\" \/>\n<input type=\"hidden\" name=\"_wpcf7_posted_data_hash\" value=\"\" \/>\n<input type=\"hidden\" name=\"_wpcf7_recaptcha_response\" value=\"\" \/>\n<\/div>\n<div class=\"form-b row\">\n\t<div class=\"col-xs-12 col-sm-6 col-md-4\">\n\t\t<p><span class=\"wpcf7-form-control-wrap\" data-name=\"f-name\"><input size=\"40\" class=\"wpcf7-form-control wpcf7-text style1\" aria-invalid=\"false\" placeholder=\"Nombre\" value=\"\" type=\"text\" name=\"f-name\" \/><\/span><span class=\"wpcf7-form-control-wrap\" data-name=\"f-mail\"><input size=\"40\" class=\"wpcf7-form-control wpcf7-text style1\" aria-invalid=\"false\" placeholder=\"Correo electr\u00f3nico\" value=\"\" type=\"text\" name=\"f-mail\" \/><\/span><span class=\"wpcf7-form-control-wrap\" data-name=\"f-phone\"><input size=\"40\" class=\"wpcf7-form-control wpcf7-text style1\" aria-invalid=\"false\" placeholder=\"Tel\u00e9fono\" value=\"\" type=\"text\" name=\"f-phone\" \/><\/span>\n\t\t<\/p>\n\t<\/div>\n\t<div class=\"col-xs-12 col-md-4\">\n\t\t<p><span class=\"wpcf7-form-control-wrap\" data-name=\"f-text\"><textarea cols=\"40\" rows=\"5\" class=\"wpcf7-form-control wpcf7-textarea style1\" aria-invalid=\"false\" placeholder=\"\u00bfEn qu\u00e9 podemos ayudarte?\" name=\"f-text\"><\/textarea><\/span>\n\t\t<\/p>\n\t\t<div class=\"acheck\">\n\t\t\t<p><span class=\"wpcf7-form-control-wrap\" data-name=\"acceptance-377\"><span class=\"wpcf7-form-control wpcf7-acceptance\"><span class=\"wpcf7-list-item\"><input type=\"checkbox\" name=\"acceptance-377\" value=\"1\" aria-invalid=\"false\" \/><\/span><\/span><\/span><label style=\"color:#000000\">Acepto la <a href=\"https:\/\/clinicadentalpalazon.com\/politica-de-privacidad\/\" target=\"_blank\">Pol\u00edtica de Privacidad<\/a><\/label>\n\t\t\t<\/p>\n\t\t<\/div>\n\t\t<p><span class=\"wpcf7-form-control-wrap\" data-name=\"hcap-cf7\">\t\t<input\n\t\t\t\ttype=\"hidden\"\n\t\t\t\tclass=\"hcaptcha-widget-id\"\n\t\t\t\tname=\"hcaptcha-widget-id\"\n\t\t\t\tvalue=\"eyJzb3VyY2UiOlsiY29udGFjdC1mb3JtLTdcL3dwLWNvbnRhY3QtZm9ybS03LnBocCJdLCJmb3JtX2lkIjoxODd9-7f9fc15b691059a7cdccd52e775db43e\">\n\t\t\t\t<span id=\"hcap_cf7-69f653dbb50533.45263415\" class=\"wpcf7-form-control h-captcha \"\n\t\t\tdata-sitekey=\"50ec7008-d9e2-4bc6-ad50-449ca57808f6\"\n\t\t\tdata-theme=\"light\"\n\t\t\tdata-size=\"normal\"\n\t\t\tdata-auto=\"false\"\n\t\t\tdata-force=\"false\">\n\t\t<\/span>\n\t\t<input type=\"hidden\" id=\"_wpnonce\" name=\"_wpnonce\" value=\"5454c29ca2\" \/><input type=\"hidden\" name=\"_wp_http_referer\" value=\"\/ca\/wp-json\/wp\/v2\/pages\/2880\" \/><\/span><input type=\"submit\" style=\"background-color: #14438f;\" value=\"ENVIAR\" class=\"wpcf7-form-control wpcf7-submit button-style1\" disabled=\"\" \/>\n\t\t<\/p>\n\t<\/div>\n<\/div><div class=\"wpcf7-response-output\" aria-hidden=\"true\"><\/div>\n<\/form>\n<\/div>\n<p>[\/vc_column_text][\/vc_column][\/vc_row]<\/p>\n<\/div>","protected":false},"excerpt":{"rendered":"<p>[vc_row full_width=&#8221;stretch_row_content_no_spaces&#8221;][vc_column][\/vc_column][\/vc_row][vc_row css_animation=&#8221;fadeInUp&#8221; css=&#8221;.vc_custom_1621939020312{margin-top: 40px !important;}&#8221;][vc_column][vc_custom_heading text=&#8221;EST\u00c8TICA DENTAL&#8221; font_container=&#8221;tag:h2|text_align:center|color:%2308b2b1&#8243; google_fonts=&#8221;font_family:Lato%3A100%2C100italic%2C300%2C300italic%2Cregular%2Citalic%2C700%2C700italic%2C900%2C900italic|font_style:300%20light%20regular%3A300%3Anormal&#8221; decor_line=&#8221;&#8221;][\/vc_column][\/vc_row][vc_row equal_height=&#8221;yes&#8221; content_placement=&#8221;middle&#8221; css=&#8221;.vc_custom_1621938964919{margin-bottom: 25px !important;background-color: #ffffff !important;}&#8221;][vc_column css_animation=&#8221;fadeInLeft&#8221; css=&#8221;.vc_custom_1518792103208{padding-top: 0px !important;padding-bottom: 0px !important;}&#8221;][vc_column_text] Segur que tu tamb\u00e9 vols lluir unes dents blanques i ben alineades. \u00c9s normal, aix\u00f2 ens passa a tots. A la Cl\u00ednica Dental Palaz\u00f3n, t\u2019ho fem f\u00e0cil: dissenyem digitalment el teu [&hellip;]<\/p>\n","protected":false},"author":1,"featured_media":0,"parent":0,"menu_order":0,"comment_status":"closed","ping_status":"closed","template":"template-landing.php","meta":{"_acf_changed":false,"footnotes":""},"acf":[],"yoast_head":"<!-- This site is optimized with the Yoast SEO plugin v22.4 - https:\/\/yoast.com\/wordpress\/plugins\/seo\/ -->\n<title>Est\u00e8tica dental - Cl\u00ednica Dental Palaz\u00f3n<\/title>\n<meta name=\"description\" content=\"A la Cl\u00ednica Dental Palaz\u00f3n, t\u2019ho fem f\u00e0cil: dissenyem digitalment el teu nou somriure sense motlles i te l&#039;ensenyem abans de comen\u00e7ar el tractament.\" \/>\n<meta name=\"robots\" content=\"index, follow, max-snippet:-1, max-image-preview:large, max-video-preview:-1\" \/>\n<link rel=\"canonical\" href=\"https:\/\/clinicadentalpalazon.com\/ca\/estetica-dental\/\" \/>\n<meta property=\"og:locale\" content=\"ca_ES\" \/>\n<meta property=\"og:type\" content=\"article\" \/>\n<meta property=\"og:title\" content=\"Est\u00e8tica dental - Cl\u00ednica Dental Palaz\u00f3n\" \/>\n<meta property=\"og:description\" content=\"A la Cl\u00ednica Dental Palaz\u00f3n, t\u2019ho fem f\u00e0cil: dissenyem digitalment el teu nou somriure sense motlles i te l&#039;ensenyem abans de comen\u00e7ar el tractament.\" \/>\n<meta property=\"og:url\" content=\"https:\/\/clinicadentalpalazon.com\/ca\/estetica-dental\/\" \/>\n<meta property=\"og:site_name\" content=\"Cl\u00ednica Dental Palaz\u00f3n\" \/>\n<meta property=\"article:modified_time\" content=\"2024-04-11T09:22:22+00:00\" \/>\n<meta name=\"twitter:card\" content=\"summary_large_image\" \/>\n<meta name=\"twitter:label1\" content=\"Temps estimat de lectura\" \/>\n\t<meta name=\"twitter:data1\" content=\"3 minuts\" \/>\n<script type=\"application\/ld+json\" class=\"yoast-schema-graph\">{\"@context\":\"https:\/\/schema.org\",\"@graph\":[{\"@type\":\"WebPage\",\"@id\":\"https:\/\/clinicadentalpalazon.com\/ca\/estetica-dental\/\",\"url\":\"https:\/\/clinicadentalpalazon.com\/ca\/estetica-dental\/\",\"name\":\"Est\u00e8tica dental - Cl\u00ednica Dental Palaz\u00f3n\",\"isPartOf\":{\"@id\":\"https:\/\/clinicadentalpalazon.com\/#website\"},\"datePublished\":\"2022-02-25T17:39:27+00:00\",\"dateModified\":\"2024-04-11T09:22:22+00:00\",\"description\":\"A la Cl\u00ednica Dental Palaz\u00f3n, t\u2019ho fem f\u00e0cil: dissenyem digitalment el teu nou somriure sense motlles i te l'ensenyem abans de comen\u00e7ar el tractament.\",\"breadcrumb\":{\"@id\":\"https:\/\/clinicadentalpalazon.com\/ca\/estetica-dental\/#breadcrumb\"},\"inLanguage\":\"ca\",\"potentialAction\":[{\"@type\":\"ReadAction\",\"target\":[\"https:\/\/clinicadentalpalazon.com\/ca\/estetica-dental\/\"]}]},{\"@type\":\"BreadcrumbList\",\"@id\":\"https:\/\/clinicadentalpalazon.com\/ca\/estetica-dental\/#breadcrumb\",\"itemListElement\":[{\"@type\":\"ListItem\",\"position\":1,\"name\":\"Portada\",\"item\":\"https:\/\/clinicadentalpalazon.com\/ca\/clinica-dental-palazon\/\"},{\"@type\":\"ListItem\",\"position\":2,\"name\":\"Est\u00e8tica dental\"}]},{\"@type\":\"WebSite\",\"@id\":\"https:\/\/clinicadentalpalazon.com\/#website\",\"url\":\"https:\/\/clinicadentalpalazon.com\/\",\"name\":\"Cl\u00ednica Dental Palaz\u00f3n\",\"description\":\"Cl\u00ednica dental en Tarragona\",\"potentialAction\":[{\"@type\":\"SearchAction\",\"target\":{\"@type\":\"EntryPoint\",\"urlTemplate\":\"https:\/\/clinicadentalpalazon.com\/?s={search_term_string}\"},\"query-input\":\"required name=search_term_string\"}],\"inLanguage\":\"ca\"}]}<\/script>\n<!-- \/ Yoast SEO plugin. -->","yoast_head_json":{"title":"Est\u00e8tica dental - Cl\u00ednica Dental Palaz\u00f3n","description":"A la Cl\u00ednica Dental Palaz\u00f3n, t\u2019ho fem f\u00e0cil: dissenyem digitalment el teu nou somriure sense motlles i te l'ensenyem abans de comen\u00e7ar el tractament.","robots":{"index":"index","follow":"follow","max-snippet":"max-snippet:-1","max-image-preview":"max-image-preview:large","max-video-preview":"max-video-preview:-1"},"canonical":"https:\/\/clinicadentalpalazon.com\/ca\/estetica-dental\/","og_locale":"ca_ES","og_type":"article","og_title":"Est\u00e8tica dental - Cl\u00ednica Dental Palaz\u00f3n","og_description":"A la Cl\u00ednica Dental Palaz\u00f3n, t\u2019ho fem f\u00e0cil: dissenyem digitalment el teu nou somriure sense motlles i te l'ensenyem abans de comen\u00e7ar el tractament.","og_url":"https:\/\/clinicadentalpalazon.com\/ca\/estetica-dental\/","og_site_name":"Cl\u00ednica Dental Palaz\u00f3n","article_modified_time":"2024-04-11T09:22:22+00:00","twitter_card":"summary_large_image","twitter_misc":{"Temps estimat de lectura":"3 minuts"},"schema":{"@context":"https:\/\/schema.org","@graph":[{"@type":"WebPage","@id":"https:\/\/clinicadentalpalazon.com\/ca\/estetica-dental\/","url":"https:\/\/clinicadentalpalazon.com\/ca\/estetica-dental\/","name":"Est\u00e8tica dental - Cl\u00ednica Dental Palaz\u00f3n","isPartOf":{"@id":"https:\/\/clinicadentalpalazon.com\/#website"},"datePublished":"2022-02-25T17:39:27+00:00","dateModified":"2024-04-11T09:22:22+00:00","description":"A la Cl\u00ednica Dental Palaz\u00f3n, t\u2019ho fem f\u00e0cil: dissenyem digitalment el teu nou somriure sense motlles i te l'ensenyem abans de comen\u00e7ar el tractament.","breadcrumb":{"@id":"https:\/\/clinicadentalpalazon.com\/ca\/estetica-dental\/#breadcrumb"},"inLanguage":"ca","potentialAction":[{"@type":"ReadAction","target":["https:\/\/clinicadentalpalazon.com\/ca\/estetica-dental\/"]}]},{"@type":"BreadcrumbList","@id":"https:\/\/clinicadentalpalazon.com\/ca\/estetica-dental\/#breadcrumb","itemListElement":[{"@type":"ListItem","position":1,"name":"Portada","item":"https:\/\/clinicadentalpalazon.com\/ca\/clinica-dental-palazon\/"},{"@type":"ListItem","position":2,"name":"Est\u00e8tica dental"}]},{"@type":"WebSite","@id":"https:\/\/clinicadentalpalazon.com\/#website","url":"https:\/\/clinicadentalpalazon.com\/","name":"Cl\u00ednica Dental Palaz\u00f3n","description":"Cl\u00ednica dental en Tarragona","potentialAction":[{"@type":"SearchAction","target":{"@type":"EntryPoint","urlTemplate":"https:\/\/clinicadentalpalazon.com\/?s={search_term_string}"},"query-input":"required name=search_term_string"}],"inLanguage":"ca"}]}},"_links":{"self":[{"href":"https:\/\/clinicadentalpalazon.com\/ca\/wp-json\/wp\/v2\/pages\/2880"}],"collection":[{"href":"https:\/\/clinicadentalpalazon.com\/ca\/wp-json\/wp\/v2\/pages"}],"about":[{"href":"https:\/\/clinicadentalpalazon.com\/ca\/wp-json\/wp\/v2\/types\/page"}],"author":[{"embeddable":true,"href":"https:\/\/clinicadentalpalazon.com\/ca\/wp-json\/wp\/v2\/users\/1"}],"replies":[{"embeddable":true,"href":"https:\/\/clinicadentalpalazon.com\/ca\/wp-json\/wp\/v2\/comments?post=2880"}],"version-history":[{"count":7,"href":"https:\/\/clinicadentalpalazon.com\/ca\/wp-json\/wp\/v2\/pages\/2880\/revisions"}],"predecessor-version":[{"id":3138,"href":"https:\/\/clinicadentalpalazon.com\/ca\/wp-json\/wp\/v2\/pages\/2880\/revisions\/3138"}],"wp:attachment":[{"href":"https:\/\/clinicadentalpalazon.com\/ca\/wp-json\/wp\/v2\/media?parent=2880"}],"curies":[{"name":"wp","href":"https:\/\/api.w.org\/{rel}","templated":true}]}}