{"id":2876,"date":"2022-02-25T18:33:30","date_gmt":"2022-02-25T17:33:30","guid":{"rendered":"https:\/\/clinicadentalpalazon.com\/periodoncia\/"},"modified":"2022-03-14T11:35:06","modified_gmt":"2022-03-14T10:35:06","slug":"periodoncia","status":"publish","type":"page","link":"https:\/\/clinicadentalpalazon.com\/ca\/periodoncia\/","title":{"rendered":"Period\u00f2ncia"},"content":{"rendered":"<div class=\"wpb-content-wrapper\"><p>[vc_row full_width=&#8221;stretch_row_content_no_spaces&#8221;][vc_column]<div class=\"banner-area banner-5a1eb939d5268\"><div class=\"banner  fixed-height\" style=\"height: 540px;\"><div class=\"item banner-item-69e75f541abce white content-align-center middle\" style=\"background-image: url(https:\/\/clinicadentalpalazon.com\/wp-content\/uploads\/2021\/07\/periodoncia-tarragona.jpg);\"><div class=\"container\"><div class=\"cell\"><h1 class=\"h\"><span><\/span><\/h1><div class=\"link-area\"><\/div><\/div><\/div><\/div><\/div><\/div>[\/vc_column][\/vc_row][vc_row css_animation=&#8221;fadeInUp&#8221; css=&#8221;.vc_custom_1624361755261{margin-top: 25px !important;}&#8221;][vc_column][vc_custom_heading text=&#8221;PERIOD\u00d2NCIA&#8221; font_container=&#8221;tag:h2|text_align:center|color:%2308b2b1&#8243; google_fonts=&#8221;font_family:Lato%3A100%2C100italic%2C300%2C300italic%2Cregular%2Citalic%2C700%2C700italic%2C900%2C900italic|font_style:300%20light%20regular%3A300%3Anormal&#8221; decor_line=&#8221;&#8221;][\/vc_column][\/vc_row][vc_row equal_height=&#8221;yes&#8221; content_placement=&#8221;middle&#8221; css=&#8221;.vc_custom_1624361767604{margin-bottom: 25px !important;background-color: #ffffff !important;}&#8221;][vc_column css_animation=&#8221;fadeInLeft&#8221; css=&#8221;.vc_custom_1624361772846{padding-top: 0px !important;padding-bottom: 0px !important;}&#8221;][vc_column_text]<\/p>\n<p style=\"text-align: center;\"><span style=\"font-family: Lato;\">Gaireb\u00e9 mai no fan mal i per aix\u00f2 no se solen cuidar com cal. Si mantens les <strong>genives en bon estat<\/strong>, evitar\u00e0s complicacions com ara la gingivitis i la periodontitis, que s\u00f3n les <strong>primeres causes de p\u00e8rdues dentals en adults.<\/strong><\/span><\/p>\n<p style=\"text-align: center;\"><span style=\"font-family: Lato;\">Per\u00f2, si no fan mal, com pots saber si tens cap problema a les genives?<\/span><\/p>\n<p style=\"text-align: center;\"><span style=\"font-family: Lato;\">Hi ha diversos s\u00edmptomes que manifesten problemes. Els m\u00e9s visibles s\u00f3n el sagnat i el moviment de les peces dentals, per\u00f2 si tens les dents cada vegada m\u00e9s llargues o s&#8217;hi han obert espais, podries estar patint una malaltia periodontal.<\/span><\/p>\n<p>[\/vc_column_text][\/vc_column][\/vc_row][vc_row css_animation=&#8221;fadeInUp&#8221; css=&#8221;.vc_custom_1624362043264{margin-top: -25px !important;}&#8221;][vc_column][vc_row_inner][vc_column_inner width=&#8221;1\/3&#8243;][vc_single_image image=&#8221;2731&#8243; img_size=&#8221;600&#215;400&#8243;][vc_column_text]Si mantens unes genives en bon estat, no sols estar\u00e0s cuidant <strong>la teva salut bucal<\/strong>, sin\u00f3 tamb\u00e9 <strong>la teva salut en general<\/strong>. Pot ser que no sigui evident, per\u00f2 les malalties periodontals estan molt relacionades amb problemes cardiovasculars i dificultats durant l&#8217;embar\u00e0s.[\/vc_column_text][\/vc_column_inner][vc_column_inner width=&#8221;1\/3&#8243;][vc_single_image image=&#8221;2714&#8243; img_size=&#8221;600&#215;400&#8243; css=&#8221;.vc_custom_1625130037570{padding-top: 0px !important;padding-bottom: 0px !important;}&#8221;][vc_column_text]<span style=\"font-family: Lato;\">Per norma general, una neteja professional de dents i genives \u00e9s suficient per a eliminar la infecci\u00f3. En el cas de les genives, <strong>un diagn\u00f2stic d&#8217;hora permet tractar qualsevol malaltia mitjan\u00e7ant tractaments poc dolorosos i m\u00ednimament invasius.<\/strong><\/span>[\/vc_column_text][\/vc_column_inner][vc_column_inner width=&#8221;1\/3&#8243;][vc_single_image image=&#8221;2715&#8243; img_size=&#8221;600&#215;400&#8243; css=&#8221;.vc_custom_1625130178883{padding-top: 0px !important;padding-bottom: 0px !important;}&#8221;][vc_column_text]<span style=\"font-family: Lato;\">Si la neteja no \u00e9s suficient, es realitza una lleu intervenci\u00f3 quir\u00fargica per a netejar m\u00e9s minuciosament i avaluar l&#8217;estat de l&#8217;os. Si \u00e9s necessari, realitzem empelts o drenatges per a <strong>evitar la p\u00e8rdua de dents i recuperar la salut bucal.<\/strong><\/span>[\/vc_column_text][\/vc_column_inner][\/vc_row_inner][\/vc_column][\/vc_row][vc_row full_width=&#8221;stretch_row_content&#8221; parallax=&#8221;content-moving-fade&#8221; parallax_speed_bg=&#8221;4&#8243; css_animation=&#8221;fadeInUp&#8221; background_position=&#8221;center center&#8221; css=&#8221;.vc_custom_1625501100709{margin-top: 25px !important;padding-top: 25px !important;background-color: #e6e6e6 !important;background-position: 0 0;background-repeat: no-repeat !important;}&#8221;][vc_column][vc_custom_heading text=&#8221;TENS ALGUN DUBTE? EXPLICA\u2019NS-HO.<\/p>\n<h6>Si tens dubtes o ens vols explicar el teu cas, telefona\u2019ns. Si ets m\u00e9s digital, pots demanar cita aqu\u00ed mateix:<\/h6>\n<p>&#8221; font_container=&#8221;tag:h3|text_align:left|color:%23000000&#8243; use_theme_fonts=&#8221;yes&#8221; decor_line=&#8221;&#8221; el_id=&#8221;titulo_siguemedia&#8221;][vc_column_text el_id=&#8221;formulario_siguemedia&#8221;]<\/p>\n<p style=\"text-align: center;\">\n<div class=\"wpcf7 no-js\" id=\"wpcf7-f2949-o1\" lang=\"es-ES\" dir=\"ltr\">\n<div class=\"screen-reader-response\"><p role=\"status\" aria-live=\"polite\" aria-atomic=\"true\"><\/p> <ul><\/ul><\/div>\n<form action=\"\/ca\/wp-json\/wp\/v2\/pages\/2876#wpcf7-f2949-o1\" method=\"post\" class=\"wpcf7-form init\" aria-label=\"Formulario de contacto\" novalidate=\"novalidate\" data-status=\"init\">\n<div style=\"display: none;\">\n<input type=\"hidden\" name=\"_wpcf7\" value=\"2949\" \/>\n<input type=\"hidden\" name=\"_wpcf7_version\" value=\"5.9.3\" \/>\n<input type=\"hidden\" name=\"_wpcf7_locale\" value=\"es_ES\" \/>\n<input type=\"hidden\" name=\"_wpcf7_unit_tag\" value=\"wpcf7-f2949-o1\" \/>\n<input type=\"hidden\" name=\"_wpcf7_container_post\" value=\"0\" \/>\n<input type=\"hidden\" name=\"_wpcf7_posted_data_hash\" value=\"\" \/>\n<input type=\"hidden\" name=\"_wpcf7_recaptcha_response\" value=\"\" \/>\n<\/div>\n<div class=\"form-b row\">\n\t<div class=\"col-xs-12 col-sm-6 col-md-4\">\n\t\t<p><span class=\"wpcf7-form-control-wrap\" data-name=\"f-name\"><input size=\"40\" class=\"wpcf7-form-control wpcf7-text style1\" aria-invalid=\"false\" placeholder=\"Nom\" value=\"\" type=\"text\" name=\"f-name\" \/><\/span><span class=\"wpcf7-form-control-wrap\" data-name=\"f-mail\"><input size=\"40\" class=\"wpcf7-form-control wpcf7-text style1\" aria-invalid=\"false\" placeholder=\"Correu electr\u00f3nic\" value=\"\" type=\"text\" name=\"f-mail\" \/><\/span><span class=\"wpcf7-form-control-wrap\" data-name=\"f-phone\"><input size=\"40\" class=\"wpcf7-form-control wpcf7-text style1\" aria-invalid=\"false\" placeholder=\"Tel\u00e8fon\" value=\"\" type=\"text\" name=\"f-phone\" \/><\/span>\n\t\t<\/p>\n\t<\/div>\n\t<div class=\"col-xs-12 col-md-4\">\n\t\t<p><span class=\"wpcf7-form-control-wrap\" data-name=\"f-text\"><textarea cols=\"40\" rows=\"5\" class=\"wpcf7-form-control wpcf7-textarea style1\" aria-invalid=\"false\" placeholder=\"En qu\u00e8 podem ajudar-te?\" name=\"f-text\"><\/textarea><\/span>\n\t\t<\/p>\n\t\t<div class=\"acheck\">\n\t\t\t<p><span class=\"wpcf7-form-control-wrap\" data-name=\"acceptance-377\"><span class=\"wpcf7-form-control wpcf7-acceptance\"><span class=\"wpcf7-list-item\"><input type=\"checkbox\" name=\"acceptance-377\" value=\"1\" aria-invalid=\"false\" \/><\/span><\/span><\/span><label style=\"color:#000000\">Acepto la <a href=\"https:\/\/clinicadentalpalazon.com\/ca\/politica-de-privacitat\/\" target=\"_blank\">Pol\u00edtica de Privacitat<\/a><\/label>\n\t\t\t<\/p>\n\t\t<\/div>\n\t\t<p><span class=\"wpcf7-form-control-wrap\" data-name=\"hcap-cf7\">\t\t<input\n\t\t\t\ttype=\"hidden\"\n\t\t\t\tclass=\"hcaptcha-widget-id\"\n\t\t\t\tname=\"hcaptcha-widget-id\"\n\t\t\t\tvalue=\"eyJzb3VyY2UiOlsiY29udGFjdC1mb3JtLTdcL3dwLWNvbnRhY3QtZm9ybS03LnBocCJdLCJmb3JtX2lkIjoyOTQ5fQ==-70a119cf3639b522a47955420e5a47bb\">\n\t\t\t\t<span id=\"hcap_cf7-69e75f54238f27.60192446\" class=\"wpcf7-form-control h-captcha \"\n\t\t\tdata-sitekey=\"50ec7008-d9e2-4bc6-ad50-449ca57808f6\"\n\t\t\tdata-theme=\"light\"\n\t\t\tdata-size=\"normal\"\n\t\t\tdata-auto=\"false\"\n\t\t\tdata-force=\"false\">\n\t\t<\/span>\n\t\t<input type=\"hidden\" id=\"_wpnonce\" name=\"_wpnonce\" value=\"38d06c818c\" \/><input type=\"hidden\" name=\"_wp_http_referer\" value=\"\/ca\/wp-json\/wp\/v2\/pages\/2876\" \/><\/span><input type=\"submit\" style=\"background-color: #14438f;\" value=\"ENVIAR\" class=\"wpcf7-form-control wpcf7-submit button-style1\" disabled=\"\" \/>\n\t\t<\/p>\n\t<\/div>\n<\/div><div class=\"wpcf7-response-output\" aria-hidden=\"true\"><\/div>\n<\/form>\n<\/div>\n<p>[\/vc_column_text][\/vc_column][\/vc_row]<\/p>\n<\/div>","protected":false},"excerpt":{"rendered":"<p>[vc_row full_width=&#8221;stretch_row_content_no_spaces&#8221;][vc_column][\/vc_column][\/vc_row][vc_row css_animation=&#8221;fadeInUp&#8221; css=&#8221;.vc_custom_1624361755261{margin-top: 25px !important;}&#8221;][vc_column][vc_custom_heading text=&#8221;PERIOD\u00d2NCIA&#8221; font_container=&#8221;tag:h2|text_align:center|color:%2308b2b1&#8243; google_fonts=&#8221;font_family:Lato%3A100%2C100italic%2C300%2C300italic%2Cregular%2Citalic%2C700%2C700italic%2C900%2C900italic|font_style:300%20light%20regular%3A300%3Anormal&#8221; decor_line=&#8221;&#8221;][\/vc_column][\/vc_row][vc_row equal_height=&#8221;yes&#8221; content_placement=&#8221;middle&#8221; css=&#8221;.vc_custom_1624361767604{margin-bottom: 25px !important;background-color: #ffffff !important;}&#8221;][vc_column css_animation=&#8221;fadeInLeft&#8221; css=&#8221;.vc_custom_1624361772846{padding-top: 0px !important;padding-bottom: 0px !important;}&#8221;][vc_column_text] Gaireb\u00e9 mai no fan mal i per aix\u00f2 no se solen cuidar com cal. Si mantens les genives en bon estat, evitar\u00e0s complicacions com ara la gingivitis i la periodontitis, que s\u00f3n [&hellip;]<\/p>\n","protected":false},"author":1,"featured_media":0,"parent":0,"menu_order":0,"comment_status":"closed","ping_status":"closed","template":"template-landing.php","meta":{"_acf_changed":false,"footnotes":""},"acf":[],"yoast_head":"<!-- This site is optimized with the Yoast SEO plugin v22.4 - https:\/\/yoast.com\/wordpress\/plugins\/seo\/ -->\n<title>Period\u00f2ncia - Cl\u00ednica Dental Palaz\u00f3n<\/title>\n<meta name=\"description\" content=\"Gaireb\u00e9 mai no fan mal i per aix\u00f2 no se solen cuidar com cal. Si mantens les genives en bon estat, evitar\u00e0s complicacions com ara la gingivitis i la periodontitis, que s\u00f3n les primeres causes de p\u00e8rdues dentals en adults.\" \/>\n<meta name=\"robots\" content=\"index, follow, max-snippet:-1, max-image-preview:large, max-video-preview:-1\" \/>\n<link rel=\"canonical\" href=\"https:\/\/clinicadentalpalazon.com\/ca\/periodoncia\/\" \/>\n<meta property=\"og:locale\" content=\"ca_ES\" \/>\n<meta property=\"og:type\" content=\"article\" \/>\n<meta property=\"og:title\" content=\"Period\u00f2ncia - Cl\u00ednica Dental Palaz\u00f3n\" \/>\n<meta property=\"og:description\" content=\"Gaireb\u00e9 mai no fan mal i per aix\u00f2 no se solen cuidar com cal. Si mantens les genives en bon estat, evitar\u00e0s complicacions com ara la gingivitis i la periodontitis, que s\u00f3n les primeres causes de p\u00e8rdues dentals en adults.\" \/>\n<meta property=\"og:url\" content=\"https:\/\/clinicadentalpalazon.com\/ca\/periodoncia\/\" \/>\n<meta property=\"og:site_name\" content=\"Cl\u00ednica Dental Palaz\u00f3n\" \/>\n<meta property=\"article:modified_time\" content=\"2022-03-14T10:35:06+00:00\" \/>\n<meta name=\"twitter:card\" content=\"summary_large_image\" \/>\n<meta name=\"twitter:label1\" content=\"Temps estimat de lectura\" \/>\n\t<meta name=\"twitter:data1\" content=\"2 minuts\" \/>\n<script type=\"application\/ld+json\" class=\"yoast-schema-graph\">{\"@context\":\"https:\/\/schema.org\",\"@graph\":[{\"@type\":\"WebPage\",\"@id\":\"https:\/\/clinicadentalpalazon.com\/ca\/periodoncia\/\",\"url\":\"https:\/\/clinicadentalpalazon.com\/ca\/periodoncia\/\",\"name\":\"Period\u00f2ncia - Cl\u00ednica Dental Palaz\u00f3n\",\"isPartOf\":{\"@id\":\"https:\/\/clinicadentalpalazon.com\/#website\"},\"datePublished\":\"2022-02-25T17:33:30+00:00\",\"dateModified\":\"2022-03-14T10:35:06+00:00\",\"description\":\"Gaireb\u00e9 mai no fan mal i per aix\u00f2 no se solen cuidar com cal. Si mantens les genives en bon estat, evitar\u00e0s complicacions com ara la gingivitis i la periodontitis, que s\u00f3n les primeres causes de p\u00e8rdues dentals en adults.\",\"breadcrumb\":{\"@id\":\"https:\/\/clinicadentalpalazon.com\/ca\/periodoncia\/#breadcrumb\"},\"inLanguage\":\"ca\",\"potentialAction\":[{\"@type\":\"ReadAction\",\"target\":[\"https:\/\/clinicadentalpalazon.com\/ca\/periodoncia\/\"]}]},{\"@type\":\"BreadcrumbList\",\"@id\":\"https:\/\/clinicadentalpalazon.com\/ca\/periodoncia\/#breadcrumb\",\"itemListElement\":[{\"@type\":\"ListItem\",\"position\":1,\"name\":\"Portada\",\"item\":\"https:\/\/clinicadentalpalazon.com\/ca\/clinica-dental-palazon\/\"},{\"@type\":\"ListItem\",\"position\":2,\"name\":\"Period\u00f2ncia\"}]},{\"@type\":\"WebSite\",\"@id\":\"https:\/\/clinicadentalpalazon.com\/#website\",\"url\":\"https:\/\/clinicadentalpalazon.com\/\",\"name\":\"Cl\u00ednica Dental Palaz\u00f3n\",\"description\":\"Cl\u00ednica dental en Tarragona\",\"potentialAction\":[{\"@type\":\"SearchAction\",\"target\":{\"@type\":\"EntryPoint\",\"urlTemplate\":\"https:\/\/clinicadentalpalazon.com\/?s={search_term_string}\"},\"query-input\":\"required name=search_term_string\"}],\"inLanguage\":\"ca\"}]}<\/script>\n<!-- \/ Yoast SEO plugin. -->","yoast_head_json":{"title":"Period\u00f2ncia - Cl\u00ednica Dental Palaz\u00f3n","description":"Gaireb\u00e9 mai no fan mal i per aix\u00f2 no se solen cuidar com cal. Si mantens les genives en bon estat, evitar\u00e0s complicacions com ara la gingivitis i la periodontitis, que s\u00f3n les primeres causes de p\u00e8rdues dentals en adults.","robots":{"index":"index","follow":"follow","max-snippet":"max-snippet:-1","max-image-preview":"max-image-preview:large","max-video-preview":"max-video-preview:-1"},"canonical":"https:\/\/clinicadentalpalazon.com\/ca\/periodoncia\/","og_locale":"ca_ES","og_type":"article","og_title":"Period\u00f2ncia - Cl\u00ednica Dental Palaz\u00f3n","og_description":"Gaireb\u00e9 mai no fan mal i per aix\u00f2 no se solen cuidar com cal. Si mantens les genives en bon estat, evitar\u00e0s complicacions com ara la gingivitis i la periodontitis, que s\u00f3n les primeres causes de p\u00e8rdues dentals en adults.","og_url":"https:\/\/clinicadentalpalazon.com\/ca\/periodoncia\/","og_site_name":"Cl\u00ednica Dental Palaz\u00f3n","article_modified_time":"2022-03-14T10:35:06+00:00","twitter_card":"summary_large_image","twitter_misc":{"Temps estimat de lectura":"2 minuts"},"schema":{"@context":"https:\/\/schema.org","@graph":[{"@type":"WebPage","@id":"https:\/\/clinicadentalpalazon.com\/ca\/periodoncia\/","url":"https:\/\/clinicadentalpalazon.com\/ca\/periodoncia\/","name":"Period\u00f2ncia - Cl\u00ednica Dental Palaz\u00f3n","isPartOf":{"@id":"https:\/\/clinicadentalpalazon.com\/#website"},"datePublished":"2022-02-25T17:33:30+00:00","dateModified":"2022-03-14T10:35:06+00:00","description":"Gaireb\u00e9 mai no fan mal i per aix\u00f2 no se solen cuidar com cal. Si mantens les genives en bon estat, evitar\u00e0s complicacions com ara la gingivitis i la periodontitis, que s\u00f3n les primeres causes de p\u00e8rdues dentals en adults.","breadcrumb":{"@id":"https:\/\/clinicadentalpalazon.com\/ca\/periodoncia\/#breadcrumb"},"inLanguage":"ca","potentialAction":[{"@type":"ReadAction","target":["https:\/\/clinicadentalpalazon.com\/ca\/periodoncia\/"]}]},{"@type":"BreadcrumbList","@id":"https:\/\/clinicadentalpalazon.com\/ca\/periodoncia\/#breadcrumb","itemListElement":[{"@type":"ListItem","position":1,"name":"Portada","item":"https:\/\/clinicadentalpalazon.com\/ca\/clinica-dental-palazon\/"},{"@type":"ListItem","position":2,"name":"Period\u00f2ncia"}]},{"@type":"WebSite","@id":"https:\/\/clinicadentalpalazon.com\/#website","url":"https:\/\/clinicadentalpalazon.com\/","name":"Cl\u00ednica Dental Palaz\u00f3n","description":"Cl\u00ednica dental en Tarragona","potentialAction":[{"@type":"SearchAction","target":{"@type":"EntryPoint","urlTemplate":"https:\/\/clinicadentalpalazon.com\/?s={search_term_string}"},"query-input":"required name=search_term_string"}],"inLanguage":"ca"}]}},"_links":{"self":[{"href":"https:\/\/clinicadentalpalazon.com\/ca\/wp-json\/wp\/v2\/pages\/2876"}],"collection":[{"href":"https:\/\/clinicadentalpalazon.com\/ca\/wp-json\/wp\/v2\/pages"}],"about":[{"href":"https:\/\/clinicadentalpalazon.com\/ca\/wp-json\/wp\/v2\/types\/page"}],"author":[{"embeddable":true,"href":"https:\/\/clinicadentalpalazon.com\/ca\/wp-json\/wp\/v2\/users\/1"}],"replies":[{"embeddable":true,"href":"https:\/\/clinicadentalpalazon.com\/ca\/wp-json\/wp\/v2\/comments?post=2876"}],"version-history":[{"count":4,"href":"https:\/\/clinicadentalpalazon.com\/ca\/wp-json\/wp\/v2\/pages\/2876\/revisions"}],"predecessor-version":[{"id":2966,"href":"https:\/\/clinicadentalpalazon.com\/ca\/wp-json\/wp\/v2\/pages\/2876\/revisions\/2966"}],"wp:attachment":[{"href":"https:\/\/clinicadentalpalazon.com\/ca\/wp-json\/wp\/v2\/media?parent=2876"}],"curies":[{"name":"wp","href":"https:\/\/api.w.org\/{rel}","templated":true}]}}