{"id":2872,"date":"2022-02-25T18:27:51","date_gmt":"2022-02-25T17:27:51","guid":{"rendered":"https:\/\/clinicadentalpalazon.com\/ortodoncia\/"},"modified":"2024-04-11T11:22:22","modified_gmt":"2024-04-11T09:22:22","slug":"ortodoncia","status":"publish","type":"page","link":"https:\/\/clinicadentalpalazon.com\/ca\/ortodoncia\/","title":{"rendered":"Ortod\u00f2ncia"},"content":{"rendered":"<div class=\"wpb-content-wrapper\"><p>[vc_row full_width=&#8221;stretch_row_content_no_spaces&#8221;][vc_column]<div class=\"banner-area banner-5a1eb939d5268\"><div class=\"banner  fixed-height\" style=\"height: 540px;\"><div class=\"item banner-item-69f27a7dbe387 white content-align-center middle\" style=\"background-image: url(https:\/\/clinicadentalpalazon.com\/wp-content\/uploads\/2021\/07\/ortodoncia-tarragona.jpg);\"><div class=\"container\"><div class=\"cell\"><h1 class=\"h\"><span><\/span><\/h1><div class=\"link-area\"><\/div><\/div><\/div><\/div><\/div><\/div>[\/vc_column][\/vc_row][vc_row css_animation=&#8221;fadeInUp&#8221; css=&#8221;.vc_custom_1624359066311{margin-top: 25px !important;}&#8221;][vc_column][vc_custom_heading text=&#8221;ORTOD\u00d2NCIA&#8221; font_container=&#8221;tag:h2|text_align:center|color:%2308b2b1&#8243; google_fonts=&#8221;font_family:Lato%3A100%2C100italic%2C300%2C300italic%2Cregular%2Citalic%2C700%2C700italic%2C900%2C900italic|font_style:300%20light%20regular%3A300%3Anormal&#8221; decor_line=&#8221;&#8221;][\/vc_column][\/vc_row][vc_row equal_height=&#8221;yes&#8221; content_placement=&#8221;middle&#8221; css=&#8221;.vc_custom_1621938964919{margin-bottom: 25px !important;background-color: #ffffff !important;}&#8221;][vc_column css_animation=&#8221;fadeInLeft&#8221; css=&#8221;.vc_custom_1518792103208{padding-top: 0px !important;padding-bottom: 0px !important;}&#8221;][vc_column_text]<\/p>\n<p style=\"text-align: center;\"><span style=\"font-family: Lato;\">Llueix el <strong>teu millor somriure<\/strong> i recupera la <strong>funcionalitat de la boca<\/strong>. Amb una planificaci\u00f3 adequada, pots <strong>millorar la teva qualitat de vida<\/strong> i <strong>estalviar temps i diners<\/strong> en el teu tractament d&#8217;ortod\u00f2ncia.<\/span><\/p>\n<p style=\"text-align: center;\"><span style=\"font-family: Lato;\">A la Cl\u00ednica Dental Palaz\u00f3n, disposem de les <strong>\u00faltimes t\u00e8cniques de planificaci\u00f3 i diagn\u00f2stic<\/strong>: en tot just uns minuts, elaborem un registre de la teva boca gr\u00e0cies a <strong>l&#8217;esc\u00e0ner intraoral<\/strong> i dissenyem el somriure que millor s&#8217;adapti a la teva cara gr\u00e0cies al <strong>Disseny Digital del Somriure (DDS).<\/strong><\/span><\/p>\n<p style=\"text-align: center;\"><span style=\"font-family: Lato;\">A partir d&#8217;aqu\u00ed, aplicarem el millor tractament perqu\u00e8 el <strong>teu nou somriure esdevingui una realitat<\/strong>. Tinguis l&#8217;edat que tinguis.<\/span><\/p>\n<p>[\/vc_column_text][vc_btn title=&#8221;DEMANA CITA&#8221; style=&#8221;custom&#8221; custom_background=&#8221;#004694&#8243; custom_text=&#8221;#ffffff&#8221; align=&#8221;center&#8221; link=&#8221;url:https%3A%2F%2Fclinicadentalpalazon.com%2Fca%2Fdemana-cita-2%2F|&#8221;][\/vc_column][\/vc_row][vc_row gap=&#8221;30&#8243; equal_height=&#8221;yes&#8221; css_animation=&#8221;fadeIn&#8221; css=&#8221;.vc_custom_1623861095937{margin-top: -20px !important;padding-top: 15px !important;padding-bottom: 50px !important;}&#8221;][vc_column width=&#8221;1\/3&#8243; css=&#8221;.vc_custom_1624359013230{padding-top: 15px !important;padding-right: 5% !important;padding-bottom: 5% !important;padding-left: 5% !important;background-color: #14438f !important;}&#8221; el_class=&#8221;newcol_custom&#8221;][vc_column_text]<\/p>\n<h2 style=\"text-align: center;\"><span style=\"color: #ffffff;\"><strong><span style=\"font-family: Lato;\">PER ALS PETITS<\/span><\/strong><\/span><\/h2>\n<p style=\"text-align: center;\"><span style=\"font-family: Lato; color: #ffffff;\">El moment ideal per a la primera revisi\u00f3 d&#8217;ortod\u00f2ncia \u00e9s partir dels set anys. A aquesta edat, \u00e9s molt m\u00e9s senzill <strong>guiar les seves dents a la posici\u00f3 correcta<\/strong>, i aix\u00ed s&#8217;evitaran tractaments m\u00e9s complexos en un futur.<\/span><\/p>\n<p>[\/vc_column_text][\/vc_column][vc_column width=&#8221;1\/3&#8243; css=&#8221;.vc_custom_1624359019823{padding-top: 15px !important;padding-right: 5% !important;padding-bottom: 5% !important;padding-left: 5% !important;background-color: #14438f !important;}&#8221; el_class=&#8221;newcol_custom&#8221;][vc_column_text]<\/p>\n<h2 style=\"text-align: center;\"><span style=\"color: #ffffff;\"><strong><span style=\"font-family: Lato;\">PER A ADOLESCENTS<\/span><\/strong><\/span><\/h2>\n<p style=\"text-align: center;\"><span style=\"font-family: Lato; color: #ffffff;\">Els adolescents solen tenir una prioritat: <strong>l&#8217;est\u00e8tica<\/strong>. Als dotze anys ja els han crescut les dents definitives i \u00e9s el moment de corregir qualsevol incid\u00e8ncia. <\/span><\/p>\n<p>[\/vc_column_text][\/vc_column][vc_column width=&#8221;1\/3&#8243; css=&#8221;.vc_custom_1624359026418{padding-top: 15px !important;padding-right: 5% !important;padding-bottom: 5% !important;padding-left: 5% !important;background-color: #14438f !important;}&#8221; el_class=&#8221;newcol_custom&#8221;][vc_column_text]<\/p>\n<h2 style=\"text-align: center;\"><span style=\"color: #ffffff;\"><strong><span style=\"font-family: Lato;\">PER A ADULTS<\/span><\/strong><\/span><\/h2>\n<p style=\"text-align: center;\"><span style=\"font-family: Lato; color: #ffffff;\">Vols corregir alguna desviaci\u00f3 en les dents? <strong>Mai no \u00e9s tard<\/strong>. <\/span><\/p>\n<p style=\"text-align: center;\"><span style=\"font-family: Lato; color: #ffffff;\">Avui dia existeixen molts tractaments amb diferents prioritats: <strong>est\u00e8tica<\/strong>, <strong>economia<\/strong>, <strong>rapidesa<\/strong>, etc.<\/span><\/p>\n<p>[\/vc_column_text][\/vc_column][\/vc_row][vc_row equal_height=&#8221;yes&#8221; content_placement=&#8221;middle&#8221; css=&#8221;.vc_custom_1628158004777{margin-bottom: 25px !important;background-color: #ffffff !important;}&#8221;][vc_column css_animation=&#8221;fadeInLeft&#8221; width=&#8221;1\/2&#8243; css=&#8221;.vc_custom_1518792103208{padding-top: 0px !important;padding-bottom: 0px !important;}&#8221;][vc_single_image image=&#8221;2723&#8243; img_size=&#8221;600&#215;400&#8243;][\/vc_column][vc_column css_animation=&#8221;fadeInRight&#8221; width=&#8221;1\/2&#8243; css=&#8221;.vc_custom_1518792112801{padding-top: 0px !important;padding-bottom: 0px !important;}&#8221;][vc_column_text]<\/p>\n<p style=\"line-height: 1.8em; font-size: 18px;\"><strong><span style=\"font-family: Lato;\">ORTOD\u00d2NCIA INVISIBLE<\/span><\/strong><\/p>\n<p><span style=\"font-family: Lato;\">A la Cl\u00ednica Dental Palaz\u00f3n, treballem amb el sistema Invisalign, el tractament d&#8217;ortod\u00f2ncia m\u00e9s discret i c\u00f2mode que existeix en l&#8217;actualitat. Vols saber com <strong>lluir somriure sense utilitzar aparells?<\/strong><\/span>[\/vc_column_text][vc_btn title=&#8221;VULL SABER M\u00c9S&#8221; style=&#8221;custom&#8221; custom_background=&#8221;#004694&#8243; custom_text=&#8221;#ffffff&#8221; align=&#8221;left&#8221; link=&#8221;url:https%3A%2F%2Fclinicadentalpalazon.com%2Fca%2Fortodoncia-invisible%2F|&#8221;][\/vc_column][\/vc_row][vc_row equal_height=&#8221;yes&#8221; content_placement=&#8221;middle&#8221; css=&#8221;.vc_custom_1635500129153{background-color: #ffffff !important;}&#8221;][vc_column css_animation=&#8221;fadeInLeft&#8221; css=&#8221;.vc_custom_1635500124884{padding-top: 0px !important;padding-bottom: 0px !important;}&#8221; offset=&#8221;vc_hidden-lg vc_hidden-md vc_hidden-sm&#8221;][vc_single_image image=&#8221;2724&#8243; img_size=&#8221;600&#215;400&#8243;][\/vc_column][\/vc_row][vc_row equal_height=&#8221;yes&#8221; content_placement=&#8221;middle&#8221; css=&#8221;.vc_custom_1624359306325{background-color: #ffffff !important;}&#8221;][vc_column css_animation=&#8221;fadeInLeft&#8221; width=&#8221;1\/2&#8243; css=&#8221;.vc_custom_1518792103208{padding-top: 0px !important;padding-bottom: 0px !important;}&#8221;][vc_column_text]<\/p>\n<p style=\"line-height: 1.8em; font-size: 18px;\"><strong><span style=\"font-family: Lato;\">BR\u00c0QUETS EST\u00c8TICS<\/span><\/strong><\/p>\n<p><span style=\"font-family: Lato;\">S\u00f3n el mateix que els br\u00e0quets tradicionals, per\u00f2 <strong>molt m\u00e9s discrets.<\/strong> Pots triar entre safir o cer\u00e0mica, per\u00f2, tri\u00efs el que tri\u00efs, la teva ortod\u00f2ncia passar\u00e0 <strong>pr\u00e0cticament desapercebuda<\/strong>. A m\u00e9s, com que s\u00f3n materials m\u00e9s suaus, es <strong>redueixen els frecs<\/strong> amb les galtes.<\/span>[\/vc_column_text][vc_btn title=&#8221;DEMANA CITA&#8221; style=&#8221;custom&#8221; custom_background=&#8221;#004694&#8243; custom_text=&#8221;#ffffff&#8221; align=&#8221;left&#8221; link=&#8221;url:https%3A%2F%2Fclinicadentalpalazon.com%2Fca%2Fdemana-cita-2%2F|&#8221;][\/vc_column][vc_column css_animation=&#8221;fadeInRight&#8221; width=&#8221;1\/2&#8243; css=&#8221;.vc_custom_1635500147491{padding-top: 0px !important;padding-bottom: 0px !important;}&#8221; offset=&#8221;vc_hidden-xs&#8221;][vc_single_image image=&#8221;2724&#8243; img_size=&#8221;600&#215;400&#8243;][\/vc_column][\/vc_row][vc_row full_width=&#8221;stretch_row_content&#8221; parallax=&#8221;content-moving-fade&#8221; parallax_speed_bg=&#8221;4&#8243; css_animation=&#8221;fadeInUp&#8221; background_position=&#8221;center center&#8221; css=&#8221;.vc_custom_1625501010592{padding-top: 25px !important;background-color: #e6e6e6 !important;}&#8221;][vc_column][vc_custom_heading text=&#8221;TENS ALGUN DUBTE? EXPLICA\u2019NS-HO.<\/p>\n<h6>Si tens dubtes o ens vols explicar el teu cas, telefona\u2019ns. Si ets m\u00e9s digital, pots demanar cita aqu\u00ed mateix:<\/h6>\n<p>&#8221; font_container=&#8221;tag:h3|text_align:left|color:%23000000&#8243; use_theme_fonts=&#8221;yes&#8221; decor_line=&#8221;&#8221; el_id=&#8221;titulo_siguemedia&#8221;][vc_column_text el_id=&#8221;formulario_siguemedia&#8221;]<\/p>\n<p style=\"text-align: center;\">\n<div class=\"wpcf7 no-js\" id=\"wpcf7-f187-o1\" lang=\"es-ES\" dir=\"ltr\">\n<div class=\"screen-reader-response\"><p role=\"status\" aria-live=\"polite\" aria-atomic=\"true\"><\/p> <ul><\/ul><\/div>\n<form action=\"\/ca\/wp-json\/wp\/v2\/pages\/2872#wpcf7-f187-o1\" method=\"post\" class=\"wpcf7-form init\" aria-label=\"Formulario de contacto\" novalidate=\"novalidate\" data-status=\"init\">\n<div style=\"display: none;\">\n<input type=\"hidden\" name=\"_wpcf7\" value=\"187\" \/>\n<input type=\"hidden\" name=\"_wpcf7_version\" value=\"5.9.3\" \/>\n<input type=\"hidden\" name=\"_wpcf7_locale\" value=\"es_ES\" \/>\n<input type=\"hidden\" name=\"_wpcf7_unit_tag\" value=\"wpcf7-f187-o1\" \/>\n<input type=\"hidden\" name=\"_wpcf7_container_post\" value=\"0\" \/>\n<input type=\"hidden\" name=\"_wpcf7_posted_data_hash\" value=\"\" \/>\n<input type=\"hidden\" name=\"_wpcf7_recaptcha_response\" value=\"\" \/>\n<\/div>\n<div class=\"form-b row\">\n\t<div class=\"col-xs-12 col-sm-6 col-md-4\">\n\t\t<p><span class=\"wpcf7-form-control-wrap\" data-name=\"f-name\"><input size=\"40\" class=\"wpcf7-form-control wpcf7-text style1\" aria-invalid=\"false\" placeholder=\"Nombre\" value=\"\" type=\"text\" name=\"f-name\" \/><\/span><span class=\"wpcf7-form-control-wrap\" data-name=\"f-mail\"><input size=\"40\" class=\"wpcf7-form-control wpcf7-text style1\" aria-invalid=\"false\" placeholder=\"Correo electr\u00f3nico\" value=\"\" type=\"text\" name=\"f-mail\" \/><\/span><span class=\"wpcf7-form-control-wrap\" data-name=\"f-phone\"><input size=\"40\" class=\"wpcf7-form-control wpcf7-text style1\" aria-invalid=\"false\" placeholder=\"Tel\u00e9fono\" value=\"\" type=\"text\" name=\"f-phone\" \/><\/span>\n\t\t<\/p>\n\t<\/div>\n\t<div class=\"col-xs-12 col-md-4\">\n\t\t<p><span class=\"wpcf7-form-control-wrap\" data-name=\"f-text\"><textarea cols=\"40\" rows=\"5\" class=\"wpcf7-form-control wpcf7-textarea style1\" aria-invalid=\"false\" placeholder=\"\u00bfEn qu\u00e9 podemos ayudarte?\" name=\"f-text\"><\/textarea><\/span>\n\t\t<\/p>\n\t\t<div class=\"acheck\">\n\t\t\t<p><span class=\"wpcf7-form-control-wrap\" data-name=\"acceptance-377\"><span class=\"wpcf7-form-control wpcf7-acceptance\"><span class=\"wpcf7-list-item\"><input type=\"checkbox\" name=\"acceptance-377\" value=\"1\" aria-invalid=\"false\" \/><\/span><\/span><\/span><label style=\"color:#000000\">Acepto la <a href=\"https:\/\/clinicadentalpalazon.com\/politica-de-privacidad\/\" target=\"_blank\">Pol\u00edtica de Privacidad<\/a><\/label>\n\t\t\t<\/p>\n\t\t<\/div>\n\t\t<p><span class=\"wpcf7-form-control-wrap\" data-name=\"hcap-cf7\">\t\t<input\n\t\t\t\ttype=\"hidden\"\n\t\t\t\tclass=\"hcaptcha-widget-id\"\n\t\t\t\tname=\"hcaptcha-widget-id\"\n\t\t\t\tvalue=\"eyJzb3VyY2UiOlsiY29udGFjdC1mb3JtLTdcL3dwLWNvbnRhY3QtZm9ybS03LnBocCJdLCJmb3JtX2lkIjoxODd9-7f9fc15b691059a7cdccd52e775db43e\">\n\t\t\t\t<span id=\"hcap_cf7-69f27a7dc51b33.95294720\" class=\"wpcf7-form-control h-captcha \"\n\t\t\tdata-sitekey=\"50ec7008-d9e2-4bc6-ad50-449ca57808f6\"\n\t\t\tdata-theme=\"light\"\n\t\t\tdata-size=\"normal\"\n\t\t\tdata-auto=\"false\"\n\t\t\tdata-force=\"false\">\n\t\t<\/span>\n\t\t<input type=\"hidden\" id=\"_wpnonce\" name=\"_wpnonce\" value=\"296193cbb8\" \/><input type=\"hidden\" name=\"_wp_http_referer\" value=\"\/ca\/wp-json\/wp\/v2\/pages\/2872\" \/><\/span><input type=\"submit\" style=\"background-color: #14438f;\" value=\"ENVIAR\" class=\"wpcf7-form-control wpcf7-submit button-style1\" disabled=\"\" \/>\n\t\t<\/p>\n\t<\/div>\n<\/div><div class=\"wpcf7-response-output\" aria-hidden=\"true\"><\/div>\n<\/form>\n<\/div>\n<p>[\/vc_column_text][\/vc_column][\/vc_row]<\/p>\n<\/div>","protected":false},"excerpt":{"rendered":"<p>[vc_row full_width=&#8221;stretch_row_content_no_spaces&#8221;][vc_column][\/vc_column][\/vc_row][vc_row css_animation=&#8221;fadeInUp&#8221; css=&#8221;.vc_custom_1624359066311{margin-top: 25px !important;}&#8221;][vc_column][vc_custom_heading text=&#8221;ORTOD\u00d2NCIA&#8221; font_container=&#8221;tag:h2|text_align:center|color:%2308b2b1&#8243; google_fonts=&#8221;font_family:Lato%3A100%2C100italic%2C300%2C300italic%2Cregular%2Citalic%2C700%2C700italic%2C900%2C900italic|font_style:300%20light%20regular%3A300%3Anormal&#8221; decor_line=&#8221;&#8221;][\/vc_column][\/vc_row][vc_row equal_height=&#8221;yes&#8221; content_placement=&#8221;middle&#8221; css=&#8221;.vc_custom_1621938964919{margin-bottom: 25px !important;background-color: #ffffff !important;}&#8221;][vc_column css_animation=&#8221;fadeInLeft&#8221; css=&#8221;.vc_custom_1518792103208{padding-top: 0px !important;padding-bottom: 0px !important;}&#8221;][vc_column_text] Llueix el teu millor somriure i recupera la funcionalitat de la boca. Amb una planificaci\u00f3 adequada, pots millorar la teva qualitat de vida i estalviar temps i diners en el teu tractament [&hellip;]<\/p>\n","protected":false},"author":1,"featured_media":0,"parent":0,"menu_order":0,"comment_status":"closed","ping_status":"closed","template":"template-landing.php","meta":{"_acf_changed":false,"footnotes":""},"acf":[],"yoast_head":"<!-- This site is optimized with the Yoast SEO plugin v22.4 - https:\/\/yoast.com\/wordpress\/plugins\/seo\/ -->\n<title>Ortod\u00f2ncia - Cl\u00ednica Dental Palaz\u00f3n<\/title>\n<meta name=\"description\" content=\"A la Cl\u00ednica Dental Palaz\u00f3n, disposem de les \u00faltimes t\u00e8cniques de planificaci\u00f3 i diagn\u00f2stic: en tot just uns minuts, elaborem un registre de la teva boca.\" \/>\n<meta name=\"robots\" content=\"index, follow, max-snippet:-1, max-image-preview:large, max-video-preview:-1\" \/>\n<link rel=\"canonical\" href=\"https:\/\/clinicadentalpalazon.com\/ca\/ortodoncia\/\" \/>\n<meta property=\"og:locale\" content=\"ca_ES\" \/>\n<meta property=\"og:type\" content=\"article\" \/>\n<meta property=\"og:title\" content=\"Ortod\u00f2ncia - Cl\u00ednica Dental Palaz\u00f3n\" \/>\n<meta property=\"og:description\" content=\"A la Cl\u00ednica Dental Palaz\u00f3n, disposem de les \u00faltimes t\u00e8cniques de planificaci\u00f3 i diagn\u00f2stic: en tot just uns minuts, elaborem un registre de la teva boca.\" \/>\n<meta property=\"og:url\" content=\"https:\/\/clinicadentalpalazon.com\/ca\/ortodoncia\/\" \/>\n<meta property=\"og:site_name\" content=\"Cl\u00ednica Dental Palaz\u00f3n\" \/>\n<meta property=\"article:modified_time\" content=\"2024-04-11T09:22:22+00:00\" \/>\n<meta name=\"twitter:card\" content=\"summary_large_image\" \/>\n<meta name=\"twitter:label1\" content=\"Temps estimat de lectura\" \/>\n\t<meta name=\"twitter:data1\" content=\"3 minuts\" \/>\n<script type=\"application\/ld+json\" class=\"yoast-schema-graph\">{\"@context\":\"https:\/\/schema.org\",\"@graph\":[{\"@type\":\"WebPage\",\"@id\":\"https:\/\/clinicadentalpalazon.com\/ca\/ortodoncia\/\",\"url\":\"https:\/\/clinicadentalpalazon.com\/ca\/ortodoncia\/\",\"name\":\"Ortod\u00f2ncia - Cl\u00ednica Dental Palaz\u00f3n\",\"isPartOf\":{\"@id\":\"https:\/\/clinicadentalpalazon.com\/#website\"},\"datePublished\":\"2022-02-25T17:27:51+00:00\",\"dateModified\":\"2024-04-11T09:22:22+00:00\",\"description\":\"A la Cl\u00ednica Dental Palaz\u00f3n, disposem de les \u00faltimes t\u00e8cniques de planificaci\u00f3 i diagn\u00f2stic: en tot just uns minuts, elaborem un registre de la teva boca.\",\"breadcrumb\":{\"@id\":\"https:\/\/clinicadentalpalazon.com\/ca\/ortodoncia\/#breadcrumb\"},\"inLanguage\":\"ca\",\"potentialAction\":[{\"@type\":\"ReadAction\",\"target\":[\"https:\/\/clinicadentalpalazon.com\/ca\/ortodoncia\/\"]}]},{\"@type\":\"BreadcrumbList\",\"@id\":\"https:\/\/clinicadentalpalazon.com\/ca\/ortodoncia\/#breadcrumb\",\"itemListElement\":[{\"@type\":\"ListItem\",\"position\":1,\"name\":\"Portada\",\"item\":\"https:\/\/clinicadentalpalazon.com\/ca\/clinica-dental-palazon\/\"},{\"@type\":\"ListItem\",\"position\":2,\"name\":\"Ortod\u00f2ncia\"}]},{\"@type\":\"WebSite\",\"@id\":\"https:\/\/clinicadentalpalazon.com\/#website\",\"url\":\"https:\/\/clinicadentalpalazon.com\/\",\"name\":\"Cl\u00ednica Dental Palaz\u00f3n\",\"description\":\"Cl\u00ednica dental en Tarragona\",\"potentialAction\":[{\"@type\":\"SearchAction\",\"target\":{\"@type\":\"EntryPoint\",\"urlTemplate\":\"https:\/\/clinicadentalpalazon.com\/?s={search_term_string}\"},\"query-input\":\"required name=search_term_string\"}],\"inLanguage\":\"ca\"}]}<\/script>\n<!-- \/ Yoast SEO plugin. -->","yoast_head_json":{"title":"Ortod\u00f2ncia - Cl\u00ednica Dental Palaz\u00f3n","description":"A la Cl\u00ednica Dental Palaz\u00f3n, disposem de les \u00faltimes t\u00e8cniques de planificaci\u00f3 i diagn\u00f2stic: en tot just uns minuts, elaborem un registre de la teva boca.","robots":{"index":"index","follow":"follow","max-snippet":"max-snippet:-1","max-image-preview":"max-image-preview:large","max-video-preview":"max-video-preview:-1"},"canonical":"https:\/\/clinicadentalpalazon.com\/ca\/ortodoncia\/","og_locale":"ca_ES","og_type":"article","og_title":"Ortod\u00f2ncia - Cl\u00ednica Dental Palaz\u00f3n","og_description":"A la Cl\u00ednica Dental Palaz\u00f3n, disposem de les \u00faltimes t\u00e8cniques de planificaci\u00f3 i diagn\u00f2stic: en tot just uns minuts, elaborem un registre de la teva boca.","og_url":"https:\/\/clinicadentalpalazon.com\/ca\/ortodoncia\/","og_site_name":"Cl\u00ednica Dental Palaz\u00f3n","article_modified_time":"2024-04-11T09:22:22+00:00","twitter_card":"summary_large_image","twitter_misc":{"Temps estimat de lectura":"3 minuts"},"schema":{"@context":"https:\/\/schema.org","@graph":[{"@type":"WebPage","@id":"https:\/\/clinicadentalpalazon.com\/ca\/ortodoncia\/","url":"https:\/\/clinicadentalpalazon.com\/ca\/ortodoncia\/","name":"Ortod\u00f2ncia - Cl\u00ednica Dental Palaz\u00f3n","isPartOf":{"@id":"https:\/\/clinicadentalpalazon.com\/#website"},"datePublished":"2022-02-25T17:27:51+00:00","dateModified":"2024-04-11T09:22:22+00:00","description":"A la Cl\u00ednica Dental Palaz\u00f3n, disposem de les \u00faltimes t\u00e8cniques de planificaci\u00f3 i diagn\u00f2stic: en tot just uns minuts, elaborem un registre de la teva boca.","breadcrumb":{"@id":"https:\/\/clinicadentalpalazon.com\/ca\/ortodoncia\/#breadcrumb"},"inLanguage":"ca","potentialAction":[{"@type":"ReadAction","target":["https:\/\/clinicadentalpalazon.com\/ca\/ortodoncia\/"]}]},{"@type":"BreadcrumbList","@id":"https:\/\/clinicadentalpalazon.com\/ca\/ortodoncia\/#breadcrumb","itemListElement":[{"@type":"ListItem","position":1,"name":"Portada","item":"https:\/\/clinicadentalpalazon.com\/ca\/clinica-dental-palazon\/"},{"@type":"ListItem","position":2,"name":"Ortod\u00f2ncia"}]},{"@type":"WebSite","@id":"https:\/\/clinicadentalpalazon.com\/#website","url":"https:\/\/clinicadentalpalazon.com\/","name":"Cl\u00ednica Dental Palaz\u00f3n","description":"Cl\u00ednica dental en Tarragona","potentialAction":[{"@type":"SearchAction","target":{"@type":"EntryPoint","urlTemplate":"https:\/\/clinicadentalpalazon.com\/?s={search_term_string}"},"query-input":"required name=search_term_string"}],"inLanguage":"ca"}]}},"_links":{"self":[{"href":"https:\/\/clinicadentalpalazon.com\/ca\/wp-json\/wp\/v2\/pages\/2872"}],"collection":[{"href":"https:\/\/clinicadentalpalazon.com\/ca\/wp-json\/wp\/v2\/pages"}],"about":[{"href":"https:\/\/clinicadentalpalazon.com\/ca\/wp-json\/wp\/v2\/types\/page"}],"author":[{"embeddable":true,"href":"https:\/\/clinicadentalpalazon.com\/ca\/wp-json\/wp\/v2\/users\/1"}],"replies":[{"embeddable":true,"href":"https:\/\/clinicadentalpalazon.com\/ca\/wp-json\/wp\/v2\/comments?post=2872"}],"version-history":[{"count":7,"href":"https:\/\/clinicadentalpalazon.com\/ca\/wp-json\/wp\/v2\/pages\/2872\/revisions"}],"predecessor-version":[{"id":3137,"href":"https:\/\/clinicadentalpalazon.com\/ca\/wp-json\/wp\/v2\/pages\/2872\/revisions\/3137"}],"wp:attachment":[{"href":"https:\/\/clinicadentalpalazon.com\/ca\/wp-json\/wp\/v2\/media?parent=2872"}],"curies":[{"name":"wp","href":"https:\/\/api.w.org\/{rel}","templated":true}]}}