{"id":2864,"date":"2022-02-25T17:56:58","date_gmt":"2022-02-25T16:56:58","guid":{"rendered":"https:\/\/clinicadentalpalazon.com\/odontologia-conservadora\/"},"modified":"2022-03-15T19:28:17","modified_gmt":"2022-03-15T18:28:17","slug":"odontologia-conservadora","status":"publish","type":"page","link":"https:\/\/clinicadentalpalazon.com\/ca\/odontologia-conservadora\/","title":{"rendered":"Odontologia conservadora"},"content":{"rendered":"<div class=\"wpb-content-wrapper\"><p>[vc_row full_width=&#8221;stretch_row_content_no_spaces&#8221;][vc_column]<div class=\"banner-area banner-5a1eb939d5268\"><div class=\"banner  fixed-height\" style=\"height: 540px;\"><div class=\"item banner-item-69f88251db46f white content-align-center middle\" style=\"background-image: url(https:\/\/clinicadentalpalazon.com\/wp-content\/uploads\/2021\/07\/odontologia-conservadora.jpg);\"><div class=\"container\"><div class=\"cell\"><h1 class=\"h\"><span><\/span><\/h1><div class=\"link-area\"><\/div><\/div><\/div><\/div><\/div><\/div>[\/vc_column][\/vc_row][vc_row css_animation=&#8221;fadeInUp&#8221; css=&#8221;.vc_custom_1624359749837{margin-top: 25px !important;}&#8221;][vc_column][vc_custom_heading text=&#8221;ODONTOLOGIA CONSERVADORA&#8221; font_container=&#8221;tag:h2|text_align:center|color:%2308b2b1&#8243; google_fonts=&#8221;font_family:Lato%3A100%2C100italic%2C300%2C300italic%2Cregular%2Citalic%2C700%2C700italic%2C900%2C900italic|font_style:300%20light%20regular%3A300%3Anormal&#8221; decor_line=&#8221;&#8221;][\/vc_column][\/vc_row][vc_row equal_height=&#8221;yes&#8221; content_placement=&#8221;middle&#8221; css=&#8221;.vc_custom_1624359761174{margin-bottom: 25px !important;background-color: #ffffff !important;}&#8221;][vc_column css_animation=&#8221;fadeInLeft&#8221; css=&#8221;.vc_custom_1624359766197{padding-top: 0px !important;padding-bottom: 0px !important;}&#8221;][vc_column_text]<\/p>\n<p style=\"text-align: center;\"><span style=\"font-family: Lato;\">No tot \u00e9s un somriure maco. Mantenir una salut bucal correcta \u00e9s molt important, tant per a <strong>guanyar en qualitat de vida<\/strong> com per a <strong>estalviar temps i diners<\/strong> en tractaments.<\/span><\/p>\n<p style=\"text-align: center;\"><span style=\"font-family: Lato;\">A la Cl\u00ednica Dental Palaz\u00f3n en som conscients, i per aix\u00f2 posem a la teva disposici\u00f3 les nostres t\u00e8cniques de prevenci\u00f3, diagn\u00f2stic i tractament de malalties bucals, <strong>sempre el menys intrusiu possible<\/strong>.<\/span><\/p>\n<p style=\"text-align: center;\"><span style=\"font-family: Lato;\">Davant el m\u00e9s m\u00ednim s\u00edmptoma, \u00e9s important demanar cita com m\u00e9s aviat millor: un diagn\u00f2stic a temps et permetr\u00e0 <strong>recuperar la salut bucal de manera m\u00e9s r\u00e0pida<\/strong> i mitjan\u00e7ant <strong>tractaments m\u00e9s senzills<\/strong>.<\/span><\/p>\n<p style=\"text-align: center;\"><span style=\"font-family: Lato;\">Pensa-ho: utilitzes la boca moltes vegades durant el dia. <strong>Val la pena de mantenir-la en condicions perfectes<\/strong>.<\/span><\/p>\n<p>[\/vc_column_text][vc_btn title=&#8221;DEMANA CITA&#8221; style=&#8221;custom&#8221; custom_background=&#8221;#004694&#8243; custom_text=&#8221;#ffffff&#8221; align=&#8221;center&#8221; link=&#8221;url:https%3A%2F%2Fclinicadentalpalazon.com%2Fpide-cita%2F|&#8221;][\/vc_column][\/vc_row][vc_row equal_height=&#8221;yes&#8221; content_placement=&#8221;middle&#8221; css=&#8221;.vc_custom_1624360367761{margin-top: 25px !important;background-color: #ffffff !important;}&#8221;][vc_column css_animation=&#8221;fadeInLeft&#8221; width=&#8221;1\/2&#8243; css=&#8221;.vc_custom_1518792103208{padding-top: 0px !important;padding-bottom: 0px !important;}&#8221;][vc_column_text]<\/p>\n<p style=\"line-height: 1.8em; font-size: 18px;\"><strong><span style=\"font-family: Lato;\">CARIES<\/span> <\/strong><\/p>\n<p><span style=\"font-family: Lato;\">Les c\u00e0ries s\u00f3n la <strong>malaltia dental m\u00e9s estesa avui dia<\/strong>. S\u00f3n uns petits orificis que apareixen a l\u2019esmalt de la dent i que es van estenent a poc a poc fins a provocar dolor, infeccions i, fins i tot, la p\u00e8rdua de la dent.<\/span><\/p>\n<p><span style=\"font-family: Lato;\">A la Cl\u00ednica Dental Palaz\u00f3n disposem de t\u00e8cniques per a la recuperaci\u00f3 i la conservaci\u00f3 de la dent en <strong>qualsevol dels estats de la c\u00e0ries<\/strong>, des que apareix fins que s\u2019expandeix. Per\u00f2 <strong>com m\u00e9s aviat es tracti la c\u00e0ries, millor.<\/strong><\/span><\/p>\n<p><span style=\"font-family: Lato;\">I, com sempre, la prevenci\u00f3 \u00e9s la millor cura: <strong>mantenint una higiene bucal \u00f2ptima reduir\u00e0s les probabilitats de patir aquest tipus d&#8217;infeccions.<\/strong>.<\/span>[\/vc_column_text][\/vc_column][vc_column css_animation=&#8221;fadeInRight&#8221; width=&#8221;1\/2&#8243; css=&#8221;.vc_custom_1518792112801{padding-top: 0px !important;padding-bottom: 0px !important;}&#8221;][vc_single_image image=&#8221;2676&#8243; img_size=&#8221;600&#215;400&#8243;][\/vc_column][\/vc_row][vc_row equal_height=&#8221;yes&#8221; content_placement=&#8221;middle&#8221; css=&#8221;.vc_custom_1623749081900{margin-top: 10px !important;background-color: #ffffff !important;}&#8221;][vc_column css_animation=&#8221;fadeInLeft&#8221; width=&#8221;1\/2&#8243; css=&#8221;.vc_custom_1518792103208{padding-top: 0px !important;padding-bottom: 0px !important;}&#8221;][vc_single_image image=&#8221;2677&#8243; img_size=&#8221;600&#215;400&#8243;][\/vc_column][vc_column css_animation=&#8221;fadeInRight&#8221; width=&#8221;1\/2&#8243; css=&#8221;.vc_custom_1518792112801{padding-top: 0px !important;padding-bottom: 0px !important;}&#8221;][vc_column_text]<\/p>\n<p style=\"line-height: 1.8em; font-size: 18px;\"><strong><span style=\"font-family: Lato;\">ENDOD\u00d2NCIA<\/span> <\/strong><\/p>\n<p><span style=\"font-family: Lato;\">L&#8217;endod\u00f2ncia \u00e9s un dels procediments m\u00e9s comuns en odontologia. Davant l&#8217;aparici\u00f3 de mol\u00e8sties, sensibilitat, dolor o c\u00e0ries profundes en una dent, se <strong>n\u2019extreu la polpa interior per a recuperar la funcionalitat<\/strong>. D&#8217;aquesta manera s&#8217;eviten extraccions innecess\u00e0ries.<\/span><\/p>\n<p><span style=\"font-family: Lato;\">Pot semblar un proc\u00e9s dolor\u00f3s, per\u00f2 en realitat <strong>no ho \u00e9s en absolut<\/strong>.<\/span><\/p>\n<p><span style=\"font-family: Lato;\">Si sents <strong>mol\u00e8sties amb baixes temperatures<\/strong> o quan <strong>mastegues aliments dol\u00e7os o \u00e0cids<\/strong>, \u00e9s possible que necessitis una endod\u00f2ncia.<\/span><\/p>\n<p><span style=\"font-family: Lato;\">Tamb\u00e9 s&#8217;apliquen en cas de dolor continu o intens.<\/span>[\/vc_column_text][\/vc_column][\/vc_row][vc_row equal_height=&#8221;yes&#8221; content_placement=&#8221;middle&#8221; css=&#8221;.vc_custom_1622536756887{margin-bottom: 15px !important;background-color: #ffffff !important;}&#8221;][vc_column css_animation=&#8221;fadeInLeft&#8221; width=&#8221;1\/2&#8243; css=&#8221;.vc_custom_1518792103208{padding-top: 0px !important;padding-bottom: 0px !important;}&#8221;][vc_column_text]<\/p>\n<p style=\"line-height: 1.8em; font-size: 18px;\"><span style=\"font-family: Lato;\"><strong>TRAUMATISME DENTAL<\/strong><\/span><\/p>\n<p><span style=\"font-family: Lato;\">\u00c9s molt <strong>com\u00fa entre els m\u00e9s petits<\/strong>: a causa d&#8217;una caiguda o d\u2019un cop, es poden fracturar o perdre una o m\u00e9s dents. <\/span><\/p>\n<p><span style=\"font-family: Lato;\">Davant qualsevol traumatisme, el millor \u00e9s demanar cita i fer una revisi\u00f3. D&#8217;aquesta manera, t&#8217;assegurar\u00e0s <strong>un diagn\u00f2stic m\u00e9s favorable<\/strong> en cas d&#8217;haver patit alguna alteraci\u00f3 en la salut de les teves dents.<\/span>[\/vc_column_text][\/vc_column][vc_column css_animation=&#8221;fadeInRight&#8221; width=&#8221;1\/2&#8243; css=&#8221;.vc_custom_1518792112801{padding-top: 0px !important;padding-bottom: 0px !important;}&#8221;][vc_single_image image=&#8221;2718&#8243; img_size=&#8221;600&#215;400&#8243;][\/vc_column][\/vc_row][vc_row full_width=&#8221;stretch_row_content&#8221; parallax=&#8221;content-moving-fade&#8221; parallax_speed_bg=&#8221;4&#8243; css_animation=&#8221;fadeInUp&#8221; background_position=&#8221;center center&#8221; css=&#8221;.vc_custom_1624360388032{margin-top: 25px !important;padding-top: 25px !important;background-color: #14438f !important;background-position: 0 0;background-repeat: no-repeat !important;}&#8221;][vc_column][vc_column_text]<\/p>\n<p style=\"line-height: 1.8em; font-size: 18px; text-align: center;\"><span style=\"color: #ffffff;\"><strong><span style=\"font-family: Lato;\">URG\u00c8NCIES<\/span><\/strong><\/span><\/p>\n<p style=\"text-align: center;\"><span style=\"font-family: Lato; color: #ffffff;\">Si pateixes algun tipus de dolor agut, sents mol\u00e8sties o has sofert un traumatisme o una complicaci\u00f3, a la Cl\u00ednica Dental Palaz\u00f3n oferim un servei d&#8217;urg\u00e8ncies. Podr\u00e0s demanar cita amb un odont\u00f2leg del nostre equip i solucionar el problema r\u00e0pidament.<\/span><\/p>\n<p><span style=\"font-family: Lato; color: #ffffff;\"> <img loading=\"lazy\" decoding=\"async\" class=\"wp-image-2755 aligncenter\" src=\"https:\/\/clinicadentalpalazon.com\/wp-content\/uploads\/2021\/07\/urgencias.png\" alt=\"\" width=\"100\" height=\"100\" srcset=\"https:\/\/clinicadentalpalazon.com\/wp-content\/uploads\/2021\/07\/urgencias.png 471w, https:\/\/clinicadentalpalazon.com\/wp-content\/uploads\/2021\/07\/urgencias-300x300.png 300w, https:\/\/clinicadentalpalazon.com\/wp-content\/uploads\/2021\/07\/urgencias-150x150.png 150w\" sizes=\"(max-width: 100px) 100vw, 100px\" \/><\/span>[\/vc_column_text][vc_empty_space height=&#8221;25px&#8221;][vc_btn title=&#8221;DEMANA CITA&#8221; style=&#8221;custom&#8221; custom_background=&#8221;#ffffff&#8221; custom_text=&#8221;#004694&#8243; align=&#8221;center&#8221; link=&#8221;url:https%3A%2F%2Fclinicadentalpalazon.com%2Fpide-cita%2F|&#8221;][vc_empty_space height=&#8221;25px&#8221;][\/vc_column][\/vc_row][vc_row full_width=&#8221;stretch_row_content&#8221; parallax=&#8221;content-moving-fade&#8221; parallax_speed_bg=&#8221;4&#8243; css_animation=&#8221;fadeInUp&#8221; background_position=&#8221;center center&#8221; css=&#8221;.vc_custom_1625500815461{padding-top: 25px !important;background-color: #e6e6e6 !important;background-position: 0 0;background-repeat: no-repeat !important;}&#8221;][vc_column][vc_custom_heading text=&#8221;TENS ALGUN DUBTE? EXPLICA\u2019NS-HO.<\/p>\n<h6>Si tens dubtes o ens vols explicar el teu cas, telefona\u2019ns. Si ets m\u00e9s digital, pots demanar cita aqu\u00ed mateix:<\/h6>\n<p>&#8221; font_container=&#8221;tag:h3|text_align:left|color:%23000000&#8243; use_theme_fonts=&#8221;yes&#8221; decor_line=&#8221;&#8221; el_id=&#8221;titulo_siguemedia&#8221;][vc_column_text el_id=&#8221;formulario_siguemedia&#8221;]<\/p>\n<p style=\"text-align: center;\">\n<div class=\"wpcf7 no-js\" id=\"wpcf7-f1507-o1\" lang=\"es-ES\" dir=\"ltr\">\n<div class=\"screen-reader-response\"><p role=\"status\" aria-live=\"polite\" aria-atomic=\"true\"><\/p> <ul><\/ul><\/div>\n<form action=\"\/ca\/wp-json\/wp\/v2\/pages\/2864#wpcf7-f1507-o1\" method=\"post\" class=\"wpcf7-form init\" aria-label=\"Formulario de contacto\" novalidate=\"novalidate\" data-status=\"init\">\n<div style=\"display: none;\">\n<input type=\"hidden\" name=\"_wpcf7\" value=\"1507\" \/>\n<input type=\"hidden\" name=\"_wpcf7_version\" value=\"5.9.3\" \/>\n<input type=\"hidden\" name=\"_wpcf7_locale\" value=\"es_ES\" \/>\n<input type=\"hidden\" name=\"_wpcf7_unit_tag\" value=\"wpcf7-f1507-o1\" \/>\n<input type=\"hidden\" name=\"_wpcf7_container_post\" value=\"0\" \/>\n<input type=\"hidden\" name=\"_wpcf7_posted_data_hash\" value=\"\" \/>\n<input type=\"hidden\" name=\"_wpcf7_recaptcha_response\" value=\"\" \/>\n<\/div>\n<div class=\"form-b row\">\n\t<div class=\"col-xs-12 col-sm-6 col-md-4\">\n\t\t<p><span class=\"wpcf7-form-control-wrap\" data-name=\"f-name\"><input size=\"40\" class=\"wpcf7-form-control wpcf7-text style1\" aria-invalid=\"false\" placeholder=\"Nombre\" value=\"\" type=\"text\" name=\"f-name\" \/><\/span><span class=\"wpcf7-form-control-wrap\" data-name=\"f-mail\"><input size=\"40\" class=\"wpcf7-form-control wpcf7-text style1\" aria-invalid=\"false\" placeholder=\"Correo electr\u00f3nico\" value=\"\" type=\"text\" name=\"f-mail\" \/><\/span><span class=\"wpcf7-form-control-wrap\" data-name=\"f-phone\"><input size=\"40\" class=\"wpcf7-form-control wpcf7-text style1\" aria-invalid=\"false\" placeholder=\"Tel\u00e9fono\" value=\"\" type=\"text\" name=\"f-phone\" \/><\/span>\n\t\t<\/p>\n\t<\/div>\n\t<div class=\"col-xs-12 col-md-4\">\n\t\t<p><span class=\"wpcf7-form-control-wrap\" data-name=\"f-text\"><textarea cols=\"40\" rows=\"5\" class=\"wpcf7-form-control wpcf7-textarea style1\" aria-invalid=\"false\" placeholder=\"\u00bfEn qu\u00e9 podemos ayudarte?\" name=\"f-text\"><\/textarea><\/span>\n\t\t<\/p>\n\t\t<div class=\"acheck\">\n\t\t\t<p><span class=\"wpcf7-form-control-wrap\" data-name=\"acceptance-377\"><span class=\"wpcf7-form-control wpcf7-acceptance\"><span class=\"wpcf7-list-item\"><input type=\"checkbox\" name=\"acceptance-377\" value=\"1\" aria-invalid=\"false\" \/><\/span><\/span><\/span><label style=\"color:#000000\">Acepto la <a href=\"https:\/\/clinicadentalpalazon.com\/politica-de-privacidad\/\" target=\"_blank\">Pol\u00edtica de Privacidad<\/a><\/label>\n\t\t\t<\/p>\n\t\t<\/div>\n\t\t<p><span class=\"wpcf7-form-control-wrap\" data-name=\"hcap-cf7\">\t\t<input\n\t\t\t\ttype=\"hidden\"\n\t\t\t\tclass=\"hcaptcha-widget-id\"\n\t\t\t\tname=\"hcaptcha-widget-id\"\n\t\t\t\tvalue=\"eyJzb3VyY2UiOlsiY29udGFjdC1mb3JtLTdcL3dwLWNvbnRhY3QtZm9ybS03LnBocCJdLCJmb3JtX2lkIjoxNTA3fQ==-570bd3c73af564112f43da7f3bb25519\">\n\t\t\t\t<span id=\"hcap_cf7-69f88251e2fc64.32816923\" class=\"wpcf7-form-control h-captcha \"\n\t\t\tdata-sitekey=\"50ec7008-d9e2-4bc6-ad50-449ca57808f6\"\n\t\t\tdata-theme=\"light\"\n\t\t\tdata-size=\"normal\"\n\t\t\tdata-auto=\"false\"\n\t\t\tdata-force=\"false\">\n\t\t<\/span>\n\t\t<input type=\"hidden\" id=\"_wpnonce\" name=\"_wpnonce\" value=\"efe4bce962\" \/><input type=\"hidden\" name=\"_wp_http_referer\" value=\"\/ca\/wp-json\/wp\/v2\/pages\/2864\" \/><\/span><input type=\"submit\" style=\"background-color: #14438f;\" value=\"ENVIAR\" class=\"wpcf7-form-control wpcf7-submit button-style1\" disabled=\"\" \/>\n\t\t<\/p>\n\t<\/div>\n<\/div><div class=\"wpcf7-response-output\" aria-hidden=\"true\"><\/div>\n<\/form>\n<\/div>\n<p>[\/vc_column_text][\/vc_column][\/vc_row]<\/p>\n<\/div>","protected":false},"excerpt":{"rendered":"<p>[vc_row full_width=&#8221;stretch_row_content_no_spaces&#8221;][vc_column][\/vc_column][\/vc_row][vc_row css_animation=&#8221;fadeInUp&#8221; css=&#8221;.vc_custom_1624359749837{margin-top: 25px !important;}&#8221;][vc_column][vc_custom_heading text=&#8221;ODONTOLOGIA CONSERVADORA&#8221; font_container=&#8221;tag:h2|text_align:center|color:%2308b2b1&#8243; google_fonts=&#8221;font_family:Lato%3A100%2C100italic%2C300%2C300italic%2Cregular%2Citalic%2C700%2C700italic%2C900%2C900italic|font_style:300%20light%20regular%3A300%3Anormal&#8221; decor_line=&#8221;&#8221;][\/vc_column][\/vc_row][vc_row equal_height=&#8221;yes&#8221; content_placement=&#8221;middle&#8221; css=&#8221;.vc_custom_1624359761174{margin-bottom: 25px !important;background-color: #ffffff !important;}&#8221;][vc_column css_animation=&#8221;fadeInLeft&#8221; css=&#8221;.vc_custom_1624359766197{padding-top: 0px !important;padding-bottom: 0px !important;}&#8221;][vc_column_text] No tot \u00e9s un somriure maco. Mantenir una salut bucal correcta \u00e9s molt important, tant per a guanyar en qualitat de vida com per a estalviar temps i diners en tractaments. [&hellip;]<\/p>\n","protected":false},"author":1,"featured_media":0,"parent":0,"menu_order":0,"comment_status":"closed","ping_status":"closed","template":"template-landing.php","meta":{"_acf_changed":false,"footnotes":""},"acf":[],"yoast_head":"<!-- This site is optimized with the Yoast SEO plugin v22.4 - https:\/\/yoast.com\/wordpress\/plugins\/seo\/ -->\n<title>Odontologia conservadora - Cl\u00ednica Dental Palaz\u00f3n<\/title>\n<meta name=\"description\" content=\"No tot \u00e9s un somriure maco. Mantenir una salut bucal correcta \u00e9s molt important, tant per a guanyar en qualitat de vida com per a estalviar temps i diners en tractaments.\" \/>\n<meta name=\"robots\" content=\"index, follow, max-snippet:-1, max-image-preview:large, max-video-preview:-1\" \/>\n<link rel=\"canonical\" href=\"https:\/\/clinicadentalpalazon.com\/odontologia-conservadora\/\" \/>\n<meta property=\"og:locale\" content=\"ca_ES\" \/>\n<meta property=\"og:type\" content=\"article\" \/>\n<meta property=\"og:title\" content=\"Odontologia conservadora - Cl\u00ednica Dental Palaz\u00f3n\" \/>\n<meta property=\"og:description\" content=\"No tot \u00e9s un somriure maco. Mantenir una salut bucal correcta \u00e9s molt important, tant per a guanyar en qualitat de vida com per a estalviar temps i diners en tractaments.\" \/>\n<meta property=\"og:url\" content=\"https:\/\/clinicadentalpalazon.com\/odontologia-conservadora\/\" \/>\n<meta property=\"og:site_name\" content=\"Cl\u00ednica Dental Palaz\u00f3n\" \/>\n<meta property=\"article:modified_time\" content=\"2022-03-15T18:28:17+00:00\" \/>\n<meta property=\"og:image\" content=\"https:\/\/clinicadentalpalazon.com\/wp-content\/uploads\/2021\/07\/urgencias.png\" \/>\n<meta name=\"twitter:card\" content=\"summary_large_image\" \/>\n<meta name=\"twitter:label1\" content=\"Temps estimat de lectura\" \/>\n\t<meta name=\"twitter:data1\" content=\"3 minuts\" \/>\n<script type=\"application\/ld+json\" class=\"yoast-schema-graph\">{\"@context\":\"https:\/\/schema.org\",\"@graph\":[{\"@type\":\"WebPage\",\"@id\":\"https:\/\/clinicadentalpalazon.com\/odontologia-conservadora\/\",\"url\":\"https:\/\/clinicadentalpalazon.com\/odontologia-conservadora\/\",\"name\":\"Odontologia conservadora - Cl\u00ednica Dental Palaz\u00f3n\",\"isPartOf\":{\"@id\":\"https:\/\/clinicadentalpalazon.com\/#website\"},\"primaryImageOfPage\":{\"@id\":\"https:\/\/clinicadentalpalazon.com\/odontologia-conservadora\/#primaryimage\"},\"image\":{\"@id\":\"https:\/\/clinicadentalpalazon.com\/odontologia-conservadora\/#primaryimage\"},\"thumbnailUrl\":\"https:\/\/clinicadentalpalazon.com\/wp-content\/uploads\/2021\/07\/urgencias.png\",\"datePublished\":\"2022-02-25T16:56:58+00:00\",\"dateModified\":\"2022-03-15T18:28:17+00:00\",\"description\":\"No tot \u00e9s un somriure maco. Mantenir una salut bucal correcta \u00e9s molt important, tant per a guanyar en qualitat de vida com per a estalviar temps i diners en tractaments.\",\"breadcrumb\":{\"@id\":\"https:\/\/clinicadentalpalazon.com\/odontologia-conservadora\/#breadcrumb\"},\"inLanguage\":\"ca\",\"potentialAction\":[{\"@type\":\"ReadAction\",\"target\":[\"https:\/\/clinicadentalpalazon.com\/odontologia-conservadora\/\"]}]},{\"@type\":\"ImageObject\",\"inLanguage\":\"ca\",\"@id\":\"https:\/\/clinicadentalpalazon.com\/odontologia-conservadora\/#primaryimage\",\"url\":\"https:\/\/clinicadentalpalazon.com\/wp-content\/uploads\/2021\/07\/urgencias.png\",\"contentUrl\":\"https:\/\/clinicadentalpalazon.com\/wp-content\/uploads\/2021\/07\/urgencias.png\"},{\"@type\":\"BreadcrumbList\",\"@id\":\"https:\/\/clinicadentalpalazon.com\/odontologia-conservadora\/#breadcrumb\",\"itemListElement\":[{\"@type\":\"ListItem\",\"position\":1,\"name\":\"Portada\",\"item\":\"https:\/\/clinicadentalpalazon.com\/ca\/clinica-dental-palazon\/\"},{\"@type\":\"ListItem\",\"position\":2,\"name\":\"Odontologia conservadora\"}]},{\"@type\":\"WebSite\",\"@id\":\"https:\/\/clinicadentalpalazon.com\/#website\",\"url\":\"https:\/\/clinicadentalpalazon.com\/\",\"name\":\"Cl\u00ednica Dental Palaz\u00f3n\",\"description\":\"Cl\u00ednica dental en Tarragona\",\"potentialAction\":[{\"@type\":\"SearchAction\",\"target\":{\"@type\":\"EntryPoint\",\"urlTemplate\":\"https:\/\/clinicadentalpalazon.com\/?s={search_term_string}\"},\"query-input\":\"required name=search_term_string\"}],\"inLanguage\":\"ca\"}]}<\/script>\n<!-- \/ Yoast SEO plugin. -->","yoast_head_json":{"title":"Odontologia conservadora - Cl\u00ednica Dental Palaz\u00f3n","description":"No tot \u00e9s un somriure maco. Mantenir una salut bucal correcta \u00e9s molt important, tant per a guanyar en qualitat de vida com per a estalviar temps i diners en tractaments.","robots":{"index":"index","follow":"follow","max-snippet":"max-snippet:-1","max-image-preview":"max-image-preview:large","max-video-preview":"max-video-preview:-1"},"canonical":"https:\/\/clinicadentalpalazon.com\/odontologia-conservadora\/","og_locale":"ca_ES","og_type":"article","og_title":"Odontologia conservadora - Cl\u00ednica Dental Palaz\u00f3n","og_description":"No tot \u00e9s un somriure maco. Mantenir una salut bucal correcta \u00e9s molt important, tant per a guanyar en qualitat de vida com per a estalviar temps i diners en tractaments.","og_url":"https:\/\/clinicadentalpalazon.com\/odontologia-conservadora\/","og_site_name":"Cl\u00ednica Dental Palaz\u00f3n","article_modified_time":"2022-03-15T18:28:17+00:00","og_image":[{"url":"https:\/\/clinicadentalpalazon.com\/wp-content\/uploads\/2021\/07\/urgencias.png"}],"twitter_card":"summary_large_image","twitter_misc":{"Temps estimat de lectura":"3 minuts"},"schema":{"@context":"https:\/\/schema.org","@graph":[{"@type":"WebPage","@id":"https:\/\/clinicadentalpalazon.com\/odontologia-conservadora\/","url":"https:\/\/clinicadentalpalazon.com\/odontologia-conservadora\/","name":"Odontologia conservadora - Cl\u00ednica Dental Palaz\u00f3n","isPartOf":{"@id":"https:\/\/clinicadentalpalazon.com\/#website"},"primaryImageOfPage":{"@id":"https:\/\/clinicadentalpalazon.com\/odontologia-conservadora\/#primaryimage"},"image":{"@id":"https:\/\/clinicadentalpalazon.com\/odontologia-conservadora\/#primaryimage"},"thumbnailUrl":"https:\/\/clinicadentalpalazon.com\/wp-content\/uploads\/2021\/07\/urgencias.png","datePublished":"2022-02-25T16:56:58+00:00","dateModified":"2022-03-15T18:28:17+00:00","description":"No tot \u00e9s un somriure maco. Mantenir una salut bucal correcta \u00e9s molt important, tant per a guanyar en qualitat de vida com per a estalviar temps i diners en tractaments.","breadcrumb":{"@id":"https:\/\/clinicadentalpalazon.com\/odontologia-conservadora\/#breadcrumb"},"inLanguage":"ca","potentialAction":[{"@type":"ReadAction","target":["https:\/\/clinicadentalpalazon.com\/odontologia-conservadora\/"]}]},{"@type":"ImageObject","inLanguage":"ca","@id":"https:\/\/clinicadentalpalazon.com\/odontologia-conservadora\/#primaryimage","url":"https:\/\/clinicadentalpalazon.com\/wp-content\/uploads\/2021\/07\/urgencias.png","contentUrl":"https:\/\/clinicadentalpalazon.com\/wp-content\/uploads\/2021\/07\/urgencias.png"},{"@type":"BreadcrumbList","@id":"https:\/\/clinicadentalpalazon.com\/odontologia-conservadora\/#breadcrumb","itemListElement":[{"@type":"ListItem","position":1,"name":"Portada","item":"https:\/\/clinicadentalpalazon.com\/ca\/clinica-dental-palazon\/"},{"@type":"ListItem","position":2,"name":"Odontologia conservadora"}]},{"@type":"WebSite","@id":"https:\/\/clinicadentalpalazon.com\/#website","url":"https:\/\/clinicadentalpalazon.com\/","name":"Cl\u00ednica Dental Palaz\u00f3n","description":"Cl\u00ednica dental en Tarragona","potentialAction":[{"@type":"SearchAction","target":{"@type":"EntryPoint","urlTemplate":"https:\/\/clinicadentalpalazon.com\/?s={search_term_string}"},"query-input":"required name=search_term_string"}],"inLanguage":"ca"}]}},"_links":{"self":[{"href":"https:\/\/clinicadentalpalazon.com\/ca\/wp-json\/wp\/v2\/pages\/2864"}],"collection":[{"href":"https:\/\/clinicadentalpalazon.com\/ca\/wp-json\/wp\/v2\/pages"}],"about":[{"href":"https:\/\/clinicadentalpalazon.com\/ca\/wp-json\/wp\/v2\/types\/page"}],"author":[{"embeddable":true,"href":"https:\/\/clinicadentalpalazon.com\/ca\/wp-json\/wp\/v2\/users\/1"}],"replies":[{"embeddable":true,"href":"https:\/\/clinicadentalpalazon.com\/ca\/wp-json\/wp\/v2\/comments?post=2864"}],"version-history":[{"count":8,"href":"https:\/\/clinicadentalpalazon.com\/ca\/wp-json\/wp\/v2\/pages\/2864\/revisions"}],"predecessor-version":[{"id":2992,"href":"https:\/\/clinicadentalpalazon.com\/ca\/wp-json\/wp\/v2\/pages\/2864\/revisions\/2992"}],"wp:attachment":[{"href":"https:\/\/clinicadentalpalazon.com\/ca\/wp-json\/wp\/v2\/media?parent=2864"}],"curies":[{"name":"wp","href":"https:\/\/api.w.org\/{rel}","templated":true}]}}