{"id":2860,"date":"2022-02-25T17:46:20","date_gmt":"2022-02-25T16:46:20","guid":{"rendered":"https:\/\/clinicadentalpalazon.com\/ortodoncia-invisible\/"},"modified":"2022-03-14T12:44:20","modified_gmt":"2022-03-14T11:44:20","slug":"ortodoncia-invisible","status":"publish","type":"page","link":"https:\/\/clinicadentalpalazon.com\/ca\/ortodoncia-invisible\/","title":{"rendered":"Ortod\u00f2ncia invisible"},"content":{"rendered":"<div class=\"wpb-content-wrapper\"><p>[vc_row full_width=&#8221;stretch_row_content_no_spaces&#8221;][vc_column]<div class=\"banner-area banner-5a1eb939d5268\"><div class=\"banner  fixed-height\" style=\"height: 540px;\"><div class=\"item banner-item-69dee2631dfa3 white content-align-center middle\" style=\"background-image: url(https:\/\/clinicadentalpalazon.com\/wp-content\/uploads\/2021\/05\/ortodoncia-invisible.jpeg);\"><div class=\"container\"><div class=\"cell\"><h1 class=\"h\"><span><\/span><\/h1><div class=\"link-area\"><\/div><\/div><\/div><\/div><\/div><\/div>[\/vc_column][\/vc_row][vc_row css_animation=&#8221;fadeInUp&#8221; css=&#8221;.vc_custom_1624361755261{margin-top: 25px !important;}&#8221;][vc_column][vc_custom_heading text=&#8221;ORTOD\u00d2NCIA INVISIBLE&#8221; font_container=&#8221;tag:h2|text_align:center|color:%2308b2b1&#8243; google_fonts=&#8221;font_family:Lato%3A100%2C100italic%2C300%2C300italic%2Cregular%2Citalic%2C700%2C700italic%2C900%2C900italic|font_style:300%20light%20regular%3A300%3Anormal&#8221; decor_line=&#8221;&#8221;][\/vc_column][\/vc_row][vc_row equal_height=&#8221;yes&#8221; content_placement=&#8221;middle&#8221; css=&#8221;.vc_custom_1624361767604{margin-bottom: 25px !important;background-color: #ffffff !important;}&#8221;][vc_column css_animation=&#8221;fadeInLeft&#8221; css=&#8221;.vc_custom_1624361772846{padding-top: 0px !important;padding-bottom: 0px !important;}&#8221;][vc_column_text]<\/p>\n<p style=\"text-align: center;\"><span style=\"font-family: Lato;\">A la Cl\u00ednica Dental Palaz\u00f3n, treballem amb el sistema de tractament d&#8217;ortod\u00f2ncia <strong>m\u00e9s discret i c\u00f2mode que existeix en l&#8217;actualitat<\/strong>.<\/span><\/p>\n<p style=\"text-align: center;\"><span style=\"font-family: Lato;\">El proc\u00e9s \u00e9s molt senzill i combina diferents <strong>t\u00e8cniques, r\u00e0pides i m\u00ednimament invasives<\/strong>, de les quals disposem en la cl\u00ednica. <\/span><\/p>\n<p style=\"text-align: center;\"><span style=\"font-family: Lato;\">Utilitzem les imatges en 3D de la teva boca, que obtenim a trav\u00e9s de l&#8217;<strong>esc\u00e0ner intraoral<\/strong>, per a realitzar un <strong>Disseny Digital del Somriure<\/strong>. <\/span><\/p>\n<p style=\"text-align: center;\"><span style=\"font-family: Lato;\">Aix\u00ed podr\u00e0s veure els resultats abans de comen\u00e7ar.<\/span><\/p>\n<p style=\"text-align: center;\"><span style=\"font-family: Lato;\">A partir d&#8217;aqu\u00ed, dissenyem un conjunt de <strong>fundes transparents<\/strong> que alinearan les teves dents fins que quedin perfectes. Ning\u00fa s\u2019adonar\u00e0 que les portes posades.<\/span><\/p>\n<p style=\"text-align: center;\"><span style=\"font-family: Lato;\">Aparells, motlles complexos o llargues sessions d&#8217;ajustos: tot aix\u00f2 ha passat a la hist\u00f2ria. Ara, per a lluir somriure, <strong>nom\u00e9s t\u2019has de prendre unes fotos i col\u00b7locar-te unes fundes invisibles<\/strong>.<\/span><\/p>\n<p>[\/vc_column_text][\/vc_column][\/vc_row][vc_row equal_height=&#8221;yes&#8221; content_placement=&#8221;middle&#8221; css=&#8221;.vc_custom_1624361776453{background-color: #ffffff !important;}&#8221;][vc_column css_animation=&#8221;fadeInLeft&#8221; width=&#8221;1\/2&#8243; css=&#8221;.vc_custom_1635942355636{padding-top: 0px !important;padding-bottom: 0px !important;}&#8221; offset=&#8221;vc_hidden-xs&#8221;][vc_column_text]<\/p>\n<p style=\"line-height: 1.8em; font-size: 18px;\"><strong><span style=\"font-family: Lato;\">SENSE MOL\u00c8STIES<\/span><\/strong><\/p>\n<p><span style=\"font-family: Lato;\">Hi ha moments en qu\u00e8 el tractament d&#8217;ortod\u00f2ncia pot molestar. \u00c9s aix\u00ed.<\/span><\/p>\n<p><span style=\"font-family: Lato;\"><strong>Qui no ha volgut poder llevar-se els aparells per a parlar en p\u00fablic, netejar-se les dents o, simplement, menjar? <\/strong><\/span><\/p>\n<p><span style=\"font-family: Lato;\">Com que s\u00f3n fundes adaptables, el sistema Invisalign et permet llevar-te-les durant breus per\u00edodes de temps en els quals consideris que \u00e9s millor no portar-les.<\/span><\/p>\n<p><span style=\"font-family: Lato;\">Podr\u00e0s cuidar la <strong>higiene de la teva boca<\/strong>, <strong>menjar el teu plat favorit<\/strong> o <strong>donar un discurs en p\u00fablic<\/strong> <strong>pronunciant perfectament cada lletra<\/strong> mentre realitzes el teu tractament d&#8217;ortod\u00f2ncia. En acabar, nom\u00e9s has de tornar a col\u00b7locar-te la funda, aix\u00f2 \u00e9s tot. <\/span>[\/vc_column_text][\/vc_column][vc_column css_animation=&#8221;fadeInRight&#8221; width=&#8221;1\/2&#8243; css=&#8221;.vc_custom_1635942361613{padding-top: 0px !important;padding-bottom: 0px !important;}&#8221; offset=&#8221;vc_hidden-xs&#8221;][vc_single_image image=&#8221;2713&#8243; img_size=&#8221;600&#215;400&#8243;][\/vc_column][\/vc_row][vc_row equal_height=&#8221;yes&#8221; content_placement=&#8221;middle&#8221; css=&#8221;.vc_custom_1624361776453{background-color: #ffffff !important;}&#8221;][vc_column css_animation=&#8221;fadeInRight&#8221; width=&#8221;1\/2&#8243; css=&#8221;.vc_custom_1635942371582{padding-top: 0px !important;padding-bottom: 0px !important;}&#8221; offset=&#8221;vc_hidden-lg vc_hidden-md vc_hidden-sm&#8221;][vc_single_image image=&#8221;2713&#8243; img_size=&#8221;600&#215;400&#8243;][\/vc_column][vc_column css_animation=&#8221;fadeInLeft&#8221; width=&#8221;1\/2&#8243; css=&#8221;.vc_custom_1635942377729{padding-top: 0px !important;padding-bottom: 0px !important;}&#8221; offset=&#8221;vc_hidden-lg vc_hidden-md vc_hidden-sm&#8221;][vc_column_text]<\/p>\n<p style=\"line-height: 1.8em; font-size: 18px;\"><strong><span style=\"font-family: Lato;\">SENSE MOL\u00c8STIES<\/span><\/strong><\/p>\n<p><span style=\"font-family: Lato;\">Hi ha moments en qu\u00e8 el tractament d&#8217;ortod\u00f2ncia pot molestar. \u00c9s aix\u00ed.<\/span><\/p>\n<p><span style=\"font-family: Lato;\"><strong>Qui no ha volgut poder llevar-se els aparells per a parlar en p\u00fablic, netejar-se les dents o, simplement, menjar? <\/strong><\/span><\/p>\n<p><span style=\"font-family: Lato;\">Com que s\u00f3n fundes adaptables, el sistema Invisalign et permet llevar-te-les durant breus per\u00edodes de temps en els quals consideris que \u00e9s millor no portar-les.<\/span><\/p>\n<p><span style=\"font-family: Lato;\">Podr\u00e0s cuidar la <strong>higiene de la teva boca<\/strong>, <strong>menjar el teu plat favorit<\/strong> o <strong>donar un discurs en p\u00fablic<\/strong> <strong>pronunciant perfectament cada lletra<\/strong> mentre realitzes el teu tractament d&#8217;ortod\u00f2ncia. En acabar, nom\u00e9s has de tornar a col\u00b7locar-te la funda, aix\u00f2 \u00e9s tot. <\/span>[\/vc_column_text][\/vc_column][\/vc_row][vc_row css_animation=&#8221;fadeInUp&#8221; css=&#8221;.vc_custom_1624362043264{margin-top: -25px !important;}&#8221;][vc_column][vc_custom_heading text=&#8221;ENCARA M\u00c9S SENZILL DEL QUE SEMBLA&#8221; font_container=&#8221;tag:h2|text_align:center|color:%2308b2b1&#8243; google_fonts=&#8221;font_family:Lato%3A100%2C100italic%2C300%2C300italic%2Cregular%2Citalic%2C700%2C700italic%2C900%2C900italic|font_style:300%20light%20regular%3A300%3Anormal&#8221; decor_line=&#8221;&#8221;][vc_empty_space height=&#8221;25px&#8221;][vc_row_inner][vc_column_inner width=&#8221;1\/3&#8243;][vc_single_image image=&#8221;2657&#8243; img_size=&#8221;600&#215;400&#8243;][vc_column_text]<span style=\"font-family: Lato;\">El sistema d&#8217;ortod\u00f2ncia invisible s&#8217;aplica mitjan\u00e7ant un proc\u00e9s molt senzill.<\/span><\/p>\n<p><span style=\"font-family: Lato;\">Primer, analitzarem les teves dents i realitzarem una <strong>simulaci\u00f3 dels resultats que esperem obtenir<\/strong>. Podr\u00e0s veure el teu nou somriure abans de comen\u00e7ar el tractament.<\/span>[\/vc_column_text][\/vc_column_inner][vc_column_inner width=&#8221;1\/3&#8243;][vc_single_image image=&#8221;2714&#8243; img_size=&#8221;600&#215;400&#8243; css=&#8221;.vc_custom_1625130037570{padding-top: 0px !important;padding-bottom: 0px !important;}&#8221;][vc_column_text]<span style=\"font-family: Lato;\">Quan estigui tot planificat, <strong>fabricarem les fundes al laboratori<\/strong>. Quan estiguin llestes, t&#8217;avisarem perqu\u00e8 vinguis a recollir la primera tanda i <strong>t&#8217;explicarem els passos que has de seguir.<\/strong> Per descomptat, <strong>resoldrem qualsevol dubte<\/strong> que et pugui sorgir durant tot el proc\u00e9s.<\/span>[\/vc_column_text][\/vc_column_inner][vc_column_inner width=&#8221;1\/3&#8243;][vc_single_image image=&#8221;2715&#8243; img_size=&#8221;600&#215;400&#8243; css=&#8221;.vc_custom_1625130178883{padding-top: 0px !important;padding-bottom: 0px !important;}&#8221;][vc_column_text]<span style=\"font-family: Lato;\">Ja nom\u00e9s haur\u00e0s de venir a la consulta cada 4-6 setmanes a <strong>recollir els alineadors seg\u00fcents i revisar que tot sigui correcte<\/strong>.<\/span><\/p>\n<p><span style=\"font-family: Lato;\">R\u00e0pid, f\u00e0cil i discret. <strong>No hi ha motius per a no lluir un somriure perfecte.<\/strong><\/span>[\/vc_column_text][\/vc_column_inner][\/vc_row_inner][vc_row_inner][vc_column_inner][vc_empty_space height=&#8221;16px&#8221;][vc_btn title=&#8221;DEMANA CITA&#8221; style=&#8221;custom&#8221; custom_background=&#8221;#004694&#8243; custom_text=&#8221;#ffffff&#8221; align=&#8221;center&#8221; link=&#8221;url:https%3A%2F%2Fclinicadentalpalazon.com%2Fca%2Fdemana-cita%2F&#8221;][vc_empty_space height=&#8221;16px&#8221;][\/vc_column_inner][\/vc_row_inner][\/vc_column][\/vc_row][vc_row full_width=&#8221;stretch_row_content&#8221; parallax=&#8221;content-moving-fade&#8221; parallax_speed_bg=&#8221;4&#8243; css_animation=&#8221;fadeInUp&#8221; background_position=&#8221;center center&#8221; css=&#8221;.vc_custom_1625500777380{margin-top: 25px !important;padding-top: 25px !important;background-color: #e6e6e6 !important;background-position: 0 0;background-repeat: no-repeat !important;}&#8221;][vc_column][vc_custom_heading text=&#8221;TENS ALGUN DUBTE? EXPLICA\u2019NS-HO.<\/p>\n<h6>Si tens dubtes o ens vols explicar el teu cas, telefona\u2019ns. Si ets m\u00e9s digital, pots demanar cita aqu\u00ed mateix:<\/h6>\n<p>&#8221; font_container=&#8221;tag:h3|text_align:left|color:%23000000&#8243; use_theme_fonts=&#8221;yes&#8221; decor_line=&#8221;&#8221; el_id=&#8221;titulo_siguemedia&#8221;][vc_column_text el_id=&#8221;formulario_siguemedia&#8221;]<\/p>\n<p style=\"text-align: center;\">\n<div class=\"wpcf7 no-js\" id=\"wpcf7-f2949-o1\" lang=\"es-ES\" dir=\"ltr\">\n<div class=\"screen-reader-response\"><p role=\"status\" aria-live=\"polite\" aria-atomic=\"true\"><\/p> <ul><\/ul><\/div>\n<form action=\"\/ca\/wp-json\/wp\/v2\/pages\/2860#wpcf7-f2949-o1\" method=\"post\" class=\"wpcf7-form init\" aria-label=\"Formulario de contacto\" novalidate=\"novalidate\" data-status=\"init\">\n<div style=\"display: none;\">\n<input type=\"hidden\" name=\"_wpcf7\" value=\"2949\" \/>\n<input type=\"hidden\" name=\"_wpcf7_version\" value=\"5.9.3\" \/>\n<input type=\"hidden\" name=\"_wpcf7_locale\" value=\"es_ES\" \/>\n<input type=\"hidden\" name=\"_wpcf7_unit_tag\" value=\"wpcf7-f2949-o1\" \/>\n<input type=\"hidden\" name=\"_wpcf7_container_post\" value=\"0\" \/>\n<input type=\"hidden\" name=\"_wpcf7_posted_data_hash\" value=\"\" \/>\n<input type=\"hidden\" name=\"_wpcf7_recaptcha_response\" value=\"\" \/>\n<\/div>\n<div class=\"form-b row\">\n\t<div class=\"col-xs-12 col-sm-6 col-md-4\">\n\t\t<p><span class=\"wpcf7-form-control-wrap\" data-name=\"f-name\"><input size=\"40\" class=\"wpcf7-form-control wpcf7-text style1\" aria-invalid=\"false\" placeholder=\"Nom\" value=\"\" type=\"text\" name=\"f-name\" \/><\/span><span class=\"wpcf7-form-control-wrap\" data-name=\"f-mail\"><input size=\"40\" class=\"wpcf7-form-control wpcf7-text style1\" aria-invalid=\"false\" placeholder=\"Correu electr\u00f3nic\" value=\"\" type=\"text\" name=\"f-mail\" \/><\/span><span class=\"wpcf7-form-control-wrap\" data-name=\"f-phone\"><input size=\"40\" class=\"wpcf7-form-control wpcf7-text style1\" aria-invalid=\"false\" placeholder=\"Tel\u00e8fon\" value=\"\" type=\"text\" name=\"f-phone\" \/><\/span>\n\t\t<\/p>\n\t<\/div>\n\t<div class=\"col-xs-12 col-md-4\">\n\t\t<p><span class=\"wpcf7-form-control-wrap\" data-name=\"f-text\"><textarea cols=\"40\" rows=\"5\" class=\"wpcf7-form-control wpcf7-textarea style1\" aria-invalid=\"false\" placeholder=\"En qu\u00e8 podem ajudar-te?\" name=\"f-text\"><\/textarea><\/span>\n\t\t<\/p>\n\t\t<div class=\"acheck\">\n\t\t\t<p><span class=\"wpcf7-form-control-wrap\" data-name=\"acceptance-377\"><span class=\"wpcf7-form-control wpcf7-acceptance\"><span class=\"wpcf7-list-item\"><input type=\"checkbox\" name=\"acceptance-377\" value=\"1\" aria-invalid=\"false\" \/><\/span><\/span><\/span><label style=\"color:#000000\">Acepto la <a href=\"https:\/\/clinicadentalpalazon.com\/ca\/politica-de-privacitat\/\" target=\"_blank\">Pol\u00edtica de Privacitat<\/a><\/label>\n\t\t\t<\/p>\n\t\t<\/div>\n\t\t<p><span class=\"wpcf7-form-control-wrap\" data-name=\"hcap-cf7\">\t\t<input\n\t\t\t\ttype=\"hidden\"\n\t\t\t\tclass=\"hcaptcha-widget-id\"\n\t\t\t\tname=\"hcaptcha-widget-id\"\n\t\t\t\tvalue=\"eyJzb3VyY2UiOlsiY29udGFjdC1mb3JtLTdcL3dwLWNvbnRhY3QtZm9ybS03LnBocCJdLCJmb3JtX2lkIjoyOTQ5fQ==-70a119cf3639b522a47955420e5a47bb\">\n\t\t\t\t<span id=\"hcap_cf7-69dee2632a30f9.83192330\" class=\"wpcf7-form-control h-captcha \"\n\t\t\tdata-sitekey=\"50ec7008-d9e2-4bc6-ad50-449ca57808f6\"\n\t\t\tdata-theme=\"light\"\n\t\t\tdata-size=\"normal\"\n\t\t\tdata-auto=\"false\"\n\t\t\tdata-force=\"false\">\n\t\t<\/span>\n\t\t<input type=\"hidden\" id=\"_wpnonce\" name=\"_wpnonce\" value=\"8bb415054f\" \/><input type=\"hidden\" name=\"_wp_http_referer\" value=\"\/ca\/wp-json\/wp\/v2\/pages\/2860\" \/><\/span><input type=\"submit\" style=\"background-color: #14438f;\" value=\"ENVIAR\" class=\"wpcf7-form-control wpcf7-submit button-style1\" disabled=\"\" \/>\n\t\t<\/p>\n\t<\/div>\n<\/div><div class=\"wpcf7-response-output\" aria-hidden=\"true\"><\/div>\n<\/form>\n<\/div>\n<p>[\/vc_column_text][\/vc_column][\/vc_row]<\/p>\n<\/div>","protected":false},"excerpt":{"rendered":"<p>[vc_row full_width=&#8221;stretch_row_content_no_spaces&#8221;][vc_column][\/vc_column][\/vc_row][vc_row css_animation=&#8221;fadeInUp&#8221; css=&#8221;.vc_custom_1624361755261{margin-top: 25px !important;}&#8221;][vc_column][vc_custom_heading text=&#8221;ORTOD\u00d2NCIA INVISIBLE&#8221; font_container=&#8221;tag:h2|text_align:center|color:%2308b2b1&#8243; google_fonts=&#8221;font_family:Lato%3A100%2C100italic%2C300%2C300italic%2Cregular%2Citalic%2C700%2C700italic%2C900%2C900italic|font_style:300%20light%20regular%3A300%3Anormal&#8221; decor_line=&#8221;&#8221;][\/vc_column][\/vc_row][vc_row equal_height=&#8221;yes&#8221; content_placement=&#8221;middle&#8221; css=&#8221;.vc_custom_1624361767604{margin-bottom: 25px !important;background-color: #ffffff !important;}&#8221;][vc_column css_animation=&#8221;fadeInLeft&#8221; css=&#8221;.vc_custom_1624361772846{padding-top: 0px !important;padding-bottom: 0px !important;}&#8221;][vc_column_text] A la Cl\u00ednica Dental Palaz\u00f3n, treballem amb el sistema de tractament d&#8217;ortod\u00f2ncia m\u00e9s discret i c\u00f2mode que existeix en l&#8217;actualitat. El proc\u00e9s \u00e9s molt senzill i combina diferents t\u00e8cniques, r\u00e0pides i [&hellip;]<\/p>\n","protected":false},"author":1,"featured_media":0,"parent":0,"menu_order":0,"comment_status":"closed","ping_status":"closed","template":"template-landing.php","meta":{"_acf_changed":false,"footnotes":""},"acf":[],"yoast_head":"<!-- This site is optimized with the Yoast SEO plugin v22.4 - https:\/\/yoast.com\/wordpress\/plugins\/seo\/ -->\n<title>Ortod\u00f2ncia invisible - Cl\u00ednica Dental Palaz\u00f3n<\/title>\n<meta name=\"description\" content=\"A la Cl\u00ednica Dental Palaz\u00f3n, treballem amb el sistema de tractament d&#039;ortod\u00f2ncia m\u00e9s discret i c\u00f2mode que existeix en l&#039;actualitat.\" \/>\n<meta name=\"robots\" content=\"index, follow, max-snippet:-1, max-image-preview:large, max-video-preview:-1\" \/>\n<link rel=\"canonical\" href=\"https:\/\/clinicadentalpalazon.com\/ca\/ortodoncia-invisible\/\" \/>\n<meta property=\"og:locale\" content=\"ca_ES\" \/>\n<meta property=\"og:type\" content=\"article\" \/>\n<meta property=\"og:title\" content=\"Ortod\u00f2ncia invisible - Cl\u00ednica Dental Palaz\u00f3n\" \/>\n<meta property=\"og:description\" content=\"A la Cl\u00ednica Dental Palaz\u00f3n, treballem amb el sistema de tractament d&#039;ortod\u00f2ncia m\u00e9s discret i c\u00f2mode que existeix en l&#039;actualitat.\" \/>\n<meta property=\"og:url\" content=\"https:\/\/clinicadentalpalazon.com\/ca\/ortodoncia-invisible\/\" \/>\n<meta property=\"og:site_name\" content=\"Cl\u00ednica Dental Palaz\u00f3n\" \/>\n<meta property=\"article:modified_time\" content=\"2022-03-14T11:44:20+00:00\" \/>\n<meta name=\"twitter:card\" content=\"summary_large_image\" \/>\n<meta name=\"twitter:label1\" content=\"Temps estimat de lectura\" \/>\n\t<meta name=\"twitter:data1\" content=\"6 minuts\" \/>\n<script type=\"application\/ld+json\" class=\"yoast-schema-graph\">{\"@context\":\"https:\/\/schema.org\",\"@graph\":[{\"@type\":\"WebPage\",\"@id\":\"https:\/\/clinicadentalpalazon.com\/ca\/ortodoncia-invisible\/\",\"url\":\"https:\/\/clinicadentalpalazon.com\/ca\/ortodoncia-invisible\/\",\"name\":\"Ortod\u00f2ncia invisible - Cl\u00ednica Dental Palaz\u00f3n\",\"isPartOf\":{\"@id\":\"https:\/\/clinicadentalpalazon.com\/#website\"},\"datePublished\":\"2022-02-25T16:46:20+00:00\",\"dateModified\":\"2022-03-14T11:44:20+00:00\",\"description\":\"A la Cl\u00ednica Dental Palaz\u00f3n, treballem amb el sistema de tractament d'ortod\u00f2ncia m\u00e9s discret i c\u00f2mode que existeix en l'actualitat.\",\"breadcrumb\":{\"@id\":\"https:\/\/clinicadentalpalazon.com\/ca\/ortodoncia-invisible\/#breadcrumb\"},\"inLanguage\":\"ca\",\"potentialAction\":[{\"@type\":\"ReadAction\",\"target\":[\"https:\/\/clinicadentalpalazon.com\/ca\/ortodoncia-invisible\/\"]}]},{\"@type\":\"BreadcrumbList\",\"@id\":\"https:\/\/clinicadentalpalazon.com\/ca\/ortodoncia-invisible\/#breadcrumb\",\"itemListElement\":[{\"@type\":\"ListItem\",\"position\":1,\"name\":\"Portada\",\"item\":\"https:\/\/clinicadentalpalazon.com\/ca\/clinica-dental-palazon\/\"},{\"@type\":\"ListItem\",\"position\":2,\"name\":\"Ortod\u00f2ncia invisible\"}]},{\"@type\":\"WebSite\",\"@id\":\"https:\/\/clinicadentalpalazon.com\/#website\",\"url\":\"https:\/\/clinicadentalpalazon.com\/\",\"name\":\"Cl\u00ednica Dental Palaz\u00f3n\",\"description\":\"Cl\u00ednica dental en Tarragona\",\"potentialAction\":[{\"@type\":\"SearchAction\",\"target\":{\"@type\":\"EntryPoint\",\"urlTemplate\":\"https:\/\/clinicadentalpalazon.com\/?s={search_term_string}\"},\"query-input\":\"required name=search_term_string\"}],\"inLanguage\":\"ca\"}]}<\/script>\n<!-- \/ Yoast SEO plugin. -->","yoast_head_json":{"title":"Ortod\u00f2ncia invisible - Cl\u00ednica Dental Palaz\u00f3n","description":"A la Cl\u00ednica Dental Palaz\u00f3n, treballem amb el sistema de tractament d'ortod\u00f2ncia m\u00e9s discret i c\u00f2mode que existeix en l'actualitat.","robots":{"index":"index","follow":"follow","max-snippet":"max-snippet:-1","max-image-preview":"max-image-preview:large","max-video-preview":"max-video-preview:-1"},"canonical":"https:\/\/clinicadentalpalazon.com\/ca\/ortodoncia-invisible\/","og_locale":"ca_ES","og_type":"article","og_title":"Ortod\u00f2ncia invisible - Cl\u00ednica Dental Palaz\u00f3n","og_description":"A la Cl\u00ednica Dental Palaz\u00f3n, treballem amb el sistema de tractament d'ortod\u00f2ncia m\u00e9s discret i c\u00f2mode que existeix en l'actualitat.","og_url":"https:\/\/clinicadentalpalazon.com\/ca\/ortodoncia-invisible\/","og_site_name":"Cl\u00ednica Dental Palaz\u00f3n","article_modified_time":"2022-03-14T11:44:20+00:00","twitter_card":"summary_large_image","twitter_misc":{"Temps estimat de lectura":"6 minuts"},"schema":{"@context":"https:\/\/schema.org","@graph":[{"@type":"WebPage","@id":"https:\/\/clinicadentalpalazon.com\/ca\/ortodoncia-invisible\/","url":"https:\/\/clinicadentalpalazon.com\/ca\/ortodoncia-invisible\/","name":"Ortod\u00f2ncia invisible - Cl\u00ednica Dental Palaz\u00f3n","isPartOf":{"@id":"https:\/\/clinicadentalpalazon.com\/#website"},"datePublished":"2022-02-25T16:46:20+00:00","dateModified":"2022-03-14T11:44:20+00:00","description":"A la Cl\u00ednica Dental Palaz\u00f3n, treballem amb el sistema de tractament d'ortod\u00f2ncia m\u00e9s discret i c\u00f2mode que existeix en l'actualitat.","breadcrumb":{"@id":"https:\/\/clinicadentalpalazon.com\/ca\/ortodoncia-invisible\/#breadcrumb"},"inLanguage":"ca","potentialAction":[{"@type":"ReadAction","target":["https:\/\/clinicadentalpalazon.com\/ca\/ortodoncia-invisible\/"]}]},{"@type":"BreadcrumbList","@id":"https:\/\/clinicadentalpalazon.com\/ca\/ortodoncia-invisible\/#breadcrumb","itemListElement":[{"@type":"ListItem","position":1,"name":"Portada","item":"https:\/\/clinicadentalpalazon.com\/ca\/clinica-dental-palazon\/"},{"@type":"ListItem","position":2,"name":"Ortod\u00f2ncia invisible"}]},{"@type":"WebSite","@id":"https:\/\/clinicadentalpalazon.com\/#website","url":"https:\/\/clinicadentalpalazon.com\/","name":"Cl\u00ednica Dental Palaz\u00f3n","description":"Cl\u00ednica dental en Tarragona","potentialAction":[{"@type":"SearchAction","target":{"@type":"EntryPoint","urlTemplate":"https:\/\/clinicadentalpalazon.com\/?s={search_term_string}"},"query-input":"required name=search_term_string"}],"inLanguage":"ca"}]}},"_links":{"self":[{"href":"https:\/\/clinicadentalpalazon.com\/ca\/wp-json\/wp\/v2\/pages\/2860"}],"collection":[{"href":"https:\/\/clinicadentalpalazon.com\/ca\/wp-json\/wp\/v2\/pages"}],"about":[{"href":"https:\/\/clinicadentalpalazon.com\/ca\/wp-json\/wp\/v2\/types\/page"}],"author":[{"embeddable":true,"href":"https:\/\/clinicadentalpalazon.com\/ca\/wp-json\/wp\/v2\/users\/1"}],"replies":[{"embeddable":true,"href":"https:\/\/clinicadentalpalazon.com\/ca\/wp-json\/wp\/v2\/comments?post=2860"}],"version-history":[{"count":5,"href":"https:\/\/clinicadentalpalazon.com\/ca\/wp-json\/wp\/v2\/pages\/2860\/revisions"}],"predecessor-version":[{"id":2986,"href":"https:\/\/clinicadentalpalazon.com\/ca\/wp-json\/wp\/v2\/pages\/2860\/revisions\/2986"}],"wp:attachment":[{"href":"https:\/\/clinicadentalpalazon.com\/ca\/wp-json\/wp\/v2\/media?parent=2860"}],"curies":[{"name":"wp","href":"https:\/\/api.w.org\/{rel}","templated":true}]}}