{"id":2856,"date":"2022-02-25T17:37:45","date_gmt":"2022-02-25T16:37:45","guid":{"rendered":"https:\/\/clinicadentalpalazon.com\/escaner-intraoral\/"},"modified":"2024-04-11T11:22:21","modified_gmt":"2024-04-11T09:22:21","slug":"escaner-intraoral","status":"publish","type":"page","link":"https:\/\/clinicadentalpalazon.com\/ca\/escaner-intraoral\/","title":{"rendered":"Esc\u00e0ner intraoral"},"content":{"rendered":"<div class=\"wpb-content-wrapper\"><p>[vc_row full_width=&#8221;stretch_row_content_no_spaces&#8221;][vc_column]<div class=\"banner-area banner-5a1eb939d5268\"><div class=\"banner  fixed-height\" style=\"height: 540px;\"><div class=\"item banner-item-69e75f77292ce white content-align-center middle\" style=\"background-image: url(https:\/\/clinicadentalpalazon.com\/wp-content\/uploads\/2021\/07\/scaner-intraoral.jpg);\"><div class=\"container\"><div class=\"cell\"><h1 class=\"h\"><span><\/span><\/h1><div class=\"link-area\"><\/div><\/div><\/div><\/div><\/div><\/div>[\/vc_column][\/vc_row][vc_row css_animation=&#8221;fadeInUp&#8221; css=&#8221;.vc_custom_1624362141309{margin-top: 25px !important;}&#8221;][vc_column][vc_empty_space][vc_custom_heading text=&#8221;ESC\u00c0NER INTRAORAL&#8221; font_container=&#8221;tag:h2|text_align:center|color:%2308b2b1&#8243; google_fonts=&#8221;font_family:Lato%3A100%2C100italic%2C300%2C300italic%2Cregular%2Citalic%2C700%2C700italic%2C900%2C900italic|font_style:300%20light%20regular%3A300%3Anormal&#8221; decor_line=&#8221;&#8221;][\/vc_column][\/vc_row][vc_row equal_height=&#8221;yes&#8221; content_placement=&#8221;middle&#8221; css=&#8221;.vc_custom_1624362153438{margin-bottom: 25px !important;background-color: #ffffff !important;}&#8221;][vc_column css_animation=&#8221;fadeInLeft&#8221; css=&#8221;.vc_custom_1624362157861{padding-top: 0px !important;padding-bottom: 0px !important;}&#8221;][vc_column_text]<\/p>\n<p style=\"text-align: center;\"><span style=\"font-family: Lato;\">Sigui com sigui el tractament que vulguis realitzar, una cosa \u00e9s segura: <strong>necessitarem planificar-lo<\/strong>. I, per a planificar-lo, probablement necessitarem un <strong>registre de la teva boca.<\/strong><\/span><\/p>\n<p style=\"text-align: center;\"><span style=\"font-family: Lato;\">Fa uns anys, l&#8217;\u00fanica manera d&#8217;obtenir un registre de la boca del pacient era mitjan\u00e7ant motlles de pasta. Un proc\u00e9s invasiu i lent, ja que els motlles s&#8217;havien d&#8217;enviar al laboratori per missatger.<\/span><\/p>\n<p style=\"text-align: center;\"><span style=\"font-family: Lato;\">Per\u00f2 aix\u00f2 era fa uns anys.<\/span><\/p>\n<p style=\"text-align: center;\"><span style=\"font-family: Lato;\">A la Cl\u00ednica Dental Palaz\u00f3n, podem <strong>planificar el teu tractament en menys de cinc minuts, sense utilitzar cap mena de motlle i sense que sentis cap mol\u00e8stia.<\/strong> Per a aix\u00f2, utilitzem el nostre esc\u00e0ner intraoral. Una tecnologia que elabora una imatge precisa, en 3D, de l&#8217;interior de la teva boca.<\/span><\/p>\n<p style=\"text-align: center;\"><span style=\"font-family: Lato;\">A partir d&#8217;aquesta imatge en 3D podem con\u00e8ixer la teva mossegada, simular l\u2019ortod\u00f2ncia o, fins i tot, enviar les dades instant\u00e0niament al laboratori per a confeccionar-te una pr\u00f2tesi dental.<\/span><\/p>\n<p style=\"text-align: center;\"><span style=\"font-family: Lato;\">Sense mol\u00e8sties i en tot <strong>just uns minuts<\/strong>.<span style=\"letter-spacing: 0.05em;\"> <\/span><\/span><\/p>\n<p>[\/vc_column_text][\/vc_column][\/vc_row][vc_row full_width=&#8221;stretch_row_content_no_spaces&#8221; equal_height=&#8221;yes&#8221; parallax=&#8221;content-moving-fade&#8221; parallax_speed_bg=&#8221;4&#8243; css_animation=&#8221;fadeInUp&#8221; background_position=&#8221;center center&#8221; css=&#8221;.vc_custom_1631544371063{background-color: #14438f !important;}&#8221;][vc_column width=&#8221;1\/2&#8243; css=&#8221;.vc_custom_1635499610539{background-image: url(https:\/\/clinicadentalpalazon.com\/wp-content\/uploads\/2021\/07\/seguro-limpio.jpg?id=1916) !important;}&#8221; offset=&#8221;vc_hidden-xs&#8221;][\/vc_column][vc_column width=&#8221;1\/2&#8243; css=&#8221;.vc_custom_1631544574579{margin-bottom: 5% !important;padding-left: 5% !important;}&#8221;][vc_custom_heading text=&#8221;<b>UNA VEGADA \u00c9S SUFICIENT<\/b>&#8221; font_container=&#8221;tag:h3|text_align:left|color:%23ffffff&#8221; use_theme_fonts=&#8221;yes&#8221;][vc_column_text]<span style=\"font-family: Lato; color: #ffffff;\">Generar un registre bucal de manera r\u00e0pida i indolora est\u00e0 molt b\u00e9, per\u00f2, per a poder planificar el teu tractament correctament, <strong>ha de ser el registre m\u00e9s prec\u00eds possible<\/strong>. <\/span><\/p>\n<p><span style=\"font-family: Lato; color: #ffffff;\">A difer\u00e8ncia dels motlles, l&#8217;esc\u00e0ner intraoral t\u00e9 un <strong>marge d&#8217;error pr\u00e0cticament nul<\/strong> i, per tant, en molt poques ocasions requereix proves addicionals. <strong>En tan sols una sessi\u00f3<\/strong>, obtenim totes les dades necess\u00e0ries. <\/span><\/p>\n<p><span style=\"font-family: Lato; color: #ffffff;\">Sense retocs ni ajustos posteriors.<\/span><\/p>\n<p><span style=\"font-family: Lato; color: #ffffff;\">Oblida&#8217;t de les sessions interminables amb la boca oberta a la butaca: la planificaci\u00f3 del teu tractament \u00e9s m\u00e9s r\u00e0pida i precisa que mai.<\/span>[\/vc_column_text][\/vc_column][\/vc_row][vc_row full_width=&#8221;stretch_row_content_no_spaces&#8221; equal_height=&#8221;yes&#8221; parallax=&#8221;content-moving-fade&#8221; parallax_speed_bg=&#8221;4&#8243; css_animation=&#8221;fadeInUp&#8221; background_position=&#8221;center center&#8221; css=&#8221;.vc_custom_1631544371063{background-color: #14438f !important;}&#8221;][vc_column css=&#8221;.vc_custom_1635499601834{padding-top: 100px !important;padding-bottom: 100px !important;background-image: url(https:\/\/clinicadentalpalazon.com\/wp-content\/uploads\/2021\/07\/seguro-limpio.jpg?id=1916) !important;}&#8221; offset=&#8221;vc_hidden-lg vc_hidden-md vc_hidden-sm&#8221;][\/vc_column][\/vc_row][vc_row equal_height=&#8221;yes&#8221; content_placement=&#8221;middle&#8221; css=&#8221;.vc_custom_1624372428419{margin-top: 25px !important;background-color: #ffffff !important;}&#8221;][vc_column css_animation=&#8221;fadeInLeft&#8221; css=&#8221;.vc_custom_1518792103208{padding-top: 0px !important;padding-bottom: 0px !important;}&#8221;][vc_empty_space height=&#8221;12px&#8221;][vc_column_text]<\/p>\n<p style=\"line-height: 1.8em; font-size: 18px; text-align: center;\"><span style=\"font-family: Lato;\"><strong>SEGUR I NET<\/strong><\/span><\/p>\n<p style=\"text-align: center;\"><span style=\"font-family: Lato;\">L&#8217;esc\u00e0ner intraoral funciona mitjan\u00e7ant tecnologia \u00f2ptica. Aix\u00f2 vol dir que <strong>no emet cap mena de radiaci\u00f3 negativa<\/strong>, ni per a tu ni per al medi ambient. <\/span><\/p>\n<p style=\"text-align: center;\"><span style=\"font-family: Lato;\">\u00c9s un proc\u00e9s totalment segur i net, apte per a totes les edats i aplicable en gaireb\u00e9 tots els casos. <\/span><\/p>\n<p>[\/vc_column_text][vc_empty_space height=&#8221;16px&#8221;][vc_btn title=&#8221;DEMANA CITA&#8221; style=&#8221;custom&#8221; custom_background=&#8221;#004694&#8243; custom_text=&#8221;#ffffff&#8221; align=&#8221;center&#8221; link=&#8221;url:https%3A%2F%2Fclinicadentalpalazon.com%2Fca%2Fdemana-cita-2%2F|&#8221;][vc_empty_space][\/vc_column][\/vc_row][vc_row full_width=&#8221;stretch_row_content&#8221; parallax=&#8221;content-moving-fade&#8221; parallax_speed_bg=&#8221;4&#8243; css_animation=&#8221;fadeInUp&#8221; background_position=&#8221;center center&#8221; css=&#8221;.vc_custom_1625500711558{padding-top: 25px !important;background-color: #e6e6e6 !important;}&#8221;][vc_column][vc_custom_heading text=&#8221;TENS ALGUN DUBTE? EXPLICA\u2019NS-HO.<\/p>\n<h6>Si tens dubtes o ens vols explicar el teu cas, telefona\u2019ns. Si ets m\u00e9s digital, pots demanar cita aqu\u00ed mateix:<\/h6>\n<p>&#8221; font_container=&#8221;tag:h3|text_align:left|color:%23000000&#8243; use_theme_fonts=&#8221;yes&#8221; decor_line=&#8221;&#8221; el_id=&#8221;titulo_siguemedia&#8221;][vc_column_text el_id=&#8221;formulario_siguemedia&#8221;]<\/p>\n<p style=\"text-align: center;\">\n<div class=\"wpcf7 no-js\" id=\"wpcf7-f1507-o1\" lang=\"es-ES\" dir=\"ltr\">\n<div class=\"screen-reader-response\"><p role=\"status\" aria-live=\"polite\" aria-atomic=\"true\"><\/p> <ul><\/ul><\/div>\n<form action=\"\/ca\/wp-json\/wp\/v2\/pages\/2856#wpcf7-f1507-o1\" method=\"post\" class=\"wpcf7-form init\" aria-label=\"Formulario de contacto\" novalidate=\"novalidate\" data-status=\"init\">\n<div style=\"display: none;\">\n<input type=\"hidden\" name=\"_wpcf7\" value=\"1507\" \/>\n<input type=\"hidden\" name=\"_wpcf7_version\" value=\"5.9.3\" \/>\n<input type=\"hidden\" name=\"_wpcf7_locale\" value=\"es_ES\" \/>\n<input type=\"hidden\" name=\"_wpcf7_unit_tag\" value=\"wpcf7-f1507-o1\" \/>\n<input type=\"hidden\" name=\"_wpcf7_container_post\" value=\"0\" \/>\n<input type=\"hidden\" name=\"_wpcf7_posted_data_hash\" value=\"\" \/>\n<input type=\"hidden\" name=\"_wpcf7_recaptcha_response\" value=\"\" \/>\n<\/div>\n<div class=\"form-b row\">\n\t<div class=\"col-xs-12 col-sm-6 col-md-4\">\n\t\t<p><span class=\"wpcf7-form-control-wrap\" data-name=\"f-name\"><input size=\"40\" class=\"wpcf7-form-control wpcf7-text style1\" aria-invalid=\"false\" placeholder=\"Nombre\" value=\"\" type=\"text\" name=\"f-name\" \/><\/span><span class=\"wpcf7-form-control-wrap\" data-name=\"f-mail\"><input size=\"40\" class=\"wpcf7-form-control wpcf7-text style1\" aria-invalid=\"false\" placeholder=\"Correo electr\u00f3nico\" value=\"\" type=\"text\" name=\"f-mail\" \/><\/span><span class=\"wpcf7-form-control-wrap\" data-name=\"f-phone\"><input size=\"40\" class=\"wpcf7-form-control wpcf7-text style1\" aria-invalid=\"false\" placeholder=\"Tel\u00e9fono\" value=\"\" type=\"text\" name=\"f-phone\" \/><\/span>\n\t\t<\/p>\n\t<\/div>\n\t<div class=\"col-xs-12 col-md-4\">\n\t\t<p><span class=\"wpcf7-form-control-wrap\" data-name=\"f-text\"><textarea cols=\"40\" rows=\"5\" class=\"wpcf7-form-control wpcf7-textarea style1\" aria-invalid=\"false\" placeholder=\"\u00bfEn qu\u00e9 podemos ayudarte?\" name=\"f-text\"><\/textarea><\/span>\n\t\t<\/p>\n\t\t<div class=\"acheck\">\n\t\t\t<p><span class=\"wpcf7-form-control-wrap\" data-name=\"acceptance-377\"><span class=\"wpcf7-form-control wpcf7-acceptance\"><span class=\"wpcf7-list-item\"><input type=\"checkbox\" name=\"acceptance-377\" value=\"1\" aria-invalid=\"false\" \/><\/span><\/span><\/span><label style=\"color:#000000\">Acepto la <a href=\"https:\/\/clinicadentalpalazon.com\/politica-de-privacidad\/\" target=\"_blank\">Pol\u00edtica de Privacidad<\/a><\/label>\n\t\t\t<\/p>\n\t\t<\/div>\n\t\t<p><span class=\"wpcf7-form-control-wrap\" data-name=\"hcap-cf7\">\t\t<input\n\t\t\t\ttype=\"hidden\"\n\t\t\t\tclass=\"hcaptcha-widget-id\"\n\t\t\t\tname=\"hcaptcha-widget-id\"\n\t\t\t\tvalue=\"eyJzb3VyY2UiOlsiY29udGFjdC1mb3JtLTdcL3dwLWNvbnRhY3QtZm9ybS03LnBocCJdLCJmb3JtX2lkIjoxNTA3fQ==-570bd3c73af564112f43da7f3bb25519\">\n\t\t\t\t<span id=\"hcap_cf7-69e75f77314085.49324284\" class=\"wpcf7-form-control h-captcha \"\n\t\t\tdata-sitekey=\"50ec7008-d9e2-4bc6-ad50-449ca57808f6\"\n\t\t\tdata-theme=\"light\"\n\t\t\tdata-size=\"normal\"\n\t\t\tdata-auto=\"false\"\n\t\t\tdata-force=\"false\">\n\t\t<\/span>\n\t\t<input type=\"hidden\" id=\"_wpnonce\" name=\"_wpnonce\" value=\"38d06c818c\" \/><input type=\"hidden\" name=\"_wp_http_referer\" value=\"\/ca\/wp-json\/wp\/v2\/pages\/2856\" \/><\/span><input type=\"submit\" style=\"background-color: #14438f;\" value=\"ENVIAR\" class=\"wpcf7-form-control wpcf7-submit button-style1\" disabled=\"\" \/>\n\t\t<\/p>\n\t<\/div>\n<\/div><div class=\"wpcf7-response-output\" aria-hidden=\"true\"><\/div>\n<\/form>\n<\/div>\n<p>[\/vc_column_text][\/vc_column][\/vc_row]<\/p>\n<\/div>","protected":false},"excerpt":{"rendered":"<p>[vc_row full_width=&#8221;stretch_row_content_no_spaces&#8221;][vc_column][\/vc_column][\/vc_row][vc_row css_animation=&#8221;fadeInUp&#8221; css=&#8221;.vc_custom_1624362141309{margin-top: 25px !important;}&#8221;][vc_column][vc_empty_space][vc_custom_heading text=&#8221;ESC\u00c0NER INTRAORAL&#8221; font_container=&#8221;tag:h2|text_align:center|color:%2308b2b1&#8243; google_fonts=&#8221;font_family:Lato%3A100%2C100italic%2C300%2C300italic%2Cregular%2Citalic%2C700%2C700italic%2C900%2C900italic|font_style:300%20light%20regular%3A300%3Anormal&#8221; decor_line=&#8221;&#8221;][\/vc_column][\/vc_row][vc_row equal_height=&#8221;yes&#8221; content_placement=&#8221;middle&#8221; css=&#8221;.vc_custom_1624362153438{margin-bottom: 25px !important;background-color: #ffffff !important;}&#8221;][vc_column css_animation=&#8221;fadeInLeft&#8221; css=&#8221;.vc_custom_1624362157861{padding-top: 0px !important;padding-bottom: 0px !important;}&#8221;][vc_column_text] Sigui com sigui el tractament que vulguis realitzar, una cosa \u00e9s segura: necessitarem planificar-lo. I, per a planificar-lo, probablement necessitarem un registre de la teva boca. Fa uns anys, l&#8217;\u00fanica manera [&hellip;]<\/p>\n","protected":false},"author":1,"featured_media":0,"parent":0,"menu_order":0,"comment_status":"closed","ping_status":"closed","template":"template-landing.php","meta":{"_acf_changed":false,"footnotes":""},"acf":[],"yoast_head":"<!-- This site is optimized with the Yoast SEO plugin v22.4 - https:\/\/yoast.com\/wordpress\/plugins\/seo\/ -->\n<title>Esc\u00e0ner intraoral - Cl\u00ednica Dental Palaz\u00f3n<\/title>\n<meta name=\"description\" content=\"A la Cl\u00ednica Dental Palaz\u00f3n, podem planificar el teu tractament en menys de cinc minuts. Per a aix\u00f2, utilitzem el nostre esc\u00e0ner intraoral.\" \/>\n<meta name=\"robots\" content=\"index, follow, max-snippet:-1, max-image-preview:large, max-video-preview:-1\" \/>\n<link rel=\"canonical\" href=\"https:\/\/clinicadentalpalazon.com\/ca\/escaner-intraoral\/\" \/>\n<meta property=\"og:locale\" content=\"ca_ES\" \/>\n<meta property=\"og:type\" content=\"article\" \/>\n<meta property=\"og:title\" content=\"Esc\u00e0ner intraoral - Cl\u00ednica Dental Palaz\u00f3n\" \/>\n<meta property=\"og:description\" content=\"A la Cl\u00ednica Dental Palaz\u00f3n, podem planificar el teu tractament en menys de cinc minuts. Per a aix\u00f2, utilitzem el nostre esc\u00e0ner intraoral.\" \/>\n<meta property=\"og:url\" content=\"https:\/\/clinicadentalpalazon.com\/ca\/escaner-intraoral\/\" \/>\n<meta property=\"og:site_name\" content=\"Cl\u00ednica Dental Palaz\u00f3n\" \/>\n<meta property=\"article:modified_time\" content=\"2024-04-11T09:22:21+00:00\" \/>\n<meta name=\"twitter:card\" content=\"summary_large_image\" \/>\n<meta name=\"twitter:label1\" content=\"Temps estimat de lectura\" \/>\n\t<meta name=\"twitter:data1\" content=\"3 minuts\" \/>\n<script type=\"application\/ld+json\" class=\"yoast-schema-graph\">{\"@context\":\"https:\/\/schema.org\",\"@graph\":[{\"@type\":\"WebPage\",\"@id\":\"https:\/\/clinicadentalpalazon.com\/ca\/escaner-intraoral\/\",\"url\":\"https:\/\/clinicadentalpalazon.com\/ca\/escaner-intraoral\/\",\"name\":\"Esc\u00e0ner intraoral - Cl\u00ednica Dental Palaz\u00f3n\",\"isPartOf\":{\"@id\":\"https:\/\/clinicadentalpalazon.com\/#website\"},\"datePublished\":\"2022-02-25T16:37:45+00:00\",\"dateModified\":\"2024-04-11T09:22:21+00:00\",\"description\":\"A la Cl\u00ednica Dental Palaz\u00f3n, podem planificar el teu tractament en menys de cinc minuts. Per a aix\u00f2, utilitzem el nostre esc\u00e0ner intraoral.\",\"breadcrumb\":{\"@id\":\"https:\/\/clinicadentalpalazon.com\/ca\/escaner-intraoral\/#breadcrumb\"},\"inLanguage\":\"ca\",\"potentialAction\":[{\"@type\":\"ReadAction\",\"target\":[\"https:\/\/clinicadentalpalazon.com\/ca\/escaner-intraoral\/\"]}]},{\"@type\":\"BreadcrumbList\",\"@id\":\"https:\/\/clinicadentalpalazon.com\/ca\/escaner-intraoral\/#breadcrumb\",\"itemListElement\":[{\"@type\":\"ListItem\",\"position\":1,\"name\":\"Portada\",\"item\":\"https:\/\/clinicadentalpalazon.com\/ca\/clinica-dental-palazon\/\"},{\"@type\":\"ListItem\",\"position\":2,\"name\":\"Esc\u00e0ner intraoral\"}]},{\"@type\":\"WebSite\",\"@id\":\"https:\/\/clinicadentalpalazon.com\/#website\",\"url\":\"https:\/\/clinicadentalpalazon.com\/\",\"name\":\"Cl\u00ednica Dental Palaz\u00f3n\",\"description\":\"Cl\u00ednica dental en Tarragona\",\"potentialAction\":[{\"@type\":\"SearchAction\",\"target\":{\"@type\":\"EntryPoint\",\"urlTemplate\":\"https:\/\/clinicadentalpalazon.com\/?s={search_term_string}\"},\"query-input\":\"required name=search_term_string\"}],\"inLanguage\":\"ca\"}]}<\/script>\n<!-- \/ Yoast SEO plugin. -->","yoast_head_json":{"title":"Esc\u00e0ner intraoral - Cl\u00ednica Dental Palaz\u00f3n","description":"A la Cl\u00ednica Dental Palaz\u00f3n, podem planificar el teu tractament en menys de cinc minuts. Per a aix\u00f2, utilitzem el nostre esc\u00e0ner intraoral.","robots":{"index":"index","follow":"follow","max-snippet":"max-snippet:-1","max-image-preview":"max-image-preview:large","max-video-preview":"max-video-preview:-1"},"canonical":"https:\/\/clinicadentalpalazon.com\/ca\/escaner-intraoral\/","og_locale":"ca_ES","og_type":"article","og_title":"Esc\u00e0ner intraoral - Cl\u00ednica Dental Palaz\u00f3n","og_description":"A la Cl\u00ednica Dental Palaz\u00f3n, podem planificar el teu tractament en menys de cinc minuts. Per a aix\u00f2, utilitzem el nostre esc\u00e0ner intraoral.","og_url":"https:\/\/clinicadentalpalazon.com\/ca\/escaner-intraoral\/","og_site_name":"Cl\u00ednica Dental Palaz\u00f3n","article_modified_time":"2024-04-11T09:22:21+00:00","twitter_card":"summary_large_image","twitter_misc":{"Temps estimat de lectura":"3 minuts"},"schema":{"@context":"https:\/\/schema.org","@graph":[{"@type":"WebPage","@id":"https:\/\/clinicadentalpalazon.com\/ca\/escaner-intraoral\/","url":"https:\/\/clinicadentalpalazon.com\/ca\/escaner-intraoral\/","name":"Esc\u00e0ner intraoral - Cl\u00ednica Dental Palaz\u00f3n","isPartOf":{"@id":"https:\/\/clinicadentalpalazon.com\/#website"},"datePublished":"2022-02-25T16:37:45+00:00","dateModified":"2024-04-11T09:22:21+00:00","description":"A la Cl\u00ednica Dental Palaz\u00f3n, podem planificar el teu tractament en menys de cinc minuts. Per a aix\u00f2, utilitzem el nostre esc\u00e0ner intraoral.","breadcrumb":{"@id":"https:\/\/clinicadentalpalazon.com\/ca\/escaner-intraoral\/#breadcrumb"},"inLanguage":"ca","potentialAction":[{"@type":"ReadAction","target":["https:\/\/clinicadentalpalazon.com\/ca\/escaner-intraoral\/"]}]},{"@type":"BreadcrumbList","@id":"https:\/\/clinicadentalpalazon.com\/ca\/escaner-intraoral\/#breadcrumb","itemListElement":[{"@type":"ListItem","position":1,"name":"Portada","item":"https:\/\/clinicadentalpalazon.com\/ca\/clinica-dental-palazon\/"},{"@type":"ListItem","position":2,"name":"Esc\u00e0ner intraoral"}]},{"@type":"WebSite","@id":"https:\/\/clinicadentalpalazon.com\/#website","url":"https:\/\/clinicadentalpalazon.com\/","name":"Cl\u00ednica Dental Palaz\u00f3n","description":"Cl\u00ednica dental en Tarragona","potentialAction":[{"@type":"SearchAction","target":{"@type":"EntryPoint","urlTemplate":"https:\/\/clinicadentalpalazon.com\/?s={search_term_string}"},"query-input":"required name=search_term_string"}],"inLanguage":"ca"}]}},"_links":{"self":[{"href":"https:\/\/clinicadentalpalazon.com\/ca\/wp-json\/wp\/v2\/pages\/2856"}],"collection":[{"href":"https:\/\/clinicadentalpalazon.com\/ca\/wp-json\/wp\/v2\/pages"}],"about":[{"href":"https:\/\/clinicadentalpalazon.com\/ca\/wp-json\/wp\/v2\/types\/page"}],"author":[{"embeddable":true,"href":"https:\/\/clinicadentalpalazon.com\/ca\/wp-json\/wp\/v2\/users\/1"}],"replies":[{"embeddable":true,"href":"https:\/\/clinicadentalpalazon.com\/ca\/wp-json\/wp\/v2\/comments?post=2856"}],"version-history":[{"count":6,"href":"https:\/\/clinicadentalpalazon.com\/ca\/wp-json\/wp\/v2\/pages\/2856\/revisions"}],"predecessor-version":[{"id":3133,"href":"https:\/\/clinicadentalpalazon.com\/ca\/wp-json\/wp\/v2\/pages\/2856\/revisions\/3133"}],"wp:attachment":[{"href":"https:\/\/clinicadentalpalazon.com\/ca\/wp-json\/wp\/v2\/media?parent=2856"}],"curies":[{"name":"wp","href":"https:\/\/api.w.org\/{rel}","templated":true}]}}