{"id":2852,"date":"2022-02-25T17:21:35","date_gmt":"2022-02-25T16:21:35","guid":{"rendered":"https:\/\/clinicadentalpalazon.com\/disseny-digital-del-somriure\/"},"modified":"2024-04-11T11:22:21","modified_gmt":"2024-04-11T09:22:21","slug":"disseny-digital-del-somriure","status":"publish","type":"page","link":"https:\/\/clinicadentalpalazon.com\/ca\/disseny-digital-del-somriure\/","title":{"rendered":"Disseny Digital del somriure"},"content":{"rendered":"<div class=\"wpb-content-wrapper\"><p>[vc_row full_width=&#8221;stretch_row_content_no_spaces&#8221;][vc_column]<div class=\"banner-area banner-5a1eb939d5268\"><div class=\"banner  fixed-height\" style=\"height: 580px;\"><div class=\"item banner-item-69f27a21d6da7 white content-align-center middle\" style=\"background-image: url(https:\/\/clinicadentalpalazon.com\/wp-content\/uploads\/2021\/09\/smile-design-web-imatge.001-1024x576-1.png);\"><div class=\"container\"><div class=\"cell\"><h1 class=\"h\"><span><\/span><\/h1><div class=\"link-area\"><\/div><\/div><\/div><\/div><\/div><\/div>[\/vc_column][\/vc_row][vc_row css_animation=&#8221;fadeInUp&#8221; css=&#8221;.vc_custom_1621939020312{margin-top: 40px !important;}&#8221;][vc_column][vc_empty_space][vc_custom_heading text=&#8221;DISSENY DIGITAL DEL SOMRIURE&#8221; font_container=&#8221;tag:h2|text_align:center|color:%2308b2b1&#8243; google_fonts=&#8221;font_family:Lato%3A100%2C100italic%2C300%2C300italic%2Cregular%2Citalic%2C700%2C700italic%2C900%2C900italic|font_style:300%20light%20regular%3A300%3Anormal&#8221; decor_line=&#8221;&#8221;][vc_empty_space height=&#8221;15px&#8221;][\/vc_column][\/vc_row][vc_row equal_height=&#8221;yes&#8221; content_placement=&#8221;middle&#8221; css=&#8221;.vc_custom_1621938964919{margin-bottom: 25px !important;background-color: #ffffff !important;}&#8221;][vc_column css_animation=&#8221;fadeInLeft&#8221; css=&#8221;.vc_custom_1518792103208{padding-top: 0px !important;padding-bottom: 0px !important;}&#8221;][vc_column_text]<\/p>\n<p style=\"text-align: center;\"><span style=\"font-family: Lato;\">Si cada cara \u00e9s diferent, per qu\u00e8 no serien diferents els somriures?<\/span><\/p>\n<p style=\"text-align: center;\"><span style=\"font-family: Lato;\">A la Cl\u00ednica Dental Palaz\u00f3n realitzem <strong>Disseny Digital del Somriure (DDS)<\/strong>, una t\u00e8cnica que ens permet estudiar les teves faccions i <strong>dissenyar el somriure que millor s&#8217;adapti a tu<\/strong>.<\/span><\/p>\n<p style=\"text-align: center;\"><span style=\"font-family: Lato;\">Avui dia \u00e9s impensable comprar un vestit, per exemple, sense emprovar-se\u2019l abans. <strong>Volem veure com ens queda<\/strong>, comparar-lo amb d\u2019altres i fer les modificacions que creguem necess\u00e0ries fins que <strong>estiguem plenament conven\u00e7uts<\/strong>.<\/span><\/p>\n<p style=\"text-align: center;\"><span style=\"font-family: Lato;\">Disseny Digital del Somriure (DDS) \u00e9s el mateix: podr\u00e0s <strong>veure els resultats del teu tractament abans de comen\u00e7ar-lo<\/strong> i dissenyar, al costat del teu odont\u00f2leg, el teu millor somriure.<\/span><\/p>\n<p>[\/vc_column_text][\/vc_column][\/vc_row][vc_row full_width=&#8221;stretch_row_content_no_spaces&#8221; equal_height=&#8221;yes&#8221; parallax=&#8221;content-moving-fade&#8221; parallax_speed_bg=&#8221;4&#8243; css_animation=&#8221;fadeInUp&#8221; background_position=&#8221;center center&#8221; css=&#8221;.vc_custom_1631543764178{background-color: #14438f !important;}&#8221;][vc_column width=&#8221;1\/2&#8243; css=&#8221;.vc_custom_1635499275549{background-image: url(https:\/\/clinicadentalpalazon.com\/wp-content\/uploads\/2021\/10\/ClinicaPalazon-88_2.jpg?id=2332) !important;}&#8221; offset=&#8221;vc_hidden-xs&#8221;][\/vc_column][vc_column width=&#8221;1\/2&#8243; css=&#8221;.vc_custom_1631543941429{margin-bottom: 5% !important;margin-left: 5% !important;}&#8221;][vc_custom_heading text=&#8221;<b>TAN SENZILL COM FER-TE UNES FOTOS<\/b>&#8221; font_container=&#8221;tag:h3|text_align:left|color:%23ffffff&#8221; use_theme_fonts=&#8221;yes&#8221;][vc_column_text]<span style=\"font-family: Lato; color: #ffffff;\">T&#8217;estar\u00e0s preguntant si necessitar\u00e0s anest\u00e8sia o motlles o si sentir\u00e0s alguna mol\u00e8stia. <strong>La resposta \u00e9s clara: no.<\/strong> <\/span><\/p>\n<p><span style=\"font-family: Lato; color: #ffffff;\">Tot el proc\u00e9s es realitza mitjan\u00e7ant fotografies digitals de les teves dents, per la qual cosa no cal sotmetre&#8217;s a cap tractament invasiu. <\/span><\/p>\n<p><span style=\"font-family: Lato; color: #ffffff;\">Que com funciona? <\/span><\/p>\n<p><span style=\"font-family: Lato; color: #ffffff;\">Molt senzill: tu nom\u00e9s haur\u00e0s de seure a la butaca i nosaltres prendrem les fotos. Per a aconseguir els millors resultats, combinem la fotografia <strong>extraoral<\/strong>, per a dissenyar un somriure concorde a les teves faccions, amb la <strong>intraoral<\/strong>, per al diagn\u00f2stic. <\/span><\/p>\n<p><span style=\"font-family: Lato; color: #ffffff;\">F\u00e0cil, veritat?<\/span>[\/vc_column_text][\/vc_column][\/vc_row][vc_row full_width=&#8221;stretch_row_content_no_spaces&#8221; parallax=&#8221;content-moving-fade&#8221; parallax_speed_bg=&#8221;4&#8243; css_animation=&#8221;fadeInUp&#8221; background_position=&#8221;center center&#8221; css=&#8221;.vc_custom_1635499410673{background-color: #14438f !important;}&#8221;][vc_column offset=&#8221;vc_hidden-lg vc_hidden-md vc_hidden-sm&#8221; css=&#8221;.vc_custom_1635499468223{padding-top: 100px !important;padding-bottom: 100px !important;background-image: url(https:\/\/clinicadentalpalazon.com\/wp-content\/uploads\/2021\/10\/ClinicaPalazon-88_2.jpg?id=2332) !important;}&#8221;][\/vc_column][\/vc_row][vc_row equal_height=&#8221;yes&#8221; content_placement=&#8221;middle&#8221; css=&#8221;.vc_custom_1623684211928{margin-top: 35px !important;background-color: #ffffff !important;}&#8221;][vc_column css_animation=&#8221;fadeInLeft&#8221; css=&#8221;.vc_custom_1518792103208{padding-top: 0px !important;padding-bottom: 0px !important;}&#8221;][vc_column_text]<\/p>\n<p style=\"line-height: 1.8em; font-size: 18px; text-align: center;\"><strong><span style=\"font-family: Lato;\">EN NOM\u00c9S DUES SESSIONS<\/span><\/strong><\/p>\n<p style=\"text-align: center;\"><span style=\"font-family: Lato;\">No necessitem res m\u00e9s per la teva part. \u00c9s el temps que ens portar\u00e0 prendre les fotografies i elaborar el registre de la teva boca. <\/span><\/p>\n<p style=\"text-align: center;\"><span style=\"font-family: Lato;\">A m\u00e9s, el Disseny Digital del Somriure permet una <strong>comunicaci\u00f3 molt m\u00e9s fluida<\/strong> entre tots els especialistes del nostre equip i, per tant, m\u00e9s <strong>velocitat en el tractament<\/strong>.<\/span><\/p>\n<p>[\/vc_column_text][vc_btn title=&#8221;DEMANA CITA&#8221; style=&#8221;custom&#8221; custom_background=&#8221;#004694&#8243; custom_text=&#8221;#ffffff&#8221; align=&#8221;center&#8221; link=&#8221;url:https%3A%2F%2Fclinicadentalpalazon.com%2Fca%2Fdemana-cita-2%2F|&#8221;][\/vc_column][\/vc_row][vc_row full_width=&#8221;stretch_row_content&#8221; parallax=&#8221;content-moving-fade&#8221; parallax_speed_bg=&#8221;4&#8243; css_animation=&#8221;fadeInUp&#8221; background_position=&#8221;center center&#8221; css=&#8221;.vc_custom_1625500618348{margin-top: 25px !important;padding-top: 25px !important;background-color: #e6e6e6 !important;}&#8221;][vc_column][vc_custom_heading text=&#8221;TENS ALGUN DUBTE? EXPLICA\u2019NS-HO.<\/p>\n<h6>Si tens dubtes o ens vols explicar el teu cas, telefona\u2019ns. Si ets m\u00e9s digital, pots demanar cita aqu\u00ed mateix:<\/h6>\n<p>&#8221; font_container=&#8221;tag:h3|text_align:left|color:%23000000&#8243; use_theme_fonts=&#8221;yes&#8221; decor_line=&#8221;&#8221; el_id=&#8221;titulo_siguemedia&#8221;][vc_column_text el_id=&#8221;formulario_siguemedia&#8221;]<\/p>\n<p style=\"text-align: center;\">\n<div class=\"wpcf7 no-js\" id=\"wpcf7-f1507-o1\" lang=\"es-ES\" dir=\"ltr\">\n<div class=\"screen-reader-response\"><p role=\"status\" aria-live=\"polite\" aria-atomic=\"true\"><\/p> <ul><\/ul><\/div>\n<form action=\"\/ca\/wp-json\/wp\/v2\/pages\/2852#wpcf7-f1507-o1\" method=\"post\" class=\"wpcf7-form init\" aria-label=\"Formulario de contacto\" novalidate=\"novalidate\" data-status=\"init\">\n<div style=\"display: none;\">\n<input type=\"hidden\" name=\"_wpcf7\" value=\"1507\" \/>\n<input type=\"hidden\" name=\"_wpcf7_version\" value=\"5.9.3\" \/>\n<input type=\"hidden\" name=\"_wpcf7_locale\" value=\"es_ES\" \/>\n<input type=\"hidden\" name=\"_wpcf7_unit_tag\" value=\"wpcf7-f1507-o1\" \/>\n<input type=\"hidden\" name=\"_wpcf7_container_post\" value=\"0\" \/>\n<input type=\"hidden\" name=\"_wpcf7_posted_data_hash\" value=\"\" \/>\n<input type=\"hidden\" name=\"_wpcf7_recaptcha_response\" value=\"\" \/>\n<\/div>\n<div class=\"form-b row\">\n\t<div class=\"col-xs-12 col-sm-6 col-md-4\">\n\t\t<p><span class=\"wpcf7-form-control-wrap\" data-name=\"f-name\"><input size=\"40\" class=\"wpcf7-form-control wpcf7-text style1\" aria-invalid=\"false\" placeholder=\"Nombre\" value=\"\" type=\"text\" name=\"f-name\" \/><\/span><span class=\"wpcf7-form-control-wrap\" data-name=\"f-mail\"><input size=\"40\" class=\"wpcf7-form-control wpcf7-text style1\" aria-invalid=\"false\" placeholder=\"Correo electr\u00f3nico\" value=\"\" type=\"text\" name=\"f-mail\" \/><\/span><span class=\"wpcf7-form-control-wrap\" data-name=\"f-phone\"><input size=\"40\" class=\"wpcf7-form-control wpcf7-text style1\" aria-invalid=\"false\" placeholder=\"Tel\u00e9fono\" value=\"\" type=\"text\" name=\"f-phone\" \/><\/span>\n\t\t<\/p>\n\t<\/div>\n\t<div class=\"col-xs-12 col-md-4\">\n\t\t<p><span class=\"wpcf7-form-control-wrap\" data-name=\"f-text\"><textarea cols=\"40\" rows=\"5\" class=\"wpcf7-form-control wpcf7-textarea style1\" aria-invalid=\"false\" placeholder=\"\u00bfEn qu\u00e9 podemos ayudarte?\" name=\"f-text\"><\/textarea><\/span>\n\t\t<\/p>\n\t\t<div class=\"acheck\">\n\t\t\t<p><span class=\"wpcf7-form-control-wrap\" data-name=\"acceptance-377\"><span class=\"wpcf7-form-control wpcf7-acceptance\"><span class=\"wpcf7-list-item\"><input type=\"checkbox\" name=\"acceptance-377\" value=\"1\" aria-invalid=\"false\" \/><\/span><\/span><\/span><label style=\"color:#000000\">Acepto la <a href=\"https:\/\/clinicadentalpalazon.com\/politica-de-privacidad\/\" target=\"_blank\">Pol\u00edtica de Privacidad<\/a><\/label>\n\t\t\t<\/p>\n\t\t<\/div>\n\t\t<p><span class=\"wpcf7-form-control-wrap\" data-name=\"hcap-cf7\">\t\t<input\n\t\t\t\ttype=\"hidden\"\n\t\t\t\tclass=\"hcaptcha-widget-id\"\n\t\t\t\tname=\"hcaptcha-widget-id\"\n\t\t\t\tvalue=\"eyJzb3VyY2UiOlsiY29udGFjdC1mb3JtLTdcL3dwLWNvbnRhY3QtZm9ybS03LnBocCJdLCJmb3JtX2lkIjoxNTA3fQ==-570bd3c73af564112f43da7f3bb25519\">\n\t\t\t\t<span id=\"hcap_cf7-69f27a21de3ce9.36020630\" class=\"wpcf7-form-control h-captcha \"\n\t\t\tdata-sitekey=\"50ec7008-d9e2-4bc6-ad50-449ca57808f6\"\n\t\t\tdata-theme=\"light\"\n\t\t\tdata-size=\"normal\"\n\t\t\tdata-auto=\"false\"\n\t\t\tdata-force=\"false\">\n\t\t<\/span>\n\t\t<input type=\"hidden\" id=\"_wpnonce\" name=\"_wpnonce\" value=\"296193cbb8\" \/><input type=\"hidden\" name=\"_wp_http_referer\" value=\"\/ca\/wp-json\/wp\/v2\/pages\/2852\" \/><\/span><input type=\"submit\" style=\"background-color: #14438f;\" value=\"ENVIAR\" class=\"wpcf7-form-control wpcf7-submit button-style1\" disabled=\"\" \/>\n\t\t<\/p>\n\t<\/div>\n<\/div><div class=\"wpcf7-response-output\" aria-hidden=\"true\"><\/div>\n<\/form>\n<\/div>\n<p>[\/vc_column_text][\/vc_column][\/vc_row]<\/p>\n<\/div>","protected":false},"excerpt":{"rendered":"<p>[vc_row full_width=&#8221;stretch_row_content_no_spaces&#8221;][vc_column][\/vc_column][\/vc_row][vc_row css_animation=&#8221;fadeInUp&#8221; css=&#8221;.vc_custom_1621939020312{margin-top: 40px !important;}&#8221;][vc_column][vc_empty_space][vc_custom_heading text=&#8221;DISSENY DIGITAL DEL SOMRIURE&#8221; font_container=&#8221;tag:h2|text_align:center|color:%2308b2b1&#8243; google_fonts=&#8221;font_family:Lato%3A100%2C100italic%2C300%2C300italic%2Cregular%2Citalic%2C700%2C700italic%2C900%2C900italic|font_style:300%20light%20regular%3A300%3Anormal&#8221; decor_line=&#8221;&#8221;][vc_empty_space height=&#8221;15px&#8221;][\/vc_column][\/vc_row][vc_row equal_height=&#8221;yes&#8221; content_placement=&#8221;middle&#8221; css=&#8221;.vc_custom_1621938964919{margin-bottom: 25px !important;background-color: #ffffff !important;}&#8221;][vc_column css_animation=&#8221;fadeInLeft&#8221; css=&#8221;.vc_custom_1518792103208{padding-top: 0px !important;padding-bottom: 0px !important;}&#8221;][vc_column_text] Si cada cara \u00e9s diferent, per qu\u00e8 no serien diferents els somriures? A la Cl\u00ednica Dental Palaz\u00f3n realitzem Disseny Digital del Somriure (DDS), una t\u00e8cnica que ens permet [&hellip;]<\/p>\n","protected":false},"author":1,"featured_media":0,"parent":0,"menu_order":0,"comment_status":"closed","ping_status":"closed","template":"template-landing.php","meta":{"_acf_changed":false,"footnotes":""},"acf":[],"yoast_head":"<!-- This site is optimized with the Yoast SEO plugin v22.4 - https:\/\/yoast.com\/wordpress\/plugins\/seo\/ -->\n<title>Disseny Digital del somriure - Cl\u00ednica Dental Palaz\u00f3n<\/title>\n<meta name=\"description\" content=\"A la Cl\u00ednica Dental Palaz\u00f3n realitzem Disseny Digital del Somriure (DDS), una t\u00e8cnica que ens permet estudiar les teves faccions i dissenyar el somriure que millor s&#039;adapti a tu.\" \/>\n<meta name=\"robots\" content=\"index, follow, max-snippet:-1, max-image-preview:large, max-video-preview:-1\" \/>\n<link rel=\"canonical\" href=\"https:\/\/clinicadentalpalazon.com\/ca\/disseny-digital-del-somriure\/\" \/>\n<meta property=\"og:locale\" content=\"ca_ES\" \/>\n<meta property=\"og:type\" content=\"article\" \/>\n<meta property=\"og:title\" content=\"Disseny Digital del somriure - Cl\u00ednica Dental Palaz\u00f3n\" \/>\n<meta property=\"og:description\" content=\"A la Cl\u00ednica Dental Palaz\u00f3n realitzem Disseny Digital del Somriure (DDS), una t\u00e8cnica que ens permet estudiar les teves faccions i dissenyar el somriure que millor s&#039;adapti a tu.\" \/>\n<meta property=\"og:url\" content=\"https:\/\/clinicadentalpalazon.com\/ca\/disseny-digital-del-somriure\/\" \/>\n<meta property=\"og:site_name\" content=\"Cl\u00ednica Dental Palaz\u00f3n\" \/>\n<meta property=\"article:modified_time\" content=\"2024-04-11T09:22:21+00:00\" \/>\n<meta name=\"twitter:card\" content=\"summary_large_image\" \/>\n<meta name=\"twitter:label1\" content=\"Temps estimat de lectura\" \/>\n\t<meta name=\"twitter:data1\" content=\"2 minuts\" \/>\n<script type=\"application\/ld+json\" class=\"yoast-schema-graph\">{\"@context\":\"https:\/\/schema.org\",\"@graph\":[{\"@type\":\"WebPage\",\"@id\":\"https:\/\/clinicadentalpalazon.com\/ca\/disseny-digital-del-somriure\/\",\"url\":\"https:\/\/clinicadentalpalazon.com\/ca\/disseny-digital-del-somriure\/\",\"name\":\"Disseny Digital del somriure - Cl\u00ednica Dental Palaz\u00f3n\",\"isPartOf\":{\"@id\":\"https:\/\/clinicadentalpalazon.com\/#website\"},\"datePublished\":\"2022-02-25T16:21:35+00:00\",\"dateModified\":\"2024-04-11T09:22:21+00:00\",\"description\":\"A la Cl\u00ednica Dental Palaz\u00f3n realitzem Disseny Digital del Somriure (DDS), una t\u00e8cnica que ens permet estudiar les teves faccions i dissenyar el somriure que millor s'adapti a tu.\",\"breadcrumb\":{\"@id\":\"https:\/\/clinicadentalpalazon.com\/ca\/disseny-digital-del-somriure\/#breadcrumb\"},\"inLanguage\":\"ca\",\"potentialAction\":[{\"@type\":\"ReadAction\",\"target\":[\"https:\/\/clinicadentalpalazon.com\/ca\/disseny-digital-del-somriure\/\"]}]},{\"@type\":\"BreadcrumbList\",\"@id\":\"https:\/\/clinicadentalpalazon.com\/ca\/disseny-digital-del-somriure\/#breadcrumb\",\"itemListElement\":[{\"@type\":\"ListItem\",\"position\":1,\"name\":\"Portada\",\"item\":\"https:\/\/clinicadentalpalazon.com\/ca\/clinica-dental-palazon\/\"},{\"@type\":\"ListItem\",\"position\":2,\"name\":\"Disseny Digital del somriure\"}]},{\"@type\":\"WebSite\",\"@id\":\"https:\/\/clinicadentalpalazon.com\/#website\",\"url\":\"https:\/\/clinicadentalpalazon.com\/\",\"name\":\"Cl\u00ednica Dental Palaz\u00f3n\",\"description\":\"Cl\u00ednica dental en Tarragona\",\"potentialAction\":[{\"@type\":\"SearchAction\",\"target\":{\"@type\":\"EntryPoint\",\"urlTemplate\":\"https:\/\/clinicadentalpalazon.com\/?s={search_term_string}\"},\"query-input\":\"required name=search_term_string\"}],\"inLanguage\":\"ca\"}]}<\/script>\n<!-- \/ Yoast SEO plugin. -->","yoast_head_json":{"title":"Disseny Digital del somriure - Cl\u00ednica Dental Palaz\u00f3n","description":"A la Cl\u00ednica Dental Palaz\u00f3n realitzem Disseny Digital del Somriure (DDS), una t\u00e8cnica que ens permet estudiar les teves faccions i dissenyar el somriure que millor s'adapti a tu.","robots":{"index":"index","follow":"follow","max-snippet":"max-snippet:-1","max-image-preview":"max-image-preview:large","max-video-preview":"max-video-preview:-1"},"canonical":"https:\/\/clinicadentalpalazon.com\/ca\/disseny-digital-del-somriure\/","og_locale":"ca_ES","og_type":"article","og_title":"Disseny Digital del somriure - Cl\u00ednica Dental Palaz\u00f3n","og_description":"A la Cl\u00ednica Dental Palaz\u00f3n realitzem Disseny Digital del Somriure (DDS), una t\u00e8cnica que ens permet estudiar les teves faccions i dissenyar el somriure que millor s'adapti a tu.","og_url":"https:\/\/clinicadentalpalazon.com\/ca\/disseny-digital-del-somriure\/","og_site_name":"Cl\u00ednica Dental Palaz\u00f3n","article_modified_time":"2024-04-11T09:22:21+00:00","twitter_card":"summary_large_image","twitter_misc":{"Temps estimat de lectura":"2 minuts"},"schema":{"@context":"https:\/\/schema.org","@graph":[{"@type":"WebPage","@id":"https:\/\/clinicadentalpalazon.com\/ca\/disseny-digital-del-somriure\/","url":"https:\/\/clinicadentalpalazon.com\/ca\/disseny-digital-del-somriure\/","name":"Disseny Digital del somriure - Cl\u00ednica Dental Palaz\u00f3n","isPartOf":{"@id":"https:\/\/clinicadentalpalazon.com\/#website"},"datePublished":"2022-02-25T16:21:35+00:00","dateModified":"2024-04-11T09:22:21+00:00","description":"A la Cl\u00ednica Dental Palaz\u00f3n realitzem Disseny Digital del Somriure (DDS), una t\u00e8cnica que ens permet estudiar les teves faccions i dissenyar el somriure que millor s'adapti a tu.","breadcrumb":{"@id":"https:\/\/clinicadentalpalazon.com\/ca\/disseny-digital-del-somriure\/#breadcrumb"},"inLanguage":"ca","potentialAction":[{"@type":"ReadAction","target":["https:\/\/clinicadentalpalazon.com\/ca\/disseny-digital-del-somriure\/"]}]},{"@type":"BreadcrumbList","@id":"https:\/\/clinicadentalpalazon.com\/ca\/disseny-digital-del-somriure\/#breadcrumb","itemListElement":[{"@type":"ListItem","position":1,"name":"Portada","item":"https:\/\/clinicadentalpalazon.com\/ca\/clinica-dental-palazon\/"},{"@type":"ListItem","position":2,"name":"Disseny Digital del somriure"}]},{"@type":"WebSite","@id":"https:\/\/clinicadentalpalazon.com\/#website","url":"https:\/\/clinicadentalpalazon.com\/","name":"Cl\u00ednica Dental Palaz\u00f3n","description":"Cl\u00ednica dental en Tarragona","potentialAction":[{"@type":"SearchAction","target":{"@type":"EntryPoint","urlTemplate":"https:\/\/clinicadentalpalazon.com\/?s={search_term_string}"},"query-input":"required name=search_term_string"}],"inLanguage":"ca"}]}},"_links":{"self":[{"href":"https:\/\/clinicadentalpalazon.com\/ca\/wp-json\/wp\/v2\/pages\/2852"}],"collection":[{"href":"https:\/\/clinicadentalpalazon.com\/ca\/wp-json\/wp\/v2\/pages"}],"about":[{"href":"https:\/\/clinicadentalpalazon.com\/ca\/wp-json\/wp\/v2\/types\/page"}],"author":[{"embeddable":true,"href":"https:\/\/clinicadentalpalazon.com\/ca\/wp-json\/wp\/v2\/users\/1"}],"replies":[{"embeddable":true,"href":"https:\/\/clinicadentalpalazon.com\/ca\/wp-json\/wp\/v2\/comments?post=2852"}],"version-history":[{"count":8,"href":"https:\/\/clinicadentalpalazon.com\/ca\/wp-json\/wp\/v2\/pages\/2852\/revisions"}],"predecessor-version":[{"id":3132,"href":"https:\/\/clinicadentalpalazon.com\/ca\/wp-json\/wp\/v2\/pages\/2852\/revisions\/3132"}],"wp:attachment":[{"href":"https:\/\/clinicadentalpalazon.com\/ca\/wp-json\/wp\/v2\/media?parent=2852"}],"curies":[{"name":"wp","href":"https:\/\/api.w.org\/{rel}","templated":true}]}}