{"id":2848,"date":"2022-02-25T17:14:57","date_gmt":"2022-02-25T16:14:57","guid":{"rendered":"https:\/\/clinicadentalpalazon.com\/casos-clinics\/"},"modified":"2022-03-14T11:18:10","modified_gmt":"2022-03-14T10:18:10","slug":"casos-clinics","status":"publish","type":"page","link":"https:\/\/clinicadentalpalazon.com\/ca\/casos-clinics\/","title":{"rendered":"Casos Cl\u00ednics"},"content":{"rendered":"<div class=\"wpb-content-wrapper\"><p>[vc_row full_width=&#8221;stretch_row_content_no_spaces&#8221;][vc_column]<div class=\"banner-area banner-5a1eb939d5268\"><div class=\"banner  fixed-height\" style=\"height: 540px;\"><div class=\"item banner-item-69e74b3c1e3e0 white content-align-center middle\" style=\"background-image: url(https:\/\/clinicadentalpalazon.com\/wp-content\/uploads\/2021\/07\/ClinicaPalazon-58-1.jpg);\"><div class=\"container\"><div class=\"cell\"><h1 class=\"h\"><span><\/span><\/h1><div class=\"link-area\"><\/div><\/div><\/div><\/div><\/div><\/div>[\/vc_column][\/vc_row][vc_row css_animation=&#8221;fadeInUp&#8221; css=&#8221;.vc_custom_1621939020312{margin-top: 40px !important;}&#8221;][vc_column][vc_custom_heading text=&#8221;CASOS CL\u00cdNICS&#8221; font_container=&#8221;tag:h2|text_align:center|color:%2308b2b1&#8243; google_fonts=&#8221;font_family:Lato%3A100%2C100italic%2C300%2C300italic%2Cregular%2Citalic%2C700%2C700italic%2C900%2C900italic|font_style:300%20light%20regular%3A300%3Anormal&#8221; decor_line=&#8221;&#8221;][vc_empty_space height=&#8221;15px&#8221;][vc_column_text]<\/p>\n<p style=\"text-align: center;\"><span style=\"font-family: Lato;\">Al llarg de tots aquests anys hem millorat el somriure de moltes persones, sempre mitjan\u00e7ant tractaments poc invasius i respectant al m\u00e0xim les dents naturals.<\/span><\/p>\n<p style=\"text-align: center;\"><span style=\"font-family: Lato;\">Aquests s\u00f3n alguns dels tractaments que hem realitzat en la nostra cl\u00ednica. Ells ja han abandonat les excuses i tornen a somriure. I tu?<\/span><\/p>\n<p>[\/vc_column_text][\/vc_column][\/vc_row][vc_row equal_height=&#8221;yes&#8221; content_placement=&#8221;middle&#8221; css=&#8221;.vc_custom_1518792039628{margin-bottom: 55px !important;padding-top: 0px !important;padding-bottom: 0px !important;background-color: #ffffff !important;}&#8221;][vc_column css_animation=&#8221;fadeInRight&#8221; width=&#8221;1\/2&#8243; css=&#8221;.vc_custom_1626943100910{padding-top: 0px !important;padding-bottom: 0px !important;}&#8221;]<div class=\"image-comparison-slider \" style=\"height: 430px;\"><div class=\"new\" style=\"background-image: url(https:\/\/clinicadentalpalazon.com\/wp-content\/uploads\/2021\/07\/caso-1-despues.jpg);\"><\/div><div class=\"resize\"><div class=\"old\" style=\"background-image: url(https:\/\/clinicadentalpalazon.com\/wp-content\/uploads\/2021\/07\/caso-1-antes.jpg);\"><\/div><\/div><div class=\"line\"><\/div><\/div>[vc_column_text css=&#8221;.vc_custom_1627465841804{margin-top: -10px !important;padding-top: 25px !important;padding-bottom: 25px !important;background-color: #004694 !important;}&#8221;]<\/p>\n<p style=\"text-align: center;\"><span style=\"font-family: Lato; font-size: 20px; color: #ffffff;\">Rehabilitaci\u00f3 completa de boca i corones de zirconi.<\/span><\/p>\n<p>[\/vc_column_text][\/vc_column][vc_column css_animation=&#8221;fadeInLeft&#8221; width=&#8221;1\/2&#8243; css=&#8221;.vc_custom_1512138590885{padding-top: 0px !important;padding-bottom: 0px !important;}&#8221;]<div class=\"image-comparison-slider \" style=\"height: 430px;\"><div class=\"new\" style=\"background-image: url(https:\/\/clinicadentalpalazon.com\/wp-content\/uploads\/2021\/07\/caso-2-despues.jpg);\"><\/div><div class=\"resize\"><div class=\"old\" style=\"background-image: url(https:\/\/clinicadentalpalazon.com\/wp-content\/uploads\/2021\/07\/caso-2-antes.jpg);\"><\/div><\/div><div class=\"line\"><\/div><\/div>[vc_column_text css=&#8221;.vc_custom_1632911678217{margin-top: -10px !important;padding-top: 25px !important;padding-bottom: 25px !important;background-color: #004694 !important;}&#8221;]<\/p>\n<p style=\"text-align: center;\"><span style=\"font-family: Lato; font-size: 20px; color: #ffffff;\">Dents en un dia, col\u00b7locaci\u00f3 d&#8217;implants i rehabilitaci\u00f3 completa.<\/span><\/p>\n<p>[\/vc_column_text][\/vc_column][\/vc_row][vc_row equal_height=&#8221;yes&#8221; content_placement=&#8221;middle&#8221; css=&#8221;.vc_custom_1518792039628{margin-bottom: 55px !important;padding-top: 0px !important;padding-bottom: 0px !important;background-color: #ffffff !important;}&#8221;][vc_column css_animation=&#8221;fadeInRight&#8221; width=&#8221;1\/2&#8243; css=&#8221;.vc_custom_1626943100910{padding-top: 0px !important;padding-bottom: 0px !important;}&#8221;]<div class=\"image-comparison-slider \" style=\"height: 430px;\"><div class=\"new\" style=\"background-image: url(https:\/\/clinicadentalpalazon.com\/wp-content\/uploads\/2021\/07\/caso-3-despues.jpg);\"><\/div><div class=\"resize\"><div class=\"old\" style=\"background-image: url(https:\/\/clinicadentalpalazon.com\/wp-content\/uploads\/2021\/07\/caso-3-antes.jpg);\"><\/div><\/div><div class=\"line\"><\/div><\/div>[vc_column_text css=&#8221;.vc_custom_1627464672899{margin-top: -10px !important;padding-top: 25px !important;padding-bottom: 25px !important;background-color: #004694 !important;}&#8221;]<\/p>\n<p style=\"text-align: center;\"><span style=\"font-family: Lato; font-size: 20px; color: #ffffff;\">Rehabilitaci\u00f3 amb carilles de comp\u00f2sit i implant dental. <\/span><\/p>\n<p>[\/vc_column_text][\/vc_column][vc_column css_animation=&#8221;fadeInLeft&#8221; width=&#8221;1\/2&#8243; css=&#8221;.vc_custom_1512138590885{padding-top: 0px !important;padding-bottom: 0px !important;}&#8221;]<div class=\"image-comparison-slider \" style=\"height: 430px;\"><div class=\"new\" style=\"background-image: url(https:\/\/clinicadentalpalazon.com\/wp-content\/uploads\/2021\/07\/caso-4-despues.jpg);\"><\/div><div class=\"resize\"><div class=\"old\" style=\"background-image: url(https:\/\/clinicadentalpalazon.com\/wp-content\/uploads\/2021\/07\/caso-4-antes.jpg);\"><\/div><\/div><div class=\"line\"><\/div><\/div>[vc_column_text css=&#8221;.vc_custom_1627464752218{margin-top: -10px !important;padding-top: 25px !important;padding-bottom: 25px !important;background-color: #004694 !important;}&#8221;]<\/p>\n<p style=\"text-align: center;\"><span style=\"font-family: Lato; font-size: 20px; color: #ffffff;\">Rehabilitaci\u00f3 completa amb zirconi.<\/span><\/p>\n<p>[\/vc_column_text][\/vc_column][\/vc_row][vc_row equal_height=&#8221;yes&#8221; content_placement=&#8221;middle&#8221; css=&#8221;.vc_custom_1518792039628{margin-bottom: 55px !important;padding-top: 0px !important;padding-bottom: 0px !important;background-color: #ffffff !important;}&#8221;][vc_column css_animation=&#8221;fadeInRight&#8221; width=&#8221;1\/2&#8243; css=&#8221;.vc_custom_1626943100910{padding-top: 0px !important;padding-bottom: 0px !important;}&#8221;]<div class=\"image-comparison-slider \" style=\"height: 430px;\"><div class=\"new\" style=\"background-image: url(https:\/\/clinicadentalpalazon.com\/wp-content\/uploads\/2021\/07\/caso-5-despue\u0301s.jpg);\"><\/div><div class=\"resize\"><div class=\"old\" style=\"background-image: url(https:\/\/clinicadentalpalazon.com\/wp-content\/uploads\/2021\/07\/caso-5-antes.jpg);\"><\/div><\/div><div class=\"line\"><\/div><\/div>[vc_column_text css=&#8221;.vc_custom_1627465855408{margin-top: -10px !important;padding-top: 25px !important;padding-bottom: 25px !important;background-color: #004694 !important;}&#8221;]<\/p>\n<p style=\"text-align: center;\"><span style=\"font-family: Lato; font-size: 20px; color: #ffffff;\">Combinaci\u00f3 de tractaments de period\u00f2ncia, carilles de compost i zirconi.<\/span><\/p>\n<p>[\/vc_column_text][\/vc_column][vc_column css_animation=&#8221;fadeInLeft&#8221; width=&#8221;1\/2&#8243; css=&#8221;.vc_custom_1512138590885{padding-top: 0px !important;padding-bottom: 0px !important;}&#8221;]<div class=\"image-comparison-slider \" style=\"height: 430px;\"><div class=\"new\" style=\"background-image: url(https:\/\/clinicadentalpalazon.com\/wp-content\/uploads\/2021\/08\/casoclinico-despues.jpg);\"><\/div><div class=\"resize\"><div class=\"old\" style=\"background-image: url(https:\/\/clinicadentalpalazon.com\/wp-content\/uploads\/2021\/08\/casoclinico-antes.jpg);\"><\/div><\/div><div class=\"line\"><\/div><\/div>[vc_column_text css=&#8221;.vc_custom_1627465007908{margin-top: -10px !important;padding-top: 25px !important;padding-bottom: 25px !important;background-color: #004694 !important;}&#8221;]<\/p>\n<p style=\"text-align: center;\"><span style=\"font-family: Lato; font-size: 20px; color: #ffffff;\">Rehabilitaci\u00f3 completa amb DDS (Disseny Digital del Somriure) i odontologia m\u00ednimament invasiva sense desgast de les dents naturals.<\/span><\/p>\n<p>[\/vc_column_text][\/vc_column][\/vc_row][vc_row full_width=&#8221;stretch_row_content&#8221; parallax=&#8221;content-moving-fade&#8221; parallax_speed_bg=&#8221;4&#8243; css_animation=&#8221;fadeInUp&#8221; background_position=&#8221;center center&#8221; css=&#8221;.vc_custom_1625500645590{margin-top: 25px !important;padding-top: 25px !important;background-color: #e6e6e6 !important;}&#8221;][vc_column][vc_custom_heading text=&#8221;TENS ALGUN DUBTE? EXPLICA\u2019NS-HO.<\/p>\n<h6>Si tens dubtes o ens vols explicar el teu cas, telefona\u2019ns. Si ets m\u00e9s digital, pots demanar cita aqu\u00ed mateix:<\/h6>\n<p>&#8221; font_container=&#8221;tag:h3|text_align:left|color:%23000000&#8243; use_theme_fonts=&#8221;yes&#8221; decor_line=&#8221;&#8221; el_id=&#8221;titulo_siguemedia&#8221;][vc_column_text el_id=&#8221;formulario_siguemedia&#8221;]<\/p>\n<p style=\"text-align: center;\">\n<div class=\"wpcf7 no-js\" id=\"wpcf7-f2949-o1\" lang=\"es-ES\" dir=\"ltr\">\n<div class=\"screen-reader-response\"><p role=\"status\" aria-live=\"polite\" aria-atomic=\"true\"><\/p> <ul><\/ul><\/div>\n<form action=\"\/ca\/wp-json\/wp\/v2\/pages\/2848#wpcf7-f2949-o1\" method=\"post\" class=\"wpcf7-form init\" aria-label=\"Formulario de contacto\" novalidate=\"novalidate\" data-status=\"init\">\n<div style=\"display: none;\">\n<input type=\"hidden\" name=\"_wpcf7\" value=\"2949\" \/>\n<input type=\"hidden\" name=\"_wpcf7_version\" value=\"5.9.3\" \/>\n<input type=\"hidden\" name=\"_wpcf7_locale\" value=\"es_ES\" \/>\n<input type=\"hidden\" name=\"_wpcf7_unit_tag\" value=\"wpcf7-f2949-o1\" \/>\n<input type=\"hidden\" name=\"_wpcf7_container_post\" value=\"0\" \/>\n<input type=\"hidden\" name=\"_wpcf7_posted_data_hash\" value=\"\" \/>\n<input type=\"hidden\" name=\"_wpcf7_recaptcha_response\" value=\"\" \/>\n<\/div>\n<div class=\"form-b row\">\n\t<div class=\"col-xs-12 col-sm-6 col-md-4\">\n\t\t<p><span class=\"wpcf7-form-control-wrap\" data-name=\"f-name\"><input size=\"40\" class=\"wpcf7-form-control wpcf7-text style1\" aria-invalid=\"false\" placeholder=\"Nom\" value=\"\" type=\"text\" name=\"f-name\" \/><\/span><span class=\"wpcf7-form-control-wrap\" data-name=\"f-mail\"><input size=\"40\" class=\"wpcf7-form-control wpcf7-text style1\" aria-invalid=\"false\" placeholder=\"Correu electr\u00f3nic\" value=\"\" type=\"text\" name=\"f-mail\" \/><\/span><span class=\"wpcf7-form-control-wrap\" data-name=\"f-phone\"><input size=\"40\" class=\"wpcf7-form-control wpcf7-text style1\" aria-invalid=\"false\" placeholder=\"Tel\u00e8fon\" value=\"\" type=\"text\" name=\"f-phone\" \/><\/span>\n\t\t<\/p>\n\t<\/div>\n\t<div class=\"col-xs-12 col-md-4\">\n\t\t<p><span class=\"wpcf7-form-control-wrap\" data-name=\"f-text\"><textarea cols=\"40\" rows=\"5\" class=\"wpcf7-form-control wpcf7-textarea style1\" aria-invalid=\"false\" placeholder=\"En qu\u00e8 podem ajudar-te?\" name=\"f-text\"><\/textarea><\/span>\n\t\t<\/p>\n\t\t<div class=\"acheck\">\n\t\t\t<p><span class=\"wpcf7-form-control-wrap\" data-name=\"acceptance-377\"><span class=\"wpcf7-form-control wpcf7-acceptance\"><span class=\"wpcf7-list-item\"><input type=\"checkbox\" name=\"acceptance-377\" value=\"1\" aria-invalid=\"false\" \/><\/span><\/span><\/span><label style=\"color:#000000\">Acepto la <a href=\"https:\/\/clinicadentalpalazon.com\/ca\/politica-de-privacitat\/\" target=\"_blank\">Pol\u00edtica de Privacitat<\/a><\/label>\n\t\t\t<\/p>\n\t\t<\/div>\n\t\t<p><span class=\"wpcf7-form-control-wrap\" data-name=\"hcap-cf7\">\t\t<input\n\t\t\t\ttype=\"hidden\"\n\t\t\t\tclass=\"hcaptcha-widget-id\"\n\t\t\t\tname=\"hcaptcha-widget-id\"\n\t\t\t\tvalue=\"eyJzb3VyY2UiOlsiY29udGFjdC1mb3JtLTdcL3dwLWNvbnRhY3QtZm9ybS03LnBocCJdLCJmb3JtX2lkIjoyOTQ5fQ==-70a119cf3639b522a47955420e5a47bb\">\n\t\t\t\t<span id=\"hcap_cf7-69e74b3c2fc397.21845652\" class=\"wpcf7-form-control h-captcha \"\n\t\t\tdata-sitekey=\"50ec7008-d9e2-4bc6-ad50-449ca57808f6\"\n\t\t\tdata-theme=\"light\"\n\t\t\tdata-size=\"normal\"\n\t\t\tdata-auto=\"false\"\n\t\t\tdata-force=\"false\">\n\t\t<\/span>\n\t\t<input type=\"hidden\" id=\"_wpnonce\" name=\"_wpnonce\" value=\"38d06c818c\" \/><input type=\"hidden\" name=\"_wp_http_referer\" value=\"\/ca\/wp-json\/wp\/v2\/pages\/2848\" \/><\/span><input type=\"submit\" style=\"background-color: #14438f;\" value=\"ENVIAR\" class=\"wpcf7-form-control wpcf7-submit button-style1\" disabled=\"\" \/>\n\t\t<\/p>\n\t<\/div>\n<\/div><div class=\"wpcf7-response-output\" aria-hidden=\"true\"><\/div>\n<\/form>\n<\/div>\n<p>[\/vc_column_text][\/vc_column][\/vc_row]<\/p>\n<\/div>","protected":false},"excerpt":{"rendered":"<p>[vc_row full_width=&#8221;stretch_row_content_no_spaces&#8221;][vc_column][\/vc_column][\/vc_row][vc_row css_animation=&#8221;fadeInUp&#8221; css=&#8221;.vc_custom_1621939020312{margin-top: 40px !important;}&#8221;][vc_column][vc_custom_heading text=&#8221;CASOS CL\u00cdNICS&#8221; font_container=&#8221;tag:h2|text_align:center|color:%2308b2b1&#8243; google_fonts=&#8221;font_family:Lato%3A100%2C100italic%2C300%2C300italic%2Cregular%2Citalic%2C700%2C700italic%2C900%2C900italic|font_style:300%20light%20regular%3A300%3Anormal&#8221; decor_line=&#8221;&#8221;][vc_empty_space height=&#8221;15px&#8221;][vc_column_text] Al llarg de tots aquests anys hem millorat el somriure de moltes persones, sempre mitjan\u00e7ant tractaments poc invasius i respectant al m\u00e0xim les dents naturals. Aquests s\u00f3n alguns dels tractaments que hem realitzat en la nostra cl\u00ednica. Ells ja han abandonat les excuses [&hellip;]<\/p>\n","protected":false},"author":1,"featured_media":2768,"parent":0,"menu_order":0,"comment_status":"closed","ping_status":"closed","template":"template-landing.php","meta":{"_acf_changed":false,"footnotes":""},"acf":[],"yoast_head":"<!-- This site is optimized with the Yoast SEO plugin v22.4 - https:\/\/yoast.com\/wordpress\/plugins\/seo\/ -->\n<title>Casos Cl\u00ednics - Cl\u00ednica Dental Palaz\u00f3n<\/title>\n<meta name=\"description\" content=\"Aquests s\u00f3n alguns dels tractaments que hem realitzat en la nostra cl\u00ednica. Ells ja han abandonat les excuses i tornen a somriure. I tu?\" \/>\n<meta name=\"robots\" content=\"index, follow, max-snippet:-1, max-image-preview:large, max-video-preview:-1\" \/>\n<link rel=\"canonical\" href=\"https:\/\/clinicadentalpalazon.com\/ca\/casos-clinics\/\" \/>\n<meta property=\"og:locale\" content=\"ca_ES\" \/>\n<meta property=\"og:type\" content=\"article\" \/>\n<meta property=\"og:title\" content=\"Casos Cl\u00ednics - Cl\u00ednica Dental Palaz\u00f3n\" \/>\n<meta property=\"og:description\" content=\"Aquests s\u00f3n alguns dels tractaments que hem realitzat en la nostra cl\u00ednica. Ells ja han abandonat les excuses i tornen a somriure. I tu?\" \/>\n<meta property=\"og:url\" content=\"https:\/\/clinicadentalpalazon.com\/ca\/casos-clinics\/\" \/>\n<meta property=\"og:site_name\" content=\"Cl\u00ednica Dental Palaz\u00f3n\" \/>\n<meta property=\"article:modified_time\" content=\"2022-03-14T10:18:10+00:00\" \/>\n<meta property=\"og:image\" content=\"https:\/\/clinicadentalpalazon.com\/wp-content\/uploads\/2021\/07\/caso-2-despues.jpg\" \/>\n\t<meta property=\"og:image:width\" content=\"893\" \/>\n\t<meta property=\"og:image:height\" content=\"494\" \/>\n\t<meta property=\"og:image:type\" content=\"image\/jpeg\" \/>\n<meta name=\"twitter:card\" content=\"summary_large_image\" \/>\n<meta name=\"twitter:label1\" content=\"Temps estimat de lectura\" \/>\n\t<meta name=\"twitter:data1\" content=\"3 minuts\" \/>\n<script type=\"application\/ld+json\" class=\"yoast-schema-graph\">{\"@context\":\"https:\/\/schema.org\",\"@graph\":[{\"@type\":\"WebPage\",\"@id\":\"https:\/\/clinicadentalpalazon.com\/ca\/casos-clinics\/\",\"url\":\"https:\/\/clinicadentalpalazon.com\/ca\/casos-clinics\/\",\"name\":\"Casos Cl\u00ednics - Cl\u00ednica Dental Palaz\u00f3n\",\"isPartOf\":{\"@id\":\"https:\/\/clinicadentalpalazon.com\/#website\"},\"primaryImageOfPage\":{\"@id\":\"https:\/\/clinicadentalpalazon.com\/ca\/casos-clinics\/#primaryimage\"},\"image\":{\"@id\":\"https:\/\/clinicadentalpalazon.com\/ca\/casos-clinics\/#primaryimage\"},\"thumbnailUrl\":\"https:\/\/clinicadentalpalazon.com\/wp-content\/uploads\/2021\/07\/caso-2-despues.jpg\",\"datePublished\":\"2022-02-25T16:14:57+00:00\",\"dateModified\":\"2022-03-14T10:18:10+00:00\",\"description\":\"Aquests s\u00f3n alguns dels tractaments que hem realitzat en la nostra cl\u00ednica. Ells ja han abandonat les excuses i tornen a somriure. I tu?\",\"breadcrumb\":{\"@id\":\"https:\/\/clinicadentalpalazon.com\/ca\/casos-clinics\/#breadcrumb\"},\"inLanguage\":\"ca\",\"potentialAction\":[{\"@type\":\"ReadAction\",\"target\":[\"https:\/\/clinicadentalpalazon.com\/ca\/casos-clinics\/\"]}]},{\"@type\":\"ImageObject\",\"inLanguage\":\"ca\",\"@id\":\"https:\/\/clinicadentalpalazon.com\/ca\/casos-clinics\/#primaryimage\",\"url\":\"https:\/\/clinicadentalpalazon.com\/wp-content\/uploads\/2021\/07\/caso-2-despues.jpg\",\"contentUrl\":\"https:\/\/clinicadentalpalazon.com\/wp-content\/uploads\/2021\/07\/caso-2-despues.jpg\",\"width\":893,\"height\":494},{\"@type\":\"BreadcrumbList\",\"@id\":\"https:\/\/clinicadentalpalazon.com\/ca\/casos-clinics\/#breadcrumb\",\"itemListElement\":[{\"@type\":\"ListItem\",\"position\":1,\"name\":\"Portada\",\"item\":\"https:\/\/clinicadentalpalazon.com\/ca\/clinica-dental-palazon\/\"},{\"@type\":\"ListItem\",\"position\":2,\"name\":\"Casos Cl\u00ednics\"}]},{\"@type\":\"WebSite\",\"@id\":\"https:\/\/clinicadentalpalazon.com\/#website\",\"url\":\"https:\/\/clinicadentalpalazon.com\/\",\"name\":\"Cl\u00ednica Dental Palaz\u00f3n\",\"description\":\"Cl\u00ednica dental en Tarragona\",\"potentialAction\":[{\"@type\":\"SearchAction\",\"target\":{\"@type\":\"EntryPoint\",\"urlTemplate\":\"https:\/\/clinicadentalpalazon.com\/?s={search_term_string}\"},\"query-input\":\"required name=search_term_string\"}],\"inLanguage\":\"ca\"}]}<\/script>\n<!-- \/ Yoast SEO plugin. -->","yoast_head_json":{"title":"Casos Cl\u00ednics - Cl\u00ednica Dental Palaz\u00f3n","description":"Aquests s\u00f3n alguns dels tractaments que hem realitzat en la nostra cl\u00ednica. Ells ja han abandonat les excuses i tornen a somriure. I tu?","robots":{"index":"index","follow":"follow","max-snippet":"max-snippet:-1","max-image-preview":"max-image-preview:large","max-video-preview":"max-video-preview:-1"},"canonical":"https:\/\/clinicadentalpalazon.com\/ca\/casos-clinics\/","og_locale":"ca_ES","og_type":"article","og_title":"Casos Cl\u00ednics - Cl\u00ednica Dental Palaz\u00f3n","og_description":"Aquests s\u00f3n alguns dels tractaments que hem realitzat en la nostra cl\u00ednica. Ells ja han abandonat les excuses i tornen a somriure. I tu?","og_url":"https:\/\/clinicadentalpalazon.com\/ca\/casos-clinics\/","og_site_name":"Cl\u00ednica Dental Palaz\u00f3n","article_modified_time":"2022-03-14T10:18:10+00:00","og_image":[{"width":893,"height":494,"url":"https:\/\/clinicadentalpalazon.com\/wp-content\/uploads\/2021\/07\/caso-2-despues.jpg","type":"image\/jpeg"}],"twitter_card":"summary_large_image","twitter_misc":{"Temps estimat de lectura":"3 minuts"},"schema":{"@context":"https:\/\/schema.org","@graph":[{"@type":"WebPage","@id":"https:\/\/clinicadentalpalazon.com\/ca\/casos-clinics\/","url":"https:\/\/clinicadentalpalazon.com\/ca\/casos-clinics\/","name":"Casos Cl\u00ednics - Cl\u00ednica Dental Palaz\u00f3n","isPartOf":{"@id":"https:\/\/clinicadentalpalazon.com\/#website"},"primaryImageOfPage":{"@id":"https:\/\/clinicadentalpalazon.com\/ca\/casos-clinics\/#primaryimage"},"image":{"@id":"https:\/\/clinicadentalpalazon.com\/ca\/casos-clinics\/#primaryimage"},"thumbnailUrl":"https:\/\/clinicadentalpalazon.com\/wp-content\/uploads\/2021\/07\/caso-2-despues.jpg","datePublished":"2022-02-25T16:14:57+00:00","dateModified":"2022-03-14T10:18:10+00:00","description":"Aquests s\u00f3n alguns dels tractaments que hem realitzat en la nostra cl\u00ednica. Ells ja han abandonat les excuses i tornen a somriure. I tu?","breadcrumb":{"@id":"https:\/\/clinicadentalpalazon.com\/ca\/casos-clinics\/#breadcrumb"},"inLanguage":"ca","potentialAction":[{"@type":"ReadAction","target":["https:\/\/clinicadentalpalazon.com\/ca\/casos-clinics\/"]}]},{"@type":"ImageObject","inLanguage":"ca","@id":"https:\/\/clinicadentalpalazon.com\/ca\/casos-clinics\/#primaryimage","url":"https:\/\/clinicadentalpalazon.com\/wp-content\/uploads\/2021\/07\/caso-2-despues.jpg","contentUrl":"https:\/\/clinicadentalpalazon.com\/wp-content\/uploads\/2021\/07\/caso-2-despues.jpg","width":893,"height":494},{"@type":"BreadcrumbList","@id":"https:\/\/clinicadentalpalazon.com\/ca\/casos-clinics\/#breadcrumb","itemListElement":[{"@type":"ListItem","position":1,"name":"Portada","item":"https:\/\/clinicadentalpalazon.com\/ca\/clinica-dental-palazon\/"},{"@type":"ListItem","position":2,"name":"Casos Cl\u00ednics"}]},{"@type":"WebSite","@id":"https:\/\/clinicadentalpalazon.com\/#website","url":"https:\/\/clinicadentalpalazon.com\/","name":"Cl\u00ednica Dental Palaz\u00f3n","description":"Cl\u00ednica dental en Tarragona","potentialAction":[{"@type":"SearchAction","target":{"@type":"EntryPoint","urlTemplate":"https:\/\/clinicadentalpalazon.com\/?s={search_term_string}"},"query-input":"required name=search_term_string"}],"inLanguage":"ca"}]}},"_links":{"self":[{"href":"https:\/\/clinicadentalpalazon.com\/ca\/wp-json\/wp\/v2\/pages\/2848"}],"collection":[{"href":"https:\/\/clinicadentalpalazon.com\/ca\/wp-json\/wp\/v2\/pages"}],"about":[{"href":"https:\/\/clinicadentalpalazon.com\/ca\/wp-json\/wp\/v2\/types\/page"}],"author":[{"embeddable":true,"href":"https:\/\/clinicadentalpalazon.com\/ca\/wp-json\/wp\/v2\/users\/1"}],"replies":[{"embeddable":true,"href":"https:\/\/clinicadentalpalazon.com\/ca\/wp-json\/wp\/v2\/comments?post=2848"}],"version-history":[{"count":4,"href":"https:\/\/clinicadentalpalazon.com\/ca\/wp-json\/wp\/v2\/pages\/2848\/revisions"}],"predecessor-version":[{"id":2953,"href":"https:\/\/clinicadentalpalazon.com\/ca\/wp-json\/wp\/v2\/pages\/2848\/revisions\/2953"}],"wp:featuredmedia":[{"embeddable":true,"href":"https:\/\/clinicadentalpalazon.com\/ca\/wp-json\/wp\/v2\/media\/2768"}],"wp:attachment":[{"href":"https:\/\/clinicadentalpalazon.com\/ca\/wp-json\/wp\/v2\/media?parent=2848"}],"curies":[{"name":"wp","href":"https:\/\/api.w.org\/{rel}","templated":true}]}}